{"id":3,"date":"2022-06-03T14:33:15","date_gmt":"2022-06-03T14:33:15","guid":{"rendered":"https:\/\/hftarbitrageplatform.com\/?page_id=3"},"modified":"2024-03-19T08:51:16","modified_gmt":"2024-03-19T12:51:16","slug":"datenschutzbestimmungen","status":"publish","type":"page","link":"https:\/\/hftarbitrageplatform.com\/de\/privacy-policy\/","title":{"rendered":"Bedingungen und Konditionen"},"content":{"rendered":"<p><\/p>\n\n\n\n<p>Sie stimmen zu, dass HFTArbitragePlatfrom nicht f\u00fcr Verluste oder Sch\u00e4den haftet, die Ihnen im Zusammenhang mit unserer Website HFTArbitragePlatfrom.com entstehen oder zugef\u00fcgt werden.<\/p>\n\n\n\n<p>Diese Vereinbarung wird erst mit dem Datum der Genehmigung Ihres Kaufs wirksam.<\/p>\n\n\n\n<p>HFTArbitragePlatfrom.com<strong> <\/strong>hat das Recht, gegen\u00fcber Verbrauchern und Kreditauskunfteien jeden geschuldeten Betrag oder negative Bonit\u00e4tsausk\u00fcnfte im Zusammenhang mit dem Kauf unserer Produkte zu melden.&nbsp;<\/p>\n\n\n\n<p>HFTArbitragePlatfrom.com<\/p>\n\n\n\n<p>HFTArbitragePlatfrom.com hat das Recht, den Kauf eines Produkts aus jeglichem Grund, den unsere Mitarbeiter f\u00fcr angemessen halten, abzulehnen.<\/p>\n\n\n\n<p>HFTArbitragePlatfrom.com kann jegliche oder mehrere Dienste und Anspr\u00fcche aus dieser Vereinbarung aus beliebigem Grund und zu jeder Zeit k\u00fcndigen<\/p>\n\n\n\n<p>Sie stimmen zu, dass HFTArbitragePlatfrom.com Ihnen oder Dritten gegen\u00fcber nicht f\u00fcr Verluste haftbar gemacht wird, die durch Umst\u00e4nde verursacht werden, die vern\u00fcnftigerweise au\u00dferhalb unserer Kontrolle liegen. Dazu geh\u00f6ren unter anderem staatliche Beschr\u00e4nkungen, schwere Wetterbedingungen, Streiks, Kriege, terroristische Anschl\u00e4ge, B\u00f6rsen- oder Marktentcheidungen, Naturkatastrophen, Kommunikationsunterbrechungen, St\u00f6rungen des Handels an einem Markt oder einer B\u00f6rse oder unbefugter oder unterbrochener Zugriff und Bedienungsfehler.&nbsp;<\/p>\n\n\n\n<p>Sie stimmen zu, dass HFTArbitragePlatfrom.com nicht f\u00fcr Sch\u00e4den oder Verluste haftbar gemacht wird, die Ihnen oder Dritten aus irgendeinem Grund entstehen, einschlie\u00dflich entgangener Gewinne, \u00e4hnlicher Sch\u00e4den oder Handelsverluste.&nbsp;&nbsp;<\/p>\n\n\n\n<p>Wenn Sie Produkte von HFTArbitragePlatfrom erwerben und den nachstehenden Bestimmungen zustimmen, erkl\u00e4ren Sie sich auch damit einverstanden, jegliche oder alle Mitteilungen von HFTArbitragePlatfrom.com \u00fcber das Internet und\/oder per E-Mail zu erhalten. Dies kann, ist aber nicht zwingend erforderlich, Transaktionsbest\u00e4tigungen, Finanzberichte, Mitteilungen \u00fcber \u00c4nderungen dieser Vereinbarung, Kaufbelege und andere grundlegende Mitteilungen beinhalten.<\/p>\n\n\n\n<p>Wenn Sie Produkte von HFTArbitragePlatfrom kaufen m\u00f6chten<strong>, <\/strong>Jegliche \u00fcber das Internet oder per E-Mail empfangene Mitteilungen m\u00fcssen umgehend empfangen und gelesen werden. Jegliche Mitteilungen, die von INSERT WEBSITE NAME HERE gesendet werden, gelten als von Ihnen empfangen und gelesen. Sollten Sie Ihre Kommunikationsadresse \u00e4ndern, erkl\u00e4ren Sie sich damit einverstanden, uns umgehend dar\u00fcber zu informieren und die Verantwortung f\u00fcr verpasste Mitteilungen bei Verlust von E-Mails zu \u00fcbernehmen.<br>Mit der Unterzeichnung dieser Vereinbarung erkl\u00e4ren Sie sich damit einverstanden, dass Sie bei Problemen oder Auslassungen bei Transaktionen oder anderen Mitteilungen mit HFTArbitragePlatfrom.com HFTArbitragePlatfrom.com kontaktieren werden.<strong> <\/strong>Wenn Sie keine Benachrichtigung oder Anerkennung von Fehlern in irgendeiner Form geben, wird davon ausgegangen, dass alle an Sie verteilten Informationen und alle Transaktionen korrekt ausgef\u00fchrt und abgewickelt wurden.<\/p>\n\n\n\n<h3 class=\"wp-block-heading\"><strong>Marketingerlaubnis<\/strong><\/h3>\n\n\n\n<p>Wenn Sie E-Mails von HFTArbitragePlatfrom erhalten, abonnieren Sie den HFTArbitragePlatfrom-Newsletter. Sie willigen ein, dass wir Sie per E-Mail unter Verwendung der von Ihnen in diesem Formular angegebenen Informationen zu Nachrichten, Updates und Marketing kontaktieren d\u00fcrfen.<\/p>\n\n\n\n<p><strong>Was zu erwarten ist<\/strong>Wenn Sie Ihre Zustimmung widerrufen und keine weiteren Nachrichten von uns erhalten m\u00f6chten, klicken Sie einfach auf den Abmeldelink am Ende jeder E-Mail, die wir senden, oder kontaktieren Sie uns unter support@hftarbitrageplatfrom.com oder\/und support@hftforexcopier.com. Wir sch\u00e4tzen und respektieren Ihre pers\u00f6nlichen Daten und Ihre Privatsph\u00e4re. Durch die \u00dcbermittlung dieses Formulars erkl\u00e4ren Sie sich damit einverstanden, dass wir Ihre Informationen gem\u00e4\u00df diesen Bedingungen verarbeiten d\u00fcrfen.<\/p>\n\n\n\n<h4 class=\"wp-block-heading\">1. Frequenz<\/h4>\n\n\n\n<p>Die Frequenz der Newsletter-Ausgaben wird h\u00f6chstens 1 pro Woche betragen.&nbsp;<\/p>\n\n\n\n<h4 class=\"wp-block-heading\">2. Haftungsbeschr\u00e4nkung<\/h4>\n\n\n\n<p>Wir behalten uns das alleinige Recht vor, den Newsletter jederzeit mit oder ohne Benachrichtigung an Sie zu \u00e4ndern oder einzustellen. Wir haften Ihnen oder Dritten gegen\u00fcber nicht, falls wir dieses Recht aus\u00fcben. Jegliche neuen Funktionen, die die dann aktuellen Dienste auf dieser Website erweitern oder verbessern, unterliegen ebenfalls diesen Nutzungsbedingungen.<\/p>\n\n\n\n<p>Wir behalten uns das alleinige Recht vor, Benutzer\/Besucher aus unserem Newsletter-Dienst ohne Vorank\u00fcndigung abzumelden. Wir werden dies mit jedem Abonnenten tun, bei dem wir der Meinung sind, dass er sich mit gef\u00e4lschten Daten registriert hat.&nbsp;<\/p>\n\n\n\n<h4 class=\"wp-block-heading\">3. Datenschutzbestimmungen<\/h4>\n\n\n\n<p>Wir werden Ihre Adresse nicht weitergeben \/ verbreiten \/ ver\u00f6ffentlichen oder anderweitig preisgeben. Sie k\u00f6nnen Ihre Abonnement-Einstellungen jederzeit \u00e4ndern oder es ganz l\u00f6schen.<\/p>\n\n\n\n<p>4. Haftungsausschluss<\/p>\n\n\n\n<p>HFTArbitragePlatform kann keine Kunden aus Afghanistan, Kongo, Iran, Irak, Myanmar, Nordkorea, Pal\u00e4stina, Russland, Somalia, Sudan, Syrien, Jemen oder den Vereinigten Staaten von Amerika und seinen Territorien annehmen. Die Informationen auf dieser Website sind nicht als Anreiz, Angebot oder Aufforderung an Personen in L\u00e4ndern oder Gerichtsbarkeiten gedacht, in denen eine solche Verbreitung oder Nutzung im Widerspruch zu lokalen Gesetzen oder Vorschriften st\u00fcnde.<\/p>\n\n\n\n<h2 class=\"wp-block-heading\">Brauchen Sie Hilfe?<\/h2>\n\n\n\n<p><a href=\"https:\/\/hftarbitrageplatform.com\/de\/kontakt\/\">Kontakt<\/a>&nbsp;f\u00fcr Fragen zu den Allgemeinen Gesch\u00e4ftsbedingungen.<\/p>","protected":false},"excerpt":{"rendered":"<p>You agree that HFTArbitragePlatfrom shall not be liable for any losses or damages that you might incur or suffer in relation to our website HFTArbitragePlatfrom.com This Agreement will only be effective only at the date of approval of your purchase. HFTArbitragePlatfrom.com has the right to report to consumers and credit reporting agencies of any debit [&#8230;]<\/p>\n<p><a class=\"btn btn-secondary conversions-read-more-link\" href=\"https:\/\/hftarbitrageplatform.com\/de\/privacy-policy\/\">Read More&#8230;<\/a><\/p>\n","protected":false},"author":1,"featured_media":0,"parent":0,"menu_order":0,"comment_status":"closed","ping_status":"open","template":"","meta":{"_acf_changed":false,"footnotes":""},"class_list":["post-3","page","type-page","status-publish","hentry"],"acf":[],"yoast_head":"<!-- This site is optimized with the Yoast SEO plugin v27.6 - https:\/\/yoast.com\/product\/yoast-seo-wordpress\/ -->\n<title>Terms and conditions - HFT Arbitrage Platform -Arbitrage Software for Forex &amp; Cryptocurrencies Markets<\/title>\n<meta name=\"robots\" content=\"index, follow, max-snippet:-1, max-image-preview:large, max-video-preview:-1\" \/>\n<link rel=\"canonical\" href=\"https:\/\/hftarbitrageplatform.com\/de\/datenschutzbestimmungen\/\" \/>\n<meta property=\"og:locale\" content=\"de_DE\" \/>\n<meta property=\"og:type\" content=\"article\" \/>\n<meta property=\"og:title\" content=\"Terms and conditions - HFT Arbitrage Platform -Arbitrage Software for Forex &amp; Cryptocurrencies Markets\" \/>\n<meta property=\"og:description\" content=\"You agree that HFTArbitragePlatfrom shall not be liable for any losses or damages that you might incur or suffer in relation to our website HFTArbitragePlatfrom.com This Agreement will only be effective only at the date of approval of your purchase. HFTArbitragePlatfrom.com has the right to report to consumers and credit reporting agencies of any debit [...]Read More...\" \/>\n<meta property=\"og:url\" content=\"https:\/\/hftarbitrageplatform.com\/de\/datenschutzbestimmungen\/\" \/>\n<meta property=\"og:site_name\" content=\"HFT Arbitrage Platform -Arbitrage Software for Forex &amp; Cryptocurrencies Markets\" \/>\n<meta property=\"article:modified_time\" content=\"2024-03-19T12:51:16+00:00\" \/>\n<meta name=\"twitter:card\" content=\"summary_large_image\" \/>\n<meta name=\"twitter:label1\" content=\"Gesch\u00e4tzte Lesezeit\" \/>\n\t<meta name=\"twitter:data1\" content=\"4\u00a0Minuten\" \/>\n<script type=\"application\/ld+json\" class=\"yoast-schema-graph\">{\"@context\":\"https:\\\/\\\/schema.org\",\"@graph\":[{\"@type\":\"WebPage\",\"@id\":\"https:\\\/\\\/hftarbitrageplatform.com\\\/privacy-policy\\\/\",\"url\":\"https:\\\/\\\/hftarbitrageplatform.com\\\/privacy-policy\\\/\",\"name\":\"Terms and conditions - HFT Arbitrage Platform -Arbitrage Software for Forex &amp; Cryptocurrencies Markets\",\"isPartOf\":{\"@id\":\"https:\\\/\\\/hftarbitrageplatform.com\\\/#website\"},\"datePublished\":\"2022-06-03T14:33:15+00:00\",\"dateModified\":\"2024-03-19T12:51:16+00:00\",\"breadcrumb\":{\"@id\":\"https:\\\/\\\/hftarbitrageplatform.com\\\/privacy-policy\\\/#breadcrumb\"},\"inLanguage\":\"de\",\"potentialAction\":[{\"@type\":\"ReadAction\",\"target\":[\"https:\\\/\\\/hftarbitrageplatform.com\\\/privacy-policy\\\/\"]}]},{\"@type\":\"BreadcrumbList\",\"@id\":\"https:\\\/\\\/hftarbitrageplatform.com\\\/privacy-policy\\\/#breadcrumb\",\"itemListElement\":[{\"@type\":\"ListItem\",\"position\":1,\"name\":\"Home\",\"item\":\"https:\\\/\\\/hftarbitrageplatform.com\\\/\"},{\"@type\":\"ListItem\",\"position\":2,\"name\":\"Terms and conditions\"}]},{\"@type\":\"WebSite\",\"@id\":\"https:\\\/\\\/hftarbitrageplatform.com\\\/#website\",\"url\":\"https:\\\/\\\/hftarbitrageplatform.com\\\/\",\"name\":\"HFT Arbitrage Platform -Arbitrage Software for Forex &amp; Cryptocurrencies Markets\",\"description\":\"Multi-platforms and Multi-Strategies HFT Arbitrage Bot\",\"publisher\":{\"@id\":\"https:\\\/\\\/hftarbitrageplatform.com\\\/#organization\"},\"potentialAction\":[{\"@type\":\"SearchAction\",\"target\":{\"@type\":\"EntryPoint\",\"urlTemplate\":\"https:\\\/\\\/hftarbitrageplatform.com\\\/?s={search_term_string}\"},\"query-input\":{\"@type\":\"PropertyValueSpecification\",\"valueRequired\":true,\"valueName\":\"search_term_string\"}}],\"inLanguage\":\"de\"},{\"@type\":\"Organization\",\"@id\":\"https:\\\/\\\/hftarbitrageplatform.com\\\/#organization\",\"name\":\"HFT Arbitrage Platform -Arbitrage Software for Forex &amp; Cryptocurrencies Markets\",\"url\":\"https:\\\/\\\/hftarbitrageplatform.com\\\/\",\"logo\":{\"@type\":\"ImageObject\",\"inLanguage\":\"de\",\"@id\":\"https:\\\/\\\/hftarbitrageplatform.com\\\/#\\\/schema\\\/logo\\\/image\\\/\",\"url\":\"https:\\\/\\\/i0.wp.com\\\/hftarbitrageplatform.com\\\/wp-content\\\/uploads\\\/2022\\\/06\\\/cropped-hft-arbitrage-platfromLogo.png?fit=500%2C93&ssl=1\",\"contentUrl\":\"https:\\\/\\\/i0.wp.com\\\/hftarbitrageplatform.com\\\/wp-content\\\/uploads\\\/2022\\\/06\\\/cropped-hft-arbitrage-platfromLogo.png?fit=500%2C93&ssl=1\",\"width\":500,\"height\":93,\"caption\":\"HFT Arbitrage Platform -Arbitrage Software for Forex &amp; Cryptocurrencies Markets\"},\"image\":{\"@id\":\"https:\\\/\\\/hftarbitrageplatform.com\\\/#\\\/schema\\\/logo\\\/image\\\/\"}}]}<\/script>\n<!-- \/ Yoast SEO plugin. -->","yoast_head_json":{"title":"AGB - HFT Arbitrage Plattform - Arbitrage-Software f\u00fcr Forex- und Kryptow\u00e4hrungsm\u00e4rkte","robots":{"index":"index","follow":"follow","max-snippet":"max-snippet:-1","max-image-preview":"max-image-preview:large","max-video-preview":"max-video-preview:-1"},"canonical":"https:\/\/hftarbitrageplatform.com\/de\/datenschutzbestimmungen\/","og_locale":"de_DE","og_type":"article","og_title":"Terms and conditions - HFT Arbitrage Platform -Arbitrage Software for Forex &amp; Cryptocurrencies Markets","og_description":"You agree that HFTArbitragePlatfrom shall not be liable for any losses or damages that you might incur or suffer in relation to our website HFTArbitragePlatfrom.com This Agreement will only be effective only at the date of approval of your purchase. HFTArbitragePlatfrom.com has the right to report to consumers and credit reporting agencies of any debit [...]Read More...","og_url":"https:\/\/hftarbitrageplatform.com\/de\/datenschutzbestimmungen\/","og_site_name":"HFT Arbitrage Platform -Arbitrage Software for Forex &amp; Cryptocurrencies Markets","article_modified_time":"2024-03-19T12:51:16+00:00","twitter_card":"summary_large_image","twitter_misc":{"Gesch\u00e4tzte Lesezeit":"4\u00a0Minuten"},"schema":{"@context":"https:\/\/schema.org","@graph":[{"@type":"WebPage","@id":"https:\/\/hftarbitrageplatform.com\/privacy-policy\/","url":"https:\/\/hftarbitrageplatform.com\/privacy-policy\/","name":"AGB - HFT Arbitrage Plattform - Arbitrage-Software f\u00fcr Forex- und Kryptow\u00e4hrungsm\u00e4rkte","isPartOf":{"@id":"https:\/\/hftarbitrageplatform.com\/#website"},"datePublished":"2022-06-03T14:33:15+00:00","dateModified":"2024-03-19T12:51:16+00:00","breadcrumb":{"@id":"https:\/\/hftarbitrageplatform.com\/privacy-policy\/#breadcrumb"},"inLanguage":"de","potentialAction":[{"@type":"ReadAction","target":["https:\/\/hftarbitrageplatform.com\/privacy-policy\/"]}]},{"@type":"BreadcrumbList","@id":"https:\/\/hftarbitrageplatform.com\/privacy-policy\/#breadcrumb","itemListElement":[{"@type":"ListItem","position":1,"name":"Home","item":"https:\/\/hftarbitrageplatform.com\/"},{"@type":"ListItem","position":2,"name":"Terms and conditions"}]},{"@type":"WebSite","@id":"https:\/\/hftarbitrageplatform.com\/#website","url":"https:\/\/hftarbitrageplatform.com\/","name":"HFT Arbitrage Plattform - Arbitrage-Software f\u00fcr Forex- und Kryptow\u00e4hrungsm\u00e4rkte","description":"Multi-Plattformen und Multi-Strategien HFT Arbitrage Bot","publisher":{"@id":"https:\/\/hftarbitrageplatform.com\/#organization"},"potentialAction":[{"@type":"SearchAction","target":{"@type":"EntryPoint","urlTemplate":"https:\/\/hftarbitrageplatform.com\/?s={search_term_string}"},"query-input":{"@type":"PropertyValueSpecification","valueRequired":true,"valueName":"search_term_string"}}],"inLanguage":"de"},{"@type":"Organization","@id":"https:\/\/hftarbitrageplatform.com\/#organization","name":"HFT Arbitrage Plattform - Arbitrage-Software f\u00fcr Forex- und Kryptow\u00e4hrungsm\u00e4rkte","url":"https:\/\/hftarbitrageplatform.com\/","logo":{"@type":"ImageObject","inLanguage":"de","@id":"https:\/\/hftarbitrageplatform.com\/#\/schema\/logo\/image\/","url":"https:\/\/i0.wp.com\/hftarbitrageplatform.com\/wp-content\/uploads\/2022\/06\/cropped-hft-arbitrage-platfromLogo.png?fit=500%2C93&ssl=1","contentUrl":"https:\/\/i0.wp.com\/hftarbitrageplatform.com\/wp-content\/uploads\/2022\/06\/cropped-hft-arbitrage-platfromLogo.png?fit=500%2C93&ssl=1","width":500,"height":93,"caption":"HFT Arbitrage Platform -Arbitrage Software for Forex &amp; Cryptocurrencies Markets"},"image":{"@id":"https:\/\/hftarbitrageplatform.com\/#\/schema\/logo\/image\/"}}]}},"jetpack_sharing_enabled":true,"_links":{"self":[{"href":"https:\/\/hftarbitrageplatform.com\/de\/wp-json\/wp\/v2\/pages\/3","targetHints":{"allow":["GET"]}}],"collection":[{"href":"https:\/\/hftarbitrageplatform.com\/de\/wp-json\/wp\/v2\/pages"}],"about":[{"href":"https:\/\/hftarbitrageplatform.com\/de\/wp-json\/wp\/v2\/types\/page"}],"author":[{"embeddable":true,"href":"https:\/\/hftarbitrageplatform.com\/de\/wp-json\/wp\/v2\/users\/1"}],"replies":[{"embeddable":true,"href":"https:\/\/hftarbitrageplatform.com\/de\/wp-json\/wp\/v2\/comments?post=3"}],"version-history":[{"count":9,"href":"https:\/\/hftarbitrageplatform.com\/de\/wp-json\/wp\/v2\/pages\/3\/revisions"}],"predecessor-version":[{"id":2720,"href":"https:\/\/hftarbitrageplatform.com\/de\/wp-json\/wp\/v2\/pages\/3\/revisions\/2720"}],"wp:attachment":[{"href":"https:\/\/hftarbitrageplatform.com\/de\/wp-json\/wp\/v2\/media?parent=3"}],"curies":[{"name":"WP","href":"https:\/\/api.w.org\/{rel}","templated":true}]}}