{"id":1648,"date":"2025-12-27T12:31:41","date_gmt":"2025-12-27T17:31:41","guid":{"rendered":"https:\/\/hftarbitrageplatform.com\/?post_type=product&#038;p=1648"},"modified":"2025-12-27T12:31:41","modified_gmt":"2025-12-27T17:31:41","slug":"auftrage-quellgrose-randomisierung","status":"publish","type":"product","link":"https:\/\/hftarbitrageplatform.com\/de\/product\/orders-source-size-randomization\/","title":{"rendered":"Randomisierung von Quelle und Gr\u00f6\u00dfe der Bestellung"},"content":{"rendered":"<p>Dieses Modul ist eine Erg\u00e4nzung der HFT Arbitrage-Plattform und kann mit allen verf\u00fcgbaren integrierten Bots verwendet werden: Latency Arbitrage Bot, Hedge Arbitrage Bot, 2-Legs Latency 1, 2, 3 Arbitrage Bots.<\/p>\n<p>Es ist wichtig zu verstehen, dass der Erfolg des Arbitragehandels nicht nur vom Algorithmus der einen oder anderen Arbitragestrategie abh\u00e4ngt, sondern auch vom Algorithmus der Maskierung des Arbitragehandels, der es dem H\u00e4ndler erm\u00f6glicht, f\u00fcr den Dealer unsichtbar zu sein und alle Arten von Plug-ins zu umgehen, wie z.B. <a href=\"https:\/\/hftarbitrageplatform.com\/de\/virtueller-dealer-der-ein-schmutziges-spiel-gegen-sie-spielt\/\" target=\"_blank\" rel=\"noopener\">virtuelle H\u00e4ndler<\/a>.<\/p>\n<p><strong>Randomisierung von Quelle und Gr\u00f6\u00dfe der Bestellung<\/strong> Modul ist f\u00fcr die Tarnung des Arbitragehandels bestimmt und kann bedingt in zwei Teile, in zwei separate Module, aufgeteilt werden:<\/p>\n<ol>\n<li>Die Randomisierung der Auftragsquelle.<\/li>\n<li>Randomisierung der Gr\u00f6\u00dfe der Bestellung<\/li>\n<\/ol>\n<p><strong>Die Randomisierung der Auftragsquelle<\/strong> erm\u00f6glicht die Simulation der Orderquellen: manueller Handel, automatisierter Handel mit Forex-Robotern, Handel \u00fcber das mobile Trading-Terminal, Handel \u00fcber das Web-Terminal und das Signal vom Marktplatz. Und der H\u00e4ndler kann den Prozentsatz der Auftr\u00e4ge f\u00fcr jede Signalquelle bestimmen. Wenn der Forex-Broker zum Beispiel nur ein Web-Terminal zur Verf\u00fcgung stellt, kann der H\u00e4ndler den Prozentsatz wie folgt aufteilen:<\/p>\n<ul>\n<li>Handbuch Handel -50%.<\/li>\n<li>Automatisierter Handel -10%<\/li>\n<li>Das Signal vom Marktplatz -10%<\/li>\n<li>Web-Terminal -30%<\/li>\n<\/ul>\n<p><img data-recalc-dims=\"1\" loading=\"lazy\" decoding=\"async\" class=\"alignnone wp-image-1680 size-full\" src=\"https:\/\/i0.wp.com\/hftarbitrageplatform.com\/wp-content\/uploads\/2023\/02\/source-randomization.png?resize=486%2C561&#038;ssl=1\" alt=\"Randomisierung der Auftragsquellen f\u00fcr den Arbitragehandel\" width=\"486\" height=\"561\" srcset=\"https:\/\/i0.wp.com\/hftarbitrageplatform.com\/wp-content\/uploads\/2023\/02\/source-randomization.png?w=486&amp;ssl=1 486w, https:\/\/i0.wp.com\/hftarbitrageplatform.com\/wp-content\/uploads\/2023\/02\/source-randomization.png?resize=260%2C300&amp;ssl=1 260w, https:\/\/i0.wp.com\/hftarbitrageplatform.com\/wp-content\/uploads\/2023\/02\/source-randomization.png?resize=10%2C12&amp;ssl=1 10w\" sizes=\"auto, (max-width: 486px) 100vw, 486px\" \/><\/p>\n<p><strong>Randomisierung der Gr\u00f6\u00dfe der Bestellung<\/strong> erm\u00f6glicht es Ihnen, den Handel mit einer zuf\u00e4lligen Losgr\u00f6\u00dfe anstelle einer festen Losgr\u00f6\u00dfe zu simulieren. Der Trader w\u00e4hlt die Losgr\u00f6\u00dfe und legt auch die zul\u00e4ssige Abweichung von der gew\u00e4hlten Losgr\u00f6\u00dfe fest.<\/p>\n<p><img data-recalc-dims=\"1\" loading=\"lazy\" decoding=\"async\" class=\"alignnone size-full wp-image-1681\" src=\"https:\/\/i0.wp.com\/hftarbitrageplatform.com\/wp-content\/uploads\/2023\/02\/lot-randomization.png?resize=180%2C128&#038;ssl=1\" alt=\"Los-Randomisierung f\u00fcr den Arbitragehandel\" width=\"180\" height=\"128\" srcset=\"https:\/\/i0.wp.com\/hftarbitrageplatform.com\/wp-content\/uploads\/2023\/02\/lot-randomization.png?w=180&amp;ssl=1 180w, https:\/\/i0.wp.com\/hftarbitrageplatform.com\/wp-content\/uploads\/2023\/02\/lot-randomization.png?resize=18%2C12&amp;ssl=1 18w\" sizes=\"auto, (max-width: 180px) 100vw, 180px\" \/><\/p>\n<p>Die Module Order's Source Randomization und Order's Source Randomization erg\u00e4nzen sich gut und erm\u00f6glichen es, den Arbitragehandel zuverl\u00e4ssig zu verschleiern.<\/p>","protected":false},"excerpt":{"rendered":"<p><strong>Order&#8217;s Source &amp; Size Randomization<\/strong> module is intended for camouflaging arbitrage trading and can be conditionally divided into two parts, into two separate modules: Order&#8217;s Source Randomization and Order&#8217;s Size Randomization.<\/p>\n<p><strong>The Order&#8217;s Source Randomization<\/strong> allows the simulation of the order sources: manual trading, automated trading with Forex robots, trading from the mobile trading terminal, trading from the web terminal, and the signal from the marketplace.<\/p>\n<p><strong>Order&#8217;s Size Randomization<\/strong> allows you to simulate trading with a random lot size instead of a fixed lot size. [&#8230;]<\/p>\n<p><a class=\"btn btn-secondary conversions-read-more-link\" href=\"https:\/\/hftarbitrageplatform.com\/de\/product\/orders-source-size-randomization\/\">Read More&#8230;<\/a><\/p>\n","protected":false},"featured_media":1682,"comment_status":"open","ping_status":"closed","template":"","meta":{"_acf_changed":false},"product_brand":[],"product_cat":[130],"product_tag":[132,131],"class_list":{"0":"post-1648","1":"product","2":"type-product","3":"status-publish","4":"has-post-thumbnail","6":"product_cat-arbitrage-software-add-ons","7":"product_tag-arbitrage-add-on","8":"product_tag-arbitrage-software-add-on","10":"first","11":"instock","12":"virtual","13":"sold-individually","14":"purchasable","15":"product-type-simple"},"acf":[],"yoast_head":"<!-- This site is optimized with the Yoast SEO plugin v27.5 - https:\/\/yoast.com\/product\/yoast-seo-wordpress\/ -->\n<title>Order&#039;s Source &amp; Size randomization - HFT Arbitrage Platform -Arbitrage Software for Forex &amp; Cryptocurrencies Markets<\/title>\n<meta name=\"robots\" content=\"index, follow, max-snippet:-1, max-image-preview:large, max-video-preview:-1\" \/>\n<link rel=\"canonical\" href=\"https:\/\/hftarbitrageplatform.com\/de\/produkt\/auftrage-quellgrose-randomisierung\/\" \/>\n<meta property=\"og:locale\" content=\"de_DE\" \/>\n<meta property=\"og:type\" content=\"article\" \/>\n<meta property=\"og:title\" content=\"Order&#039;s Source &amp; Size randomization - HFT Arbitrage Platform -Arbitrage Software for Forex &amp; Cryptocurrencies Markets\" \/>\n<meta property=\"og:description\" content=\"Order&#039;s Source &amp; Size Randomization module is intended for camouflaging arbitrage trading and can be conditionally divided into two parts, into two separate modules: Order&#039;s Source Randomization and Order&#039;s Size Randomization.  The Order&#039;s Source Randomization allows the simulation of the order sources: manual trading, automated trading with Forex robots, trading from the mobile trading terminal, trading from the web terminal, and the signal from the marketplace.  Order&#039;s Size Randomization allows you to simulate trading with a random lot size instead of a fixed lot size. [...]Read More...\" \/>\n<meta property=\"og:url\" content=\"https:\/\/hftarbitrageplatform.com\/de\/produkt\/auftrage-quellgrose-randomisierung\/\" \/>\n<meta property=\"og:site_name\" content=\"HFT Arbitrage Platform -Arbitrage Software for Forex &amp; Cryptocurrencies Markets\" \/>\n<meta property=\"og:image\" content=\"https:\/\/i0.wp.com\/hftarbitrageplatform.com\/wp-content\/uploads\/2023\/02\/orders-randomization.png?fit=300%2C205&ssl=1\" \/>\n\t<meta property=\"og:image:width\" content=\"300\" \/>\n\t<meta property=\"og:image:height\" content=\"205\" \/>\n\t<meta property=\"og:image:type\" content=\"image\/png\" \/>\n<meta name=\"twitter:card\" content=\"summary_large_image\" \/>\n<meta name=\"twitter:label1\" content=\"Gesch\u00e4tzte Lesezeit\" \/>\n\t<meta name=\"twitter:data1\" content=\"1\u00a0Minute\" \/>\n<script type=\"application\/ld+json\" class=\"yoast-schema-graph\">{\"@context\":\"https:\\\/\\\/schema.org\",\"@graph\":[{\"@type\":\"WebPage\",\"@id\":\"https:\\\/\\\/hftarbitrageplatform.com\\\/product\\\/orders-source-size-randomization\\\/\",\"url\":\"https:\\\/\\\/hftarbitrageplatform.com\\\/product\\\/orders-source-size-randomization\\\/\",\"name\":\"Order's Source & Size randomization - HFT Arbitrage Platform -Arbitrage Software for Forex &amp; Cryptocurrencies Markets\",\"isPartOf\":{\"@id\":\"https:\\\/\\\/hftarbitrageplatform.com\\\/#website\"},\"primaryImageOfPage\":{\"@id\":\"https:\\\/\\\/hftarbitrageplatform.com\\\/product\\\/orders-source-size-randomization\\\/#primaryimage\"},\"image\":{\"@id\":\"https:\\\/\\\/hftarbitrageplatform.com\\\/product\\\/orders-source-size-randomization\\\/#primaryimage\"},\"thumbnailUrl\":\"https:\\\/\\\/i0.wp.com\\\/hftarbitrageplatform.com\\\/wp-content\\\/uploads\\\/2023\\\/02\\\/orders-randomization.png?fit=300%2C205&ssl=1\",\"datePublished\":\"2025-12-27T17:31:41+00:00\",\"breadcrumb\":{\"@id\":\"https:\\\/\\\/hftarbitrageplatform.com\\\/product\\\/orders-source-size-randomization\\\/#breadcrumb\"},\"inLanguage\":\"de\",\"potentialAction\":[{\"@type\":\"ReadAction\",\"target\":[\"https:\\\/\\\/hftarbitrageplatform.com\\\/product\\\/orders-source-size-randomization\\\/\"]}]},{\"@type\":\"ImageObject\",\"inLanguage\":\"de\",\"@id\":\"https:\\\/\\\/hftarbitrageplatform.com\\\/product\\\/orders-source-size-randomization\\\/#primaryimage\",\"url\":\"https:\\\/\\\/i0.wp.com\\\/hftarbitrageplatform.com\\\/wp-content\\\/uploads\\\/2023\\\/02\\\/orders-randomization.png?fit=300%2C205&ssl=1\",\"contentUrl\":\"https:\\\/\\\/i0.wp.com\\\/hftarbitrageplatform.com\\\/wp-content\\\/uploads\\\/2023\\\/02\\\/orders-randomization.png?fit=300%2C205&ssl=1\",\"width\":300,\"height\":205,\"caption\":\"randomization\"},{\"@type\":\"BreadcrumbList\",\"@id\":\"https:\\\/\\\/hftarbitrageplatform.com\\\/product\\\/orders-source-size-randomization\\\/#breadcrumb\",\"itemListElement\":[{\"@type\":\"ListItem\",\"position\":1,\"name\":\"Home\",\"item\":\"https:\\\/\\\/hftarbitrageplatform.com\\\/\"},{\"@type\":\"ListItem\",\"position\":2,\"name\":\"Shop\",\"item\":\"https:\\\/\\\/hftarbitrageplatform.com\\\/en\\\/shop\\\/\"},{\"@type\":\"ListItem\",\"position\":3,\"name\":\"Order&#8217;s Source &#038; Size randomization\"}]},{\"@type\":\"WebSite\",\"@id\":\"https:\\\/\\\/hftarbitrageplatform.com\\\/#website\",\"url\":\"https:\\\/\\\/hftarbitrageplatform.com\\\/\",\"name\":\"HFT Arbitrage Platform -Arbitrage Software for Forex &amp; Cryptocurrencies Markets\",\"description\":\"Multi-platforms and Multi-Strategies HFT Arbitrage Bot\",\"publisher\":{\"@id\":\"https:\\\/\\\/hftarbitrageplatform.com\\\/#organization\"},\"potentialAction\":[{\"@type\":\"SearchAction\",\"target\":{\"@type\":\"EntryPoint\",\"urlTemplate\":\"https:\\\/\\\/hftarbitrageplatform.com\\\/?s={search_term_string}\"},\"query-input\":{\"@type\":\"PropertyValueSpecification\",\"valueRequired\":true,\"valueName\":\"search_term_string\"}}],\"inLanguage\":\"de\"},{\"@type\":\"Organization\",\"@id\":\"https:\\\/\\\/hftarbitrageplatform.com\\\/#organization\",\"name\":\"HFT Arbitrage Platform -Arbitrage Software for Forex &amp; Cryptocurrencies Markets\",\"url\":\"https:\\\/\\\/hftarbitrageplatform.com\\\/\",\"logo\":{\"@type\":\"ImageObject\",\"inLanguage\":\"de\",\"@id\":\"https:\\\/\\\/hftarbitrageplatform.com\\\/#\\\/schema\\\/logo\\\/image\\\/\",\"url\":\"https:\\\/\\\/i0.wp.com\\\/hftarbitrageplatform.com\\\/wp-content\\\/uploads\\\/2022\\\/06\\\/cropped-hft-arbitrage-platfromLogo.png?fit=500%2C93&ssl=1\",\"contentUrl\":\"https:\\\/\\\/i0.wp.com\\\/hftarbitrageplatform.com\\\/wp-content\\\/uploads\\\/2022\\\/06\\\/cropped-hft-arbitrage-platfromLogo.png?fit=500%2C93&ssl=1\",\"width\":500,\"height\":93,\"caption\":\"HFT Arbitrage Platform -Arbitrage Software for Forex &amp; Cryptocurrencies Markets\"},\"image\":{\"@id\":\"https:\\\/\\\/hftarbitrageplatform.com\\\/#\\\/schema\\\/logo\\\/image\\\/\"}}]}<\/script>\n<!-- \/ Yoast SEO plugin. -->","yoast_head_json":{"title":"Auftragsquelle und -gr\u00f6\u00dfenrandomisierung - HFT-Arbitrage-Plattform - Arbitrage-Software f\u00fcr Forex- und Kryptow\u00e4hrungsm\u00e4rkte","robots":{"index":"index","follow":"follow","max-snippet":"max-snippet:-1","max-image-preview":"max-image-preview:large","max-video-preview":"max-video-preview:-1"},"canonical":"https:\/\/hftarbitrageplatform.com\/de\/produkt\/auftrage-quellgrose-randomisierung\/","og_locale":"de_DE","og_type":"article","og_title":"Order's Source & Size randomization - HFT Arbitrage Platform -Arbitrage Software for Forex &amp; Cryptocurrencies Markets","og_description":"Order's Source &amp; Size Randomization module is intended for camouflaging arbitrage trading and can be conditionally divided into two parts, into two separate modules: Order's Source Randomization and Order's Size Randomization.  The Order's Source Randomization allows the simulation of the order sources: manual trading, automated trading with Forex robots, trading from the mobile trading terminal, trading from the web terminal, and the signal from the marketplace.  Order's Size Randomization allows you to simulate trading with a random lot size instead of a fixed lot size. [...]Read More...","og_url":"https:\/\/hftarbitrageplatform.com\/de\/produkt\/auftrage-quellgrose-randomisierung\/","og_site_name":"HFT Arbitrage Platform -Arbitrage Software for Forex &amp; Cryptocurrencies Markets","og_image":[{"width":300,"height":205,"url":"https:\/\/i0.wp.com\/hftarbitrageplatform.com\/wp-content\/uploads\/2023\/02\/orders-randomization.png?fit=300%2C205&ssl=1","type":"image\/png"}],"twitter_card":"summary_large_image","twitter_misc":{"Gesch\u00e4tzte Lesezeit":"1\u00a0Minute"},"schema":{"@context":"https:\/\/schema.org","@graph":[{"@type":"WebPage","@id":"https:\/\/hftarbitrageplatform.com\/product\/orders-source-size-randomization\/","url":"https:\/\/hftarbitrageplatform.com\/product\/orders-source-size-randomization\/","name":"Auftragsquelle und -gr\u00f6\u00dfenrandomisierung - HFT-Arbitrage-Plattform - Arbitrage-Software f\u00fcr Forex- und Kryptow\u00e4hrungsm\u00e4rkte","isPartOf":{"@id":"https:\/\/hftarbitrageplatform.com\/#website"},"primaryImageOfPage":{"@id":"https:\/\/hftarbitrageplatform.com\/product\/orders-source-size-randomization\/#primaryimage"},"image":{"@id":"https:\/\/hftarbitrageplatform.com\/product\/orders-source-size-randomization\/#primaryimage"},"thumbnailUrl":"https:\/\/i0.wp.com\/hftarbitrageplatform.com\/wp-content\/uploads\/2023\/02\/orders-randomization.png?fit=300%2C205&ssl=1","datePublished":"2025-12-27T17:31:41+00:00","breadcrumb":{"@id":"https:\/\/hftarbitrageplatform.com\/product\/orders-source-size-randomization\/#breadcrumb"},"inLanguage":"de","potentialAction":[{"@type":"ReadAction","target":["https:\/\/hftarbitrageplatform.com\/product\/orders-source-size-randomization\/"]}]},{"@type":"ImageObject","inLanguage":"de","@id":"https:\/\/hftarbitrageplatform.com\/product\/orders-source-size-randomization\/#primaryimage","url":"https:\/\/i0.wp.com\/hftarbitrageplatform.com\/wp-content\/uploads\/2023\/02\/orders-randomization.png?fit=300%2C205&ssl=1","contentUrl":"https:\/\/i0.wp.com\/hftarbitrageplatform.com\/wp-content\/uploads\/2023\/02\/orders-randomization.png?fit=300%2C205&ssl=1","width":300,"height":205,"caption":"randomization"},{"@type":"BreadcrumbList","@id":"https:\/\/hftarbitrageplatform.com\/product\/orders-source-size-randomization\/#breadcrumb","itemListElement":[{"@type":"ListItem","position":1,"name":"Home","item":"https:\/\/hftarbitrageplatform.com\/"},{"@type":"ListItem","position":2,"name":"Shop","item":"https:\/\/hftarbitrageplatform.com\/en\/shop\/"},{"@type":"ListItem","position":3,"name":"Order&#8217;s Source &#038; Size randomization"}]},{"@type":"WebSite","@id":"https:\/\/hftarbitrageplatform.com\/#website","url":"https:\/\/hftarbitrageplatform.com\/","name":"HFT Arbitrage Plattform - Arbitrage-Software f\u00fcr Forex- und Kryptow\u00e4hrungsm\u00e4rkte","description":"Multi-Plattformen und Multi-Strategien HFT Arbitrage Bot","publisher":{"@id":"https:\/\/hftarbitrageplatform.com\/#organization"},"potentialAction":[{"@type":"SearchAction","target":{"@type":"EntryPoint","urlTemplate":"https:\/\/hftarbitrageplatform.com\/?s={search_term_string}"},"query-input":{"@type":"PropertyValueSpecification","valueRequired":true,"valueName":"search_term_string"}}],"inLanguage":"de"},{"@type":"Organization","@id":"https:\/\/hftarbitrageplatform.com\/#organization","name":"HFT Arbitrage Plattform - Arbitrage-Software f\u00fcr Forex- und Kryptow\u00e4hrungsm\u00e4rkte","url":"https:\/\/hftarbitrageplatform.com\/","logo":{"@type":"ImageObject","inLanguage":"de","@id":"https:\/\/hftarbitrageplatform.com\/#\/schema\/logo\/image\/","url":"https:\/\/i0.wp.com\/hftarbitrageplatform.com\/wp-content\/uploads\/2022\/06\/cropped-hft-arbitrage-platfromLogo.png?fit=500%2C93&ssl=1","contentUrl":"https:\/\/i0.wp.com\/hftarbitrageplatform.com\/wp-content\/uploads\/2022\/06\/cropped-hft-arbitrage-platfromLogo.png?fit=500%2C93&ssl=1","width":500,"height":93,"caption":"HFT Arbitrage Platform -Arbitrage Software for Forex &amp; Cryptocurrencies Markets"},"image":{"@id":"https:\/\/hftarbitrageplatform.com\/#\/schema\/logo\/image\/"}}]}},"jetpack_sharing_enabled":true,"_links":{"self":[{"href":"https:\/\/hftarbitrageplatform.com\/de\/wp-json\/wp\/v2\/product\/1648","targetHints":{"allow":["GET"]}}],"collection":[{"href":"https:\/\/hftarbitrageplatform.com\/de\/wp-json\/wp\/v2\/product"}],"about":[{"href":"https:\/\/hftarbitrageplatform.com\/de\/wp-json\/wp\/v2\/types\/product"}],"replies":[{"embeddable":true,"href":"https:\/\/hftarbitrageplatform.com\/de\/wp-json\/wp\/v2\/comments?post=1648"}],"wp:featuredmedia":[{"embeddable":true,"href":"https:\/\/hftarbitrageplatform.com\/de\/wp-json\/wp\/v2\/media\/1682"}],"wp:attachment":[{"href":"https:\/\/hftarbitrageplatform.com\/de\/wp-json\/wp\/v2\/media?parent=1648"}],"wp:term":[{"taxonomy":"product_brand","embeddable":true,"href":"https:\/\/hftarbitrageplatform.com\/de\/wp-json\/wp\/v2\/product_brand?post=1648"},{"taxonomy":"product_cat","embeddable":true,"href":"https:\/\/hftarbitrageplatform.com\/de\/wp-json\/wp\/v2\/product_cat?post=1648"},{"taxonomy":"product_tag","embeddable":true,"href":"https:\/\/hftarbitrageplatform.com\/de\/wp-json\/wp\/v2\/product_tag?post=1648"}],"curies":[{"name":"WP","href":"https:\/\/api.w.org\/{rel}","templated":true}]}}