{"id":147,"date":"2022-06-13T12:50:25","date_gmt":"2022-06-13T12:50:25","guid":{"rendered":"https:\/\/hftarbitrageplatform.com\/?page_id=147"},"modified":"2022-06-13T12:50:26","modified_gmt":"2022-06-13T12:50:26","slug":"devoluciones_devolucion","status":"publish","type":"page","link":"https:\/\/hftarbitrageplatform.com\/es\/refund_returns\/","title":{"rendered":"Pol\u00edtica de devoluciones y reembolsos"},"content":{"rendered":"<p><\/p>\n\n\n\n<p><h3>Visi\u00f3n general<\/h3>Todos los productos de software de HFTArbitragePlatfrom.com han sido dise\u00f1ados y desarrollados por h\u00e1biles ingenieros, matem\u00e1ticos y desarrolladores de software que son capaces de crear soluciones creativas y algoritmos para ganar dinero en los mercados financieros utilizando muchos instrumentos, incluyendo divisas, CFD, \u00edndices y cripto. Llevamos desarrollando productos desde 2005, y tenemos un amplio conocimiento de nuestros clientes y del software que creamos. Nuestros productos permiten a los operadores obtener una experiencia fluida y rentable, y son capaces de garantizar la satisfacci\u00f3n del cliente, ya que nuestro equipo de soporte y el equipo de dise\u00f1o de productos est\u00e1n muy bien informados.<\/p>\n\n\n\n<h2 class=\"wp-block-heading\"><strong>Prueba gratuita<\/strong><\/h2>\n\n\n\n<p>Con el fin de garantizar la mejor experiencia para nuestros clientes, tenemos per\u00edodos de prueba para cada producto que usted ve en el sitio. Esto no s\u00f3lo permite a los operadores probar nuestros productos para garantizar su satisfacci\u00f3n, sino que tambi\u00e9n nos permite saber si hay alg\u00fan problema con nuestros programas y c\u00f3mo podemos ofrecer la mejor experiencia a nuestros clientes. Para utilizar esta funci\u00f3n, debe <a href=\"https:\/\/hftarbitrageplatform.com\/es\/pongase-en-contacto-con\/\" data-type=\"URL\" data-id=\"https:\/\/hftarbitrageplatform.com\/contact\/\">Contacto<\/a> y solicite una prueba gratuita, descargue el software y util\u00edcelo en una cuenta de demostraci\u00f3n o real. Si no est\u00e1 100% satisfecho con nuestro software, puede decidir no comprarlo al finalizar la prueba.\u00a0<\/p>\n\n\n\n<h2 class=\"wp-block-heading\"><strong>Garant\u00eda de devoluci\u00f3n del dinero<\/strong><\/h2>\n\n\n\n<p>Si usted cree que no va a ser comprado despu\u00e9s de que termine el per\u00edodo de prueba, por favor h\u00e1ganoslo saber, vamos a hacer todo lo posible para ayudarle, aunque creemos que le encantar\u00e1 nuestros programas, y sus funciones ser\u00e1n satisfactorias para sus objetivos de libertad financiera.<\/p>\n\n\n\n<p>Debido a tener un programa tan amplio para la prueba y ensayo de nuestro programa, no podemos ofrecer una garant\u00eda de devoluci\u00f3n de dinero en caso de que no le guste nuestro software. Esto se debe a que el software depende del algoritmo dise\u00f1ado por usted, y nuestros esfuerzos ya han sido utilizados en el momento de la cancelaci\u00f3n. Sin embargo, cualquier error\/discrepancia que pueda encontrar en el software ser\u00e1 solucionado por nuestro equipo de profesionales.<\/p>\n\n\n\n<h2 class=\"wp-block-heading\"><strong>Periodo de reflexi\u00f3n<\/strong><\/h2>\n\n\n\n<p>Si cambia de opini\u00f3n sobre la compra del software o adquiere accidentalmente nuestro producto, puede cancelar su compra en el plazo de 1 hora, lo que garantiza un periodo de reflexi\u00f3n significativo y permite el reembolso \u00edntegro de todos los gastos.<\/p>\n\n\n\n<p>Confiamos plenamente en nuestros productos y servicios y creemos que quedar\u00e1 satisfecho con nuestros esfuerzos y seguir\u00e1 haciendo negocios con nosotros. Si no est\u00e1 totalmente satisfecho con nuestros programas, h\u00e1ganoslo saber y haremos todo lo que est\u00e9 en nuestra mano para solucionar su problema.\u00a0<\/p>\n\n\n\n<p>Nos gustar\u00eda reiterar que confiamos plenamente en los productos y servicios que ofrecemos. Al mismo tiempo, su satisfacci\u00f3n es nuestra m\u00e1xima prioridad. Si no est\u00e1 completamente satisfecho con su compra, h\u00e1ganoslo saber.<\/p>\n\n\n\n<p><h2>\u00bfNecesita ayuda?<\/h2><a href=\"https:\/\/hftarbitrageplatform.com\/es\/pongase-en-contacto-con\/\" data-type=\"URL\" data-id=\"https:\/\/hftarbitrageplatform.com\/contact\/\">Contacta con nosotras<\/a> para cuestiones relacionadas con reembolsos y devoluciones.<\/p>","protected":false},"excerpt":{"rendered":"<p>Overview All HFTArbitragePlatfrom.com software products have been designed and developed by skillful engineers, mathematicians, and software developers who are able to create creative solutions and algorithms to make money on financial markets using many instruments including forex, CFDs, indices, and crypto. We have been developing products since 2005, and have extensive knowledge of our clients [&#8230;]<\/p>\n<p><a class=\"btn btn-secondary conversions-read-more-link\" href=\"https:\/\/hftarbitrageplatform.com\/es\/refund_returns\/\">Read More&#8230;<\/a><\/p>\n","protected":false},"author":1,"featured_media":0,"parent":0,"menu_order":0,"comment_status":"closed","ping_status":"closed","template":"","meta":{"_acf_changed":false,"footnotes":""},"class_list":["post-147","page","type-page","status-publish","hentry"],"acf":[],"yoast_head":"<!-- This site is optimized with the Yoast SEO plugin v27.5 - https:\/\/yoast.com\/product\/yoast-seo-wordpress\/ -->\n<title>Refund and Returns Policy - HFT Arbitrage Platform -Arbitrage Software for Forex &amp; Cryptocurrencies Markets<\/title>\n<meta name=\"robots\" content=\"index, follow, max-snippet:-1, max-image-preview:large, max-video-preview:-1\" \/>\n<link rel=\"canonical\" href=\"https:\/\/hftarbitrageplatform.com\/es\/devoluciones_devolucion\/\" \/>\n<meta property=\"og:locale\" content=\"es_ES\" \/>\n<meta property=\"og:type\" content=\"article\" \/>\n<meta property=\"og:title\" content=\"Refund and Returns Policy - HFT Arbitrage Platform -Arbitrage Software for Forex &amp; Cryptocurrencies Markets\" \/>\n<meta property=\"og:description\" content=\"Overview All HFTArbitragePlatfrom.com software products have been designed and developed by skillful engineers, mathematicians, and software developers who are able to create creative solutions and algorithms to make money on financial markets using many instruments including forex, CFDs, indices, and crypto. We have been developing products since 2005, and have extensive knowledge of our clients [...]Read More...\" \/>\n<meta property=\"og:url\" content=\"https:\/\/hftarbitrageplatform.com\/es\/devoluciones_devolucion\/\" \/>\n<meta property=\"og:site_name\" content=\"HFT Arbitrage Platform -Arbitrage Software for Forex &amp; Cryptocurrencies Markets\" \/>\n<meta property=\"article:modified_time\" content=\"2022-06-13T12:50:26+00:00\" \/>\n<meta name=\"twitter:card\" content=\"summary_large_image\" \/>\n<meta name=\"twitter:label1\" content=\"Tiempo de lectura\" \/>\n\t<meta name=\"twitter:data1\" content=\"2 minutos\" \/>\n<script type=\"application\/ld+json\" class=\"yoast-schema-graph\">{\"@context\":\"https:\\\/\\\/schema.org\",\"@graph\":[{\"@type\":\"WebPage\",\"@id\":\"https:\\\/\\\/hftarbitrageplatform.com\\\/zh\\\/refund_returns\\\/\",\"url\":\"https:\\\/\\\/hftarbitrageplatform.com\\\/zh\\\/refund_returns\\\/\",\"name\":\"Refund and Returns Policy - HFT Arbitrage Platform -Arbitrage Software for Forex &amp; Cryptocurrencies Markets\",\"isPartOf\":{\"@id\":\"https:\\\/\\\/hftarbitrageplatform.com\\\/#website\"},\"datePublished\":\"2022-06-13T12:50:25+00:00\",\"dateModified\":\"2022-06-13T12:50:26+00:00\",\"breadcrumb\":{\"@id\":\"https:\\\/\\\/hftarbitrageplatform.com\\\/zh\\\/refund_returns\\\/#breadcrumb\"},\"inLanguage\":\"es\",\"potentialAction\":[{\"@type\":\"ReadAction\",\"target\":[\"https:\\\/\\\/hftarbitrageplatform.com\\\/zh\\\/refund_returns\\\/\"]}]},{\"@type\":\"BreadcrumbList\",\"@id\":\"https:\\\/\\\/hftarbitrageplatform.com\\\/zh\\\/refund_returns\\\/#breadcrumb\",\"itemListElement\":[{\"@type\":\"ListItem\",\"position\":1,\"name\":\"Home\",\"item\":\"https:\\\/\\\/hftarbitrageplatform.com\\\/\"},{\"@type\":\"ListItem\",\"position\":2,\"name\":\"Refund and Returns Policy\"}]},{\"@type\":\"WebSite\",\"@id\":\"https:\\\/\\\/hftarbitrageplatform.com\\\/#website\",\"url\":\"https:\\\/\\\/hftarbitrageplatform.com\\\/\",\"name\":\"HFT Arbitrage Platform -Arbitrage Software for Forex &amp; Cryptocurrencies Markets\",\"description\":\"Multi-platforms and Multi-Strategies HFT Arbitrage Bot\",\"publisher\":{\"@id\":\"https:\\\/\\\/hftarbitrageplatform.com\\\/#organization\"},\"potentialAction\":[{\"@type\":\"SearchAction\",\"target\":{\"@type\":\"EntryPoint\",\"urlTemplate\":\"https:\\\/\\\/hftarbitrageplatform.com\\\/?s={search_term_string}\"},\"query-input\":{\"@type\":\"PropertyValueSpecification\",\"valueRequired\":true,\"valueName\":\"search_term_string\"}}],\"inLanguage\":\"es\"},{\"@type\":\"Organization\",\"@id\":\"https:\\\/\\\/hftarbitrageplatform.com\\\/#organization\",\"name\":\"HFT Arbitrage Platform -Arbitrage Software for Forex &amp; Cryptocurrencies Markets\",\"url\":\"https:\\\/\\\/hftarbitrageplatform.com\\\/\",\"logo\":{\"@type\":\"ImageObject\",\"inLanguage\":\"es\",\"@id\":\"https:\\\/\\\/hftarbitrageplatform.com\\\/#\\\/schema\\\/logo\\\/image\\\/\",\"url\":\"https:\\\/\\\/i0.wp.com\\\/hftarbitrageplatform.com\\\/wp-content\\\/uploads\\\/2022\\\/06\\\/cropped-hft-arbitrage-platfromLogo.png?fit=500%2C93&ssl=1\",\"contentUrl\":\"https:\\\/\\\/i0.wp.com\\\/hftarbitrageplatform.com\\\/wp-content\\\/uploads\\\/2022\\\/06\\\/cropped-hft-arbitrage-platfromLogo.png?fit=500%2C93&ssl=1\",\"width\":500,\"height\":93,\"caption\":\"HFT Arbitrage Platform -Arbitrage Software for Forex &amp; Cryptocurrencies Markets\"},\"image\":{\"@id\":\"https:\\\/\\\/hftarbitrageplatform.com\\\/#\\\/schema\\\/logo\\\/image\\\/\"}}]}<\/script>\n<!-- \/ Yoast SEO plugin. -->","yoast_head_json":{"title":"Pol\u00edtica de Reembolsos y Devoluciones - Plataforma HFT Arbitrage - Software de Arbitraje para Mercados Forex y de Criptomonedas","robots":{"index":"index","follow":"follow","max-snippet":"max-snippet:-1","max-image-preview":"max-image-preview:large","max-video-preview":"max-video-preview:-1"},"canonical":"https:\/\/hftarbitrageplatform.com\/es\/devoluciones_devolucion\/","og_locale":"es_ES","og_type":"article","og_title":"Refund and Returns Policy - HFT Arbitrage Platform -Arbitrage Software for Forex &amp; Cryptocurrencies Markets","og_description":"Overview All HFTArbitragePlatfrom.com software products have been designed and developed by skillful engineers, mathematicians, and software developers who are able to create creative solutions and algorithms to make money on financial markets using many instruments including forex, CFDs, indices, and crypto. We have been developing products since 2005, and have extensive knowledge of our clients [...]Read More...","og_url":"https:\/\/hftarbitrageplatform.com\/es\/devoluciones_devolucion\/","og_site_name":"HFT Arbitrage Platform -Arbitrage Software for Forex &amp; Cryptocurrencies Markets","article_modified_time":"2022-06-13T12:50:26+00:00","twitter_card":"summary_large_image","twitter_misc":{"Tiempo de lectura":"2 minutos"},"schema":{"@context":"https:\/\/schema.org","@graph":[{"@type":"WebPage","@id":"https:\/\/hftarbitrageplatform.com\/zh\/refund_returns\/","url":"https:\/\/hftarbitrageplatform.com\/zh\/refund_returns\/","name":"Pol\u00edtica de Reembolsos y Devoluciones - Plataforma HFT Arbitrage - Software de Arbitraje para Mercados Forex y de Criptomonedas","isPartOf":{"@id":"https:\/\/hftarbitrageplatform.com\/#website"},"datePublished":"2022-06-13T12:50:25+00:00","dateModified":"2022-06-13T12:50:26+00:00","breadcrumb":{"@id":"https:\/\/hftarbitrageplatform.com\/zh\/refund_returns\/#breadcrumb"},"inLanguage":"es","potentialAction":[{"@type":"ReadAction","target":["https:\/\/hftarbitrageplatform.com\/zh\/refund_returns\/"]}]},{"@type":"BreadcrumbList","@id":"https:\/\/hftarbitrageplatform.com\/zh\/refund_returns\/#breadcrumb","itemListElement":[{"@type":"ListItem","position":1,"name":"Home","item":"https:\/\/hftarbitrageplatform.com\/"},{"@type":"ListItem","position":2,"name":"Refund and Returns Policy"}]},{"@type":"WebSite","@id":"https:\/\/hftarbitrageplatform.com\/#website","url":"https:\/\/hftarbitrageplatform.com\/","name":"Plataforma de Arbitraje HFT - Software de Arbitraje para Mercados de Divisas y Criptomonedas","description":"Bot de arbitraje HFT multiplataforma y multiestrategia","publisher":{"@id":"https:\/\/hftarbitrageplatform.com\/#organization"},"potentialAction":[{"@type":"SearchAction","target":{"@type":"EntryPoint","urlTemplate":"https:\/\/hftarbitrageplatform.com\/?s={search_term_string}"},"query-input":{"@type":"PropertyValueSpecification","valueRequired":true,"valueName":"search_term_string"}}],"inLanguage":"es"},{"@type":"Organization","@id":"https:\/\/hftarbitrageplatform.com\/#organization","name":"Plataforma de Arbitraje HFT - Software de Arbitraje para Mercados de Divisas y Criptomonedas","url":"https:\/\/hftarbitrageplatform.com\/","logo":{"@type":"ImageObject","inLanguage":"es","@id":"https:\/\/hftarbitrageplatform.com\/#\/schema\/logo\/image\/","url":"https:\/\/i0.wp.com\/hftarbitrageplatform.com\/wp-content\/uploads\/2022\/06\/cropped-hft-arbitrage-platfromLogo.png?fit=500%2C93&ssl=1","contentUrl":"https:\/\/i0.wp.com\/hftarbitrageplatform.com\/wp-content\/uploads\/2022\/06\/cropped-hft-arbitrage-platfromLogo.png?fit=500%2C93&ssl=1","width":500,"height":93,"caption":"HFT Arbitrage Platform -Arbitrage Software for Forex &amp; Cryptocurrencies Markets"},"image":{"@id":"https:\/\/hftarbitrageplatform.com\/#\/schema\/logo\/image\/"}}]}},"jetpack_sharing_enabled":true,"_links":{"self":[{"href":"https:\/\/hftarbitrageplatform.com\/es\/wp-json\/wp\/v2\/pages\/147","targetHints":{"allow":["GET"]}}],"collection":[{"href":"https:\/\/hftarbitrageplatform.com\/es\/wp-json\/wp\/v2\/pages"}],"about":[{"href":"https:\/\/hftarbitrageplatform.com\/es\/wp-json\/wp\/v2\/types\/page"}],"author":[{"embeddable":true,"href":"https:\/\/hftarbitrageplatform.com\/es\/wp-json\/wp\/v2\/users\/1"}],"replies":[{"embeddable":true,"href":"https:\/\/hftarbitrageplatform.com\/es\/wp-json\/wp\/v2\/comments?post=147"}],"version-history":[{"count":1,"href":"https:\/\/hftarbitrageplatform.com\/es\/wp-json\/wp\/v2\/pages\/147\/revisions"}],"predecessor-version":[{"id":289,"href":"https:\/\/hftarbitrageplatform.com\/es\/wp-json\/wp\/v2\/pages\/147\/revisions\/289"}],"wp:attachment":[{"href":"https:\/\/hftarbitrageplatform.com\/es\/wp-json\/wp\/v2\/media?parent=147"}],"curies":[{"name":"wp","href":"https:\/\/api.w.org\/{rel}","templated":true}]}}