{"id":2416,"date":"2023-10-04T11:19:12","date_gmt":"2023-10-04T15:19:12","guid":{"rendered":"https:\/\/hftarbitrageplatform.com\/?page_id=2416"},"modified":"2023-10-09T07:16:33","modified_gmt":"2023-10-09T11:16:33","slug":"hft-forex-arbitrage-educacion-gratuita","status":"publish","type":"page","link":"https:\/\/hftarbitrageplatform.com\/es\/hft-forex-arbitrage-free-education\/","title":{"rendered":"HFT Forex Arbitrage Educaci\u00f3n"},"content":{"rendered":"<h2 class=\"wp-block-heading\"><strong>HFT Arbitrage Educaci\u00f3n gratuita: Descubra los secretos de la negociaci\u00f3n de alta frecuencia<\/strong><\/h2>\n\n\n\n<p>Bienvenido a su puerta de entrada para dominar el arte del arbitraje de negociaci\u00f3n de alta frecuencia. Tanto si es un principiante que desea aprender los conceptos b\u00e1sicos como si es un operador experimentado que desea perfeccionar sus estrategias, nuestra completa serie de cursos gratuitos sobre arbitraje de alta frecuencia le ofrece todo lo que necesita.<\/p>\n\n\n\n<h3 class=\"wp-block-heading\"><strong>\u00bfPor qu\u00e9 sumergirse en el arbitraje HFT?<\/strong><\/h3>\n\n\n\n<p>El arbitraje de negociaci\u00f3n de alta frecuencia, o arbitraje HFT, representa una estrategia de negociaci\u00f3n sofisticada y muy lucrativa. Aprovechando herramientas tecnol\u00f3gicas r\u00e1pidas y algoritmos complejos, los operadores pueden capitalizar min\u00fasculas discrepancias de precios en tiempo real, en distintos mercados o plataformas.<\/p>\n\n\n\n<p>Sin embargo, por muy prometedor que parezca, navegar por las vol\u00e1tiles aguas de la HFT requiere conocimientos profundos, una ejecuci\u00f3n precisa y un aprendizaje continuo. Y eso es exactamente lo que ofrecemos.<\/p>\n\n\n\n<h3 class=\"wp-block-heading\"><strong>\u00bfQu\u00e9 contiene la serie educativa?<\/strong><\/h3>\n\n\n\n<ul class=\"wp-block-list\">\n<li><strong>M\u00f3dulos dirigidos por expertos:<\/strong> Profundice en los conceptos b\u00e1sicos, las metodolog\u00edas y las herramientas que impulsan el \u00e9xito del arbitraje HFT.<\/li>\n\n\n\n<li><strong>Tutoriales interactivos en v\u00eddeo:<\/strong> Vea y aprenda c\u00f3mo los expertos demuestran la negociaci\u00f3n en directo, el despliegue de estrategias y el an\u00e1lisis del rendimiento.<\/li>\n\n\n\n<li><strong>Recursos exclusivos:<\/strong> Acceda a libros electr\u00f3nicos, trabajos de investigaci\u00f3n y estudios de casos especialmente seleccionados que proporcionan abundante informaci\u00f3n.<\/li>\n\n\n\n<li><strong>Seminarios web en directo y sesiones de preguntas y respuestas:<\/strong> Contacte directamente con expertos en HFT, formule preguntas y obtenga informaci\u00f3n adaptada a sus necesidades.<\/li>\n<\/ul>\n\n\n\n<p>\u00bfY lo mejor? Todos estos contenidos premium est\u00e1n disponibles <strong>gratis<\/strong> a nuestros abonados.<\/p>\n\n\n\n<h3 class=\"wp-block-heading\"><strong>\u00bfPreparado para mejorar sus habilidades de arbitraje HFT?<\/strong><\/h3>\n\n\n\n<p>\u00danase a una comunidad de operadores, expertos y entusiastas. Suscr\u00edbase ahora y descubra un tesoro de recursos de arbitraje HFT.<\/p>\n\n\n\n<p><p><strong>\u00a1Libere su potencial de arbitraje HFT! \ud83d\ude80<\/strong><\/p>\n\n\n\n<p class=\"has-text-align-center\"><p class=\"has-text-align-center\">  <a href=\"https:\/\/forms.sendpulse.com\/a3cc6f5d0a\" target=\"_blank\" rel=\"noreferrer noopener\">\u00danase gratis <\/a><\/p>\n<\/p>\n\n\n\n<p><em>Nota: Valoramos la confianza que deposita en nosotros. Tenga la seguridad de que su informaci\u00f3n est\u00e1 protegida y nunca ser\u00e1 compartida ni vendida. Al suscribirse, da su consentimiento para recibir actualizaciones, boletines y promociones relacionadas con HFT Arbitrage.<\/em><\/p>","protected":false},"excerpt":{"rendered":"<p>HFT Arbitrage Free Education: Unlock the Secrets to High-Frequency Trading Welcome to your gateway to mastering the art of high-frequency trading arbitrage. Whether you&#8217;re a beginner wanting to learn the basics or an experienced trader aiming to refine your strategies, our comprehensive HFT Arbitrage Free Education series has got you covered. Why Dive into HFT [&#8230;]<\/p>\n<p><a class=\"btn btn-secondary conversions-read-more-link\" href=\"https:\/\/hftarbitrageplatform.com\/es\/hft-forex-arbitrage-free-education\/\">Read More&#8230;<\/a><\/p>\n","protected":false},"author":1,"featured_media":8,"parent":0,"menu_order":0,"comment_status":"closed","ping_status":"closed","template":"","meta":{"_acf_changed":false,"footnotes":""},"class_list":["post-2416","page","type-page","status-publish","has-post-thumbnail","hentry"],"acf":[],"yoast_head":"<!-- This site is optimized with the Yoast SEO plugin v27.4 - https:\/\/yoast.com\/product\/yoast-seo-wordpress\/ -->\n<title>HFT Forex Arbitrage Education - HFT Arbitrage Platfrom -Arbitrage Software for Forex &amp; Cryptocurrencies Markets<\/title>\n<meta name=\"description\" content=\"Unlock the secrets of High-Frequency Trading Arbitrage with our comprehensive free education series. Dive deep into HFT strategies, tools, and expert insights.\" \/>\n<meta name=\"robots\" content=\"index, follow, max-snippet:-1, max-image-preview:large, max-video-preview:-1\" \/>\n<link rel=\"canonical\" href=\"https:\/\/hftarbitrageplatform.com\/es\/hft-forex-arbitrage-educacion-gratuita\/\" \/>\n<meta property=\"og:locale\" content=\"es_ES\" \/>\n<meta property=\"og:type\" content=\"article\" \/>\n<meta property=\"og:title\" content=\"HFT Forex Arbitrage Education - HFT Arbitrage Platfrom -Arbitrage Software for Forex &amp; Cryptocurrencies Markets\" \/>\n<meta property=\"og:description\" content=\"Unlock the secrets of High-Frequency Trading Arbitrage with our comprehensive free education series. Dive deep into HFT strategies, tools, and expert insights.\" \/>\n<meta property=\"og:url\" content=\"https:\/\/hftarbitrageplatform.com\/es\/hft-forex-arbitrage-educacion-gratuita\/\" \/>\n<meta property=\"og:site_name\" content=\"HFT Arbitrage Platfrom -Arbitrage Software for Forex &amp; Cryptocurrencies Markets\" \/>\n<meta property=\"article:modified_time\" content=\"2023-10-09T11:16:33+00:00\" \/>\n<meta property=\"og:image\" content=\"https:\/\/hftarbitrageplatform.com\/wp-content\/uploads\/2020\/12\/business.jpg\" \/>\n\t<meta property=\"og:image:width\" content=\"1920\" \/>\n\t<meta property=\"og:image:height\" content=\"1280\" \/>\n\t<meta property=\"og:image:type\" content=\"image\/jpeg\" \/>\n<meta name=\"twitter:card\" content=\"summary_large_image\" \/>\n<meta name=\"twitter:label1\" content=\"Tiempo de lectura\" \/>\n\t<meta name=\"twitter:data1\" content=\"2 minutos\" \/>\n<script type=\"application\/ld+json\" class=\"yoast-schema-graph\">{\"@context\":\"https:\\\/\\\/schema.org\",\"@graph\":[{\"@type\":\"WebPage\",\"@id\":\"https:\\\/\\\/hftarbitrageplatform.com\\\/hft-forex-arbitrage-free-education\\\/\",\"url\":\"https:\\\/\\\/hftarbitrageplatform.com\\\/hft-forex-arbitrage-free-education\\\/\",\"name\":\"HFT Forex Arbitrage Education - HFT Arbitrage Platfrom -Arbitrage Software for Forex &amp; Cryptocurrencies Markets\",\"isPartOf\":{\"@id\":\"https:\\\/\\\/hftarbitrageplatform.com\\\/#website\"},\"primaryImageOfPage\":{\"@id\":\"https:\\\/\\\/hftarbitrageplatform.com\\\/hft-forex-arbitrage-free-education\\\/#primaryimage\"},\"image\":{\"@id\":\"https:\\\/\\\/hftarbitrageplatform.com\\\/hft-forex-arbitrage-free-education\\\/#primaryimage\"},\"thumbnailUrl\":\"https:\\\/\\\/i0.wp.com\\\/hftarbitrageplatform.com\\\/wp-content\\\/uploads\\\/2020\\\/12\\\/business.jpg?fit=1920%2C1280&ssl=1\",\"datePublished\":\"2023-10-04T15:19:12+00:00\",\"dateModified\":\"2023-10-09T11:16:33+00:00\",\"description\":\"Unlock the secrets of High-Frequency Trading Arbitrage with our comprehensive free education series. Dive deep into HFT strategies, tools, and expert insights.\",\"breadcrumb\":{\"@id\":\"https:\\\/\\\/hftarbitrageplatform.com\\\/hft-forex-arbitrage-free-education\\\/#breadcrumb\"},\"inLanguage\":\"es\",\"potentialAction\":[{\"@type\":\"ReadAction\",\"target\":[\"https:\\\/\\\/hftarbitrageplatform.com\\\/hft-forex-arbitrage-free-education\\\/\"]}]},{\"@type\":\"ImageObject\",\"inLanguage\":\"es\",\"@id\":\"https:\\\/\\\/hftarbitrageplatform.com\\\/hft-forex-arbitrage-free-education\\\/#primaryimage\",\"url\":\"https:\\\/\\\/i0.wp.com\\\/hftarbitrageplatform.com\\\/wp-content\\\/uploads\\\/2020\\\/12\\\/business.jpg?fit=1920%2C1280&ssl=1\",\"contentUrl\":\"https:\\\/\\\/i0.wp.com\\\/hftarbitrageplatform.com\\\/wp-content\\\/uploads\\\/2020\\\/12\\\/business.jpg?fit=1920%2C1280&ssl=1\",\"width\":1920,\"height\":1280,\"caption\":\"hft forex arbitrage education\"},{\"@type\":\"BreadcrumbList\",\"@id\":\"https:\\\/\\\/hftarbitrageplatform.com\\\/hft-forex-arbitrage-free-education\\\/#breadcrumb\",\"itemListElement\":[{\"@type\":\"ListItem\",\"position\":1,\"name\":\"Home\",\"item\":\"https:\\\/\\\/hftarbitrageplatform.com\\\/\"},{\"@type\":\"ListItem\",\"position\":2,\"name\":\"HFT Forex Arbitrage Education\"}]},{\"@type\":\"WebSite\",\"@id\":\"https:\\\/\\\/hftarbitrageplatform.com\\\/#website\",\"url\":\"https:\\\/\\\/hftarbitrageplatform.com\\\/\",\"name\":\"HFT Arbitrage Platfrom -Arbitrage Software for Forex &amp; Cryptocurrencies Markets\",\"description\":\"Multi-platforms and Multi-Strategies HFT Arbitrage Bot\",\"publisher\":{\"@id\":\"https:\\\/\\\/hftarbitrageplatform.com\\\/#organization\"},\"potentialAction\":[{\"@type\":\"SearchAction\",\"target\":{\"@type\":\"EntryPoint\",\"urlTemplate\":\"https:\\\/\\\/hftarbitrageplatform.com\\\/?s={search_term_string}\"},\"query-input\":{\"@type\":\"PropertyValueSpecification\",\"valueRequired\":true,\"valueName\":\"search_term_string\"}}],\"inLanguage\":\"es\"},{\"@type\":\"Organization\",\"@id\":\"https:\\\/\\\/hftarbitrageplatform.com\\\/#organization\",\"name\":\"HFT Arbitrage Platfrom -Arbitrage Software for Forex &amp; Cryptocurrencies Markets\",\"url\":\"https:\\\/\\\/hftarbitrageplatform.com\\\/\",\"logo\":{\"@type\":\"ImageObject\",\"inLanguage\":\"es\",\"@id\":\"https:\\\/\\\/hftarbitrageplatform.com\\\/#\\\/schema\\\/logo\\\/image\\\/\",\"url\":\"https:\\\/\\\/i0.wp.com\\\/hftarbitrageplatform.com\\\/wp-content\\\/uploads\\\/2022\\\/06\\\/cropped-hft-arbitrage-platfromLogo.png?fit=500%2C93&ssl=1\",\"contentUrl\":\"https:\\\/\\\/i0.wp.com\\\/hftarbitrageplatform.com\\\/wp-content\\\/uploads\\\/2022\\\/06\\\/cropped-hft-arbitrage-platfromLogo.png?fit=500%2C93&ssl=1\",\"width\":500,\"height\":93,\"caption\":\"HFT Arbitrage Platfrom -Arbitrage Software for Forex &amp; Cryptocurrencies Markets\"},\"image\":{\"@id\":\"https:\\\/\\\/hftarbitrageplatform.com\\\/#\\\/schema\\\/logo\\\/image\\\/\"}}]}<\/script>\n<!-- \/ Yoast SEO plugin. -->","yoast_head_json":{"title":"HFT Forex Arbitrage Education - HFT Arbitrage Platfrom - Software de Arbitraje para los Mercados de Divisas y Criptodivisas","description":"Descubra los secretos del arbitraje de negociaci\u00f3n de alta frecuencia con nuestra completa serie educativa gratuita. Profundice en las estrategias, herramientas y opiniones de los expertos en HFT.","robots":{"index":"index","follow":"follow","max-snippet":"max-snippet:-1","max-image-preview":"max-image-preview:large","max-video-preview":"max-video-preview:-1"},"canonical":"https:\/\/hftarbitrageplatform.com\/es\/hft-forex-arbitrage-educacion-gratuita\/","og_locale":"es_ES","og_type":"article","og_title":"HFT Forex Arbitrage Education - HFT Arbitrage Platfrom -Arbitrage Software for Forex &amp; Cryptocurrencies Markets","og_description":"Unlock the secrets of High-Frequency Trading Arbitrage with our comprehensive free education series. Dive deep into HFT strategies, tools, and expert insights.","og_url":"https:\/\/hftarbitrageplatform.com\/es\/hft-forex-arbitrage-educacion-gratuita\/","og_site_name":"HFT Arbitrage Platfrom -Arbitrage Software for Forex &amp; Cryptocurrencies Markets","article_modified_time":"2023-10-09T11:16:33+00:00","og_image":[{"width":1920,"height":1280,"url":"https:\/\/hftarbitrageplatform.com\/wp-content\/uploads\/2020\/12\/business.jpg","type":"image\/jpeg"}],"twitter_card":"summary_large_image","twitter_misc":{"Tiempo de lectura":"2 minutos"},"schema":{"@context":"https:\/\/schema.org","@graph":[{"@type":"WebPage","@id":"https:\/\/hftarbitrageplatform.com\/hft-forex-arbitrage-free-education\/","url":"https:\/\/hftarbitrageplatform.com\/hft-forex-arbitrage-free-education\/","name":"HFT Forex Arbitrage Education - HFT Arbitrage Platfrom - Software de Arbitraje para los Mercados de Divisas y Criptodivisas","isPartOf":{"@id":"https:\/\/hftarbitrageplatform.com\/#website"},"primaryImageOfPage":{"@id":"https:\/\/hftarbitrageplatform.com\/hft-forex-arbitrage-free-education\/#primaryimage"},"image":{"@id":"https:\/\/hftarbitrageplatform.com\/hft-forex-arbitrage-free-education\/#primaryimage"},"thumbnailUrl":"https:\/\/i0.wp.com\/hftarbitrageplatform.com\/wp-content\/uploads\/2020\/12\/business.jpg?fit=1920%2C1280&ssl=1","datePublished":"2023-10-04T15:19:12+00:00","dateModified":"2023-10-09T11:16:33+00:00","description":"Descubra los secretos del arbitraje de negociaci\u00f3n de alta frecuencia con nuestra completa serie educativa gratuita. Profundice en las estrategias, herramientas y opiniones de los expertos en HFT.","breadcrumb":{"@id":"https:\/\/hftarbitrageplatform.com\/hft-forex-arbitrage-free-education\/#breadcrumb"},"inLanguage":"es","potentialAction":[{"@type":"ReadAction","target":["https:\/\/hftarbitrageplatform.com\/hft-forex-arbitrage-free-education\/"]}]},{"@type":"ImageObject","inLanguage":"es","@id":"https:\/\/hftarbitrageplatform.com\/hft-forex-arbitrage-free-education\/#primaryimage","url":"https:\/\/i0.wp.com\/hftarbitrageplatform.com\/wp-content\/uploads\/2020\/12\/business.jpg?fit=1920%2C1280&ssl=1","contentUrl":"https:\/\/i0.wp.com\/hftarbitrageplatform.com\/wp-content\/uploads\/2020\/12\/business.jpg?fit=1920%2C1280&ssl=1","width":1920,"height":1280,"caption":"hft forex arbitrage education"},{"@type":"BreadcrumbList","@id":"https:\/\/hftarbitrageplatform.com\/hft-forex-arbitrage-free-education\/#breadcrumb","itemListElement":[{"@type":"ListItem","position":1,"name":"Home","item":"https:\/\/hftarbitrageplatform.com\/"},{"@type":"ListItem","position":2,"name":"HFT Forex Arbitrage Education"}]},{"@type":"WebSite","@id":"https:\/\/hftarbitrageplatform.com\/#website","url":"https:\/\/hftarbitrageplatform.com\/","name":"HFT Arbitrage Platfrom - Software de arbitraje para los mercados de divisas y criptomonedas","description":"Bot de arbitraje HFT multiplataforma y multiestrategia","publisher":{"@id":"https:\/\/hftarbitrageplatform.com\/#organization"},"potentialAction":[{"@type":"SearchAction","target":{"@type":"EntryPoint","urlTemplate":"https:\/\/hftarbitrageplatform.com\/?s={search_term_string}"},"query-input":{"@type":"PropertyValueSpecification","valueRequired":true,"valueName":"search_term_string"}}],"inLanguage":"es"},{"@type":"Organization","@id":"https:\/\/hftarbitrageplatform.com\/#organization","name":"HFT Arbitrage Platfrom - Software de arbitraje para los mercados de divisas y criptomonedas","url":"https:\/\/hftarbitrageplatform.com\/","logo":{"@type":"ImageObject","inLanguage":"es","@id":"https:\/\/hftarbitrageplatform.com\/#\/schema\/logo\/image\/","url":"https:\/\/i0.wp.com\/hftarbitrageplatform.com\/wp-content\/uploads\/2022\/06\/cropped-hft-arbitrage-platfromLogo.png?fit=500%2C93&ssl=1","contentUrl":"https:\/\/i0.wp.com\/hftarbitrageplatform.com\/wp-content\/uploads\/2022\/06\/cropped-hft-arbitrage-platfromLogo.png?fit=500%2C93&ssl=1","width":500,"height":93,"caption":"HFT Arbitrage Platfrom -Arbitrage Software for Forex &amp; Cryptocurrencies Markets"},"image":{"@id":"https:\/\/hftarbitrageplatform.com\/#\/schema\/logo\/image\/"}}]}},"jetpack_sharing_enabled":true,"_links":{"self":[{"href":"https:\/\/hftarbitrageplatform.com\/es\/wp-json\/wp\/v2\/pages\/2416","targetHints":{"allow":["GET"]}}],"collection":[{"href":"https:\/\/hftarbitrageplatform.com\/es\/wp-json\/wp\/v2\/pages"}],"about":[{"href":"https:\/\/hftarbitrageplatform.com\/es\/wp-json\/wp\/v2\/types\/page"}],"author":[{"embeddable":true,"href":"https:\/\/hftarbitrageplatform.com\/es\/wp-json\/wp\/v2\/users\/1"}],"replies":[{"embeddable":true,"href":"https:\/\/hftarbitrageplatform.com\/es\/wp-json\/wp\/v2\/comments?post=2416"}],"version-history":[{"count":19,"href":"https:\/\/hftarbitrageplatform.com\/es\/wp-json\/wp\/v2\/pages\/2416\/revisions"}],"predecessor-version":[{"id":2455,"href":"https:\/\/hftarbitrageplatform.com\/es\/wp-json\/wp\/v2\/pages\/2416\/revisions\/2455"}],"wp:featuredmedia":[{"embeddable":true,"href":"https:\/\/hftarbitrageplatform.com\/es\/wp-json\/wp\/v2\/media\/8"}],"wp:attachment":[{"href":"https:\/\/hftarbitrageplatform.com\/es\/wp-json\/wp\/v2\/media?parent=2416"}],"curies":[{"name":"wp","href":"https:\/\/api.w.org\/{rel}","templated":true}]}}