{"id":3848,"date":"2026-04-02T15:07:14","date_gmt":"2026-04-02T19:07:14","guid":{"rendered":"https:\/\/hftarbitrageplatform.com\/?page_id=3848"},"modified":"2026-04-02T15:08:32","modified_gmt":"2026-04-02T19:08:32","slug":"desarrollador-de-sistemas-de-trading-de-alta-frecuencia-de-sergey-luts","status":"publish","type":"page","link":"https:\/\/hftarbitrageplatform.com\/es\/sergey-luts-high-frequency-trading-systems-developer\/","title":{"rendered":"Sergey Luts \u2013 Desarrollador de Sistemas de Trading de Alta Frecuencia"},"content":{"rendered":"<figure class=\"wp-block-image size-full is-resized\"><img data-recalc-dims=\"1\" loading=\"lazy\" decoding=\"async\" width=\"378\" height=\"396\" src=\"https:\/\/i0.wp.com\/hftarbitrageplatform.com\/wp-content\/uploads\/2026\/04\/av.png?resize=378%2C396&#038;ssl=1\" alt=\"\" class=\"wp-image-3849\" style=\"width:228px;height:auto\" srcset=\"https:\/\/i0.wp.com\/hftarbitrageplatform.com\/wp-content\/uploads\/2026\/04\/av.png?w=378&amp;ssl=1 378w, https:\/\/i0.wp.com\/hftarbitrageplatform.com\/wp-content\/uploads\/2026\/04\/av.png?resize=286%2C300&amp;ssl=1 286w, https:\/\/i0.wp.com\/hftarbitrageplatform.com\/wp-content\/uploads\/2026\/04\/av.png?resize=11%2C12&amp;ssl=1 11w\" sizes=\"auto, (max-width: 378px) 100vw, 378px\" \/><\/figure>\n\n\n\n<p><strong>Sergey Luts<\/strong> es un desarrollador con mucha experiencia en <strong>sistemas de trading de alta frecuencia<\/strong> con m\u00e1s de 20 a\u00f1os de experiencia en tecnolog\u00eda financiera e infraestructura avanzada de trading. Nacido en Dnipropetrovsk, Ucrania, se licenci\u00f3 en <strong>Universidad T\u00e9cnica Estatal de Dnipropetrovsk<\/strong> en 1999 y se especializa en el desarrollo de sistemas HFT desde 2000.<\/p>\n\n\n\n<p>A lo largo de su carrera, Sergey ha desarrollado sofisticadas soluciones para entornos de trading profesional, incluyendo un trabajo para un fondo de cobertura donde cre\u00f3 un sistema de trading exitoso. Hace cinco a\u00f1os, decidi\u00f3 seguir su propio camino, reuniendo un equipo de matem\u00e1ticos y traders y fundando <strong>Software HFT<\/strong> para desarrollar tecnolog\u00edas de negociaci\u00f3n de pr\u00f3xima generaci\u00f3n.<\/p>\n\n\n\n<p>A lo largo de los a\u00f1os, Sergey ha contribuido al desarrollo de <strong>cientos de estrategias de negociaci\u00f3n<\/strong>, Todos ellos se han probado y perfeccionado a fondo, y s\u00f3lo se han seleccionado las soluciones m\u00e1s eficaces para su venta y aplicaci\u00f3n en el mundo real. Su cartera incluye <strong>docenas de estrategias de arbitraje<\/strong>, herramientas de ejecuci\u00f3n de alto rendimiento y una velocidad excepcional <strong>Copiador de operaciones Forex<\/strong> dise\u00f1ado para infraestructura HFT exigente.<\/p>\n\n\n\n<p>Con s\u00f3lida experiencia en <strong>Python, C# y C++<\/strong>, Sergey es conocido como un programador experimentado y un h\u00e1bil arquitecto de sistemas avanzados de trading. Su trabajo se define por la velocidad, la precisi\u00f3n, la profundidad t\u00e9cnica y una comprensi\u00f3n pr\u00e1ctica de lo que los traders profesionales requieren en mercados altamente competitivos.<\/p>","protected":false},"excerpt":{"rendered":"<p>Sergey Luts is a highly experienced developer of high-frequency trading systems with more than 20 years of expertise in financial technology and advanced trading infrastructure. Born in Dnipropetrovsk, Ukraine, he graduated from Dnipropetrovsk State Technical University in 1999 and has been specializing in HFT system development since 2000. Throughout his career, Sergey has developed sophisticated [&#8230;]<\/p>\n<p><a class=\"btn btn-secondary conversions-read-more-link\" href=\"https:\/\/hftarbitrageplatform.com\/es\/sergey-luts-high-frequency-trading-systems-developer\/\">Read More&#8230;<\/a><\/p>\n","protected":false},"author":1,"featured_media":0,"parent":0,"menu_order":0,"comment_status":"closed","ping_status":"closed","template":"","meta":{"_acf_changed":false,"footnotes":""},"class_list":["post-3848","page","type-page","status-publish","hentry"],"acf":[],"yoast_head":"<!-- This site is optimized with the Yoast SEO plugin v27.3 - https:\/\/yoast.com\/product\/yoast-seo-wordpress\/ -->\n<title>Sergey Luts \u2013 High-Frequency Trading Systems Developer - HFT Arbitrage Platfrom -Arbitrage Software for Forex &amp; Cryptocurrencies Markets<\/title>\n<meta name=\"robots\" content=\"index, follow, max-snippet:-1, max-image-preview:large, max-video-preview:-1\" \/>\n<link rel=\"canonical\" href=\"https:\/\/hftarbitrageplatform.com\/es\/desarrollador-de-sistemas-de-trading-de-alta-frecuencia-de-sergey-luts\/\" \/>\n<meta property=\"og:locale\" content=\"es_ES\" \/>\n<meta property=\"og:type\" content=\"article\" \/>\n<meta property=\"og:title\" content=\"Sergey Luts \u2013 High-Frequency Trading Systems Developer - HFT Arbitrage Platfrom -Arbitrage Software for Forex &amp; Cryptocurrencies Markets\" \/>\n<meta property=\"og:description\" content=\"Sergey Luts is a highly experienced developer of high-frequency trading systems with more than 20 years of expertise in financial technology and advanced trading infrastructure. Born in Dnipropetrovsk, Ukraine, he graduated from Dnipropetrovsk State Technical University in 1999 and has been specializing in HFT system development since 2000. Throughout his career, Sergey has developed sophisticated [...]Read More...\" \/>\n<meta property=\"og:url\" content=\"https:\/\/hftarbitrageplatform.com\/es\/desarrollador-de-sistemas-de-trading-de-alta-frecuencia-de-sergey-luts\/\" \/>\n<meta property=\"og:site_name\" content=\"HFT Arbitrage Platfrom -Arbitrage Software for Forex &amp; Cryptocurrencies Markets\" \/>\n<meta property=\"article:modified_time\" content=\"2026-04-02T19:08:32+00:00\" \/>\n<meta property=\"og:image\" content=\"https:\/\/hftarbitrageplatform.com\/wp-content\/uploads\/2026\/04\/av.png\" \/>\n<meta name=\"twitter:card\" content=\"summary_large_image\" \/>\n<meta name=\"twitter:label1\" content=\"Tiempo de lectura\" \/>\n\t<meta name=\"twitter:data1\" content=\"2 minutos\" \/>\n<script type=\"application\/ld+json\" class=\"yoast-schema-graph\">{\"@context\":\"https:\\\/\\\/schema.org\",\"@graph\":[{\"@type\":\"WebPage\",\"@id\":\"https:\\\/\\\/hftarbitrageplatform.com\\\/sergey-luts-high-frequency-trading-systems-developer\\\/\",\"url\":\"https:\\\/\\\/hftarbitrageplatform.com\\\/sergey-luts-high-frequency-trading-systems-developer\\\/\",\"name\":\"Sergey Luts \u2013 High-Frequency Trading Systems Developer - HFT Arbitrage Platfrom -Arbitrage Software for Forex &amp; Cryptocurrencies Markets\",\"isPartOf\":{\"@id\":\"https:\\\/\\\/hftarbitrageplatform.com\\\/#website\"},\"primaryImageOfPage\":{\"@id\":\"https:\\\/\\\/hftarbitrageplatform.com\\\/sergey-luts-high-frequency-trading-systems-developer\\\/#primaryimage\"},\"image\":{\"@id\":\"https:\\\/\\\/hftarbitrageplatform.com\\\/sergey-luts-high-frequency-trading-systems-developer\\\/#primaryimage\"},\"thumbnailUrl\":\"https:\\\/\\\/hftarbitrageplatform.com\\\/wp-content\\\/uploads\\\/2026\\\/04\\\/av.png\",\"datePublished\":\"2026-04-02T19:07:14+00:00\",\"dateModified\":\"2026-04-02T19:08:32+00:00\",\"breadcrumb\":{\"@id\":\"https:\\\/\\\/hftarbitrageplatform.com\\\/sergey-luts-high-frequency-trading-systems-developer\\\/#breadcrumb\"},\"inLanguage\":\"es\",\"potentialAction\":[{\"@type\":\"ReadAction\",\"target\":[\"https:\\\/\\\/hftarbitrageplatform.com\\\/sergey-luts-high-frequency-trading-systems-developer\\\/\"]}]},{\"@type\":\"ImageObject\",\"inLanguage\":\"es\",\"@id\":\"https:\\\/\\\/hftarbitrageplatform.com\\\/sergey-luts-high-frequency-trading-systems-developer\\\/#primaryimage\",\"url\":\"https:\\\/\\\/hftarbitrageplatform.com\\\/wp-content\\\/uploads\\\/2026\\\/04\\\/av.png\",\"contentUrl\":\"https:\\\/\\\/hftarbitrageplatform.com\\\/wp-content\\\/uploads\\\/2026\\\/04\\\/av.png\"},{\"@type\":\"BreadcrumbList\",\"@id\":\"https:\\\/\\\/hftarbitrageplatform.com\\\/sergey-luts-high-frequency-trading-systems-developer\\\/#breadcrumb\",\"itemListElement\":[{\"@type\":\"ListItem\",\"position\":1,\"name\":\"Home\",\"item\":\"https:\\\/\\\/hftarbitrageplatform.com\\\/\"},{\"@type\":\"ListItem\",\"position\":2,\"name\":\"Sergey Luts \u2013 High-Frequency Trading Systems Developer\"}]},{\"@type\":\"WebSite\",\"@id\":\"https:\\\/\\\/hftarbitrageplatform.com\\\/#website\",\"url\":\"https:\\\/\\\/hftarbitrageplatform.com\\\/\",\"name\":\"HFT Arbitrage Platfrom -Arbitrage Software for Forex &amp; Cryptocurrencies Markets\",\"description\":\"Multi-platforms and Multi-Strategies HFT Arbitrage Bot\",\"publisher\":{\"@id\":\"https:\\\/\\\/hftarbitrageplatform.com\\\/#organization\"},\"potentialAction\":[{\"@type\":\"SearchAction\",\"target\":{\"@type\":\"EntryPoint\",\"urlTemplate\":\"https:\\\/\\\/hftarbitrageplatform.com\\\/?s={search_term_string}\"},\"query-input\":{\"@type\":\"PropertyValueSpecification\",\"valueRequired\":true,\"valueName\":\"search_term_string\"}}],\"inLanguage\":\"es\"},{\"@type\":\"Organization\",\"@id\":\"https:\\\/\\\/hftarbitrageplatform.com\\\/#organization\",\"name\":\"HFT Arbitrage Platfrom -Arbitrage Software for Forex &amp; Cryptocurrencies Markets\",\"url\":\"https:\\\/\\\/hftarbitrageplatform.com\\\/\",\"logo\":{\"@type\":\"ImageObject\",\"inLanguage\":\"es\",\"@id\":\"https:\\\/\\\/hftarbitrageplatform.com\\\/#\\\/schema\\\/logo\\\/image\\\/\",\"url\":\"https:\\\/\\\/i0.wp.com\\\/hftarbitrageplatform.com\\\/wp-content\\\/uploads\\\/2022\\\/06\\\/cropped-hft-arbitrage-platfromLogo.png?fit=500%2C93&ssl=1\",\"contentUrl\":\"https:\\\/\\\/i0.wp.com\\\/hftarbitrageplatform.com\\\/wp-content\\\/uploads\\\/2022\\\/06\\\/cropped-hft-arbitrage-platfromLogo.png?fit=500%2C93&ssl=1\",\"width\":500,\"height\":93,\"caption\":\"HFT Arbitrage Platfrom -Arbitrage Software for Forex &amp; Cryptocurrencies Markets\"},\"image\":{\"@id\":\"https:\\\/\\\/hftarbitrageplatform.com\\\/#\\\/schema\\\/logo\\\/image\\\/\"}}]}<\/script>\n<!-- \/ Yoast SEO plugin. -->","yoast_head_json":{"title":"Sergey Luts - High-Frequency Trading Systems Developer - HFT Arbitrage Platfrom -Arbitrage Software for Forex &amp; Cryptocurrencies Markets","robots":{"index":"index","follow":"follow","max-snippet":"max-snippet:-1","max-image-preview":"max-image-preview:large","max-video-preview":"max-video-preview:-1"},"canonical":"https:\/\/hftarbitrageplatform.com\/es\/desarrollador-de-sistemas-de-trading-de-alta-frecuencia-de-sergey-luts\/","og_locale":"es_ES","og_type":"article","og_title":"Sergey Luts \u2013 High-Frequency Trading Systems Developer - HFT Arbitrage Platfrom -Arbitrage Software for Forex &amp; Cryptocurrencies Markets","og_description":"Sergey Luts is a highly experienced developer of high-frequency trading systems with more than 20 years of expertise in financial technology and advanced trading infrastructure. Born in Dnipropetrovsk, Ukraine, he graduated from Dnipropetrovsk State Technical University in 1999 and has been specializing in HFT system development since 2000. Throughout his career, Sergey has developed sophisticated [...]Read More...","og_url":"https:\/\/hftarbitrageplatform.com\/es\/desarrollador-de-sistemas-de-trading-de-alta-frecuencia-de-sergey-luts\/","og_site_name":"HFT Arbitrage Platfrom -Arbitrage Software for Forex &amp; Cryptocurrencies Markets","article_modified_time":"2026-04-02T19:08:32+00:00","og_image":[{"url":"https:\/\/hftarbitrageplatform.com\/wp-content\/uploads\/2026\/04\/av.png","type":"","width":"","height":""}],"twitter_card":"summary_large_image","twitter_misc":{"Tiempo de lectura":"2 minutos"},"schema":{"@context":"https:\/\/schema.org","@graph":[{"@type":"WebPage","@id":"https:\/\/hftarbitrageplatform.com\/sergey-luts-high-frequency-trading-systems-developer\/","url":"https:\/\/hftarbitrageplatform.com\/sergey-luts-high-frequency-trading-systems-developer\/","name":"Sergey Luts - High-Frequency Trading Systems Developer - HFT Arbitrage Platfrom -Arbitrage Software for Forex &amp; Cryptocurrencies Markets","isPartOf":{"@id":"https:\/\/hftarbitrageplatform.com\/#website"},"primaryImageOfPage":{"@id":"https:\/\/hftarbitrageplatform.com\/sergey-luts-high-frequency-trading-systems-developer\/#primaryimage"},"image":{"@id":"https:\/\/hftarbitrageplatform.com\/sergey-luts-high-frequency-trading-systems-developer\/#primaryimage"},"thumbnailUrl":"https:\/\/hftarbitrageplatform.com\/wp-content\/uploads\/2026\/04\/av.png","datePublished":"2026-04-02T19:07:14+00:00","dateModified":"2026-04-02T19:08:32+00:00","breadcrumb":{"@id":"https:\/\/hftarbitrageplatform.com\/sergey-luts-high-frequency-trading-systems-developer\/#breadcrumb"},"inLanguage":"es","potentialAction":[{"@type":"ReadAction","target":["https:\/\/hftarbitrageplatform.com\/sergey-luts-high-frequency-trading-systems-developer\/"]}]},{"@type":"ImageObject","inLanguage":"es","@id":"https:\/\/hftarbitrageplatform.com\/sergey-luts-high-frequency-trading-systems-developer\/#primaryimage","url":"https:\/\/hftarbitrageplatform.com\/wp-content\/uploads\/2026\/04\/av.png","contentUrl":"https:\/\/hftarbitrageplatform.com\/wp-content\/uploads\/2026\/04\/av.png"},{"@type":"BreadcrumbList","@id":"https:\/\/hftarbitrageplatform.com\/sergey-luts-high-frequency-trading-systems-developer\/#breadcrumb","itemListElement":[{"@type":"ListItem","position":1,"name":"Home","item":"https:\/\/hftarbitrageplatform.com\/"},{"@type":"ListItem","position":2,"name":"Sergey Luts \u2013 High-Frequency Trading Systems Developer"}]},{"@type":"WebSite","@id":"https:\/\/hftarbitrageplatform.com\/#website","url":"https:\/\/hftarbitrageplatform.com\/","name":"HFT Arbitrage Platfrom - Software de arbitraje para los mercados de divisas y criptomonedas","description":"Bot de arbitraje HFT multiplataforma y multiestrategia","publisher":{"@id":"https:\/\/hftarbitrageplatform.com\/#organization"},"potentialAction":[{"@type":"SearchAction","target":{"@type":"EntryPoint","urlTemplate":"https:\/\/hftarbitrageplatform.com\/?s={search_term_string}"},"query-input":{"@type":"PropertyValueSpecification","valueRequired":true,"valueName":"search_term_string"}}],"inLanguage":"es"},{"@type":"Organization","@id":"https:\/\/hftarbitrageplatform.com\/#organization","name":"HFT Arbitrage Platfrom - Software de arbitraje para los mercados de divisas y criptomonedas","url":"https:\/\/hftarbitrageplatform.com\/","logo":{"@type":"ImageObject","inLanguage":"es","@id":"https:\/\/hftarbitrageplatform.com\/#\/schema\/logo\/image\/","url":"https:\/\/i0.wp.com\/hftarbitrageplatform.com\/wp-content\/uploads\/2022\/06\/cropped-hft-arbitrage-platfromLogo.png?fit=500%2C93&ssl=1","contentUrl":"https:\/\/i0.wp.com\/hftarbitrageplatform.com\/wp-content\/uploads\/2022\/06\/cropped-hft-arbitrage-platfromLogo.png?fit=500%2C93&ssl=1","width":500,"height":93,"caption":"HFT Arbitrage Platfrom -Arbitrage Software for Forex &amp; Cryptocurrencies Markets"},"image":{"@id":"https:\/\/hftarbitrageplatform.com\/#\/schema\/logo\/image\/"}}]}},"jetpack_sharing_enabled":true,"_links":{"self":[{"href":"https:\/\/hftarbitrageplatform.com\/es\/wp-json\/wp\/v2\/pages\/3848","targetHints":{"allow":["GET"]}}],"collection":[{"href":"https:\/\/hftarbitrageplatform.com\/es\/wp-json\/wp\/v2\/pages"}],"about":[{"href":"https:\/\/hftarbitrageplatform.com\/es\/wp-json\/wp\/v2\/types\/page"}],"author":[{"embeddable":true,"href":"https:\/\/hftarbitrageplatform.com\/es\/wp-json\/wp\/v2\/users\/1"}],"replies":[{"embeddable":true,"href":"https:\/\/hftarbitrageplatform.com\/es\/wp-json\/wp\/v2\/comments?post=3848"}],"version-history":[{"count":2,"href":"https:\/\/hftarbitrageplatform.com\/es\/wp-json\/wp\/v2\/pages\/3848\/revisions"}],"predecessor-version":[{"id":3851,"href":"https:\/\/hftarbitrageplatform.com\/es\/wp-json\/wp\/v2\/pages\/3848\/revisions\/3851"}],"wp:attachment":[{"href":"https:\/\/hftarbitrageplatform.com\/es\/wp-json\/wp\/v2\/media?parent=3848"}],"curies":[{"name":"wp","href":"https:\/\/api.w.org\/{rel}","templated":true}]}}