{"id":1648,"date":"2025-12-27T12:31:41","date_gmt":"2025-12-27T17:31:41","guid":{"rendered":"https:\/\/hftarbitrageplatform.com\/?post_type=product&#038;p=1648"},"modified":"2025-12-27T12:31:41","modified_gmt":"2025-12-27T17:31:41","slug":"ordena-la-aleatorizacion-del-tamano-de-la-fuente","status":"publish","type":"product","link":"https:\/\/hftarbitrageplatform.com\/es\/product\/orders-source-size-randomization\/","title":{"rendered":"Aleatorizaci\u00f3n de la fuente y el tama\u00f1o del pedido"},"content":{"rendered":"<p>Este m\u00f3dulo es una adici\u00f3n a la Plataforma de Arbitraje HFT y se puede utilizar con todos los bots incorporados disponibles: Latency Arbitrage bot, Hedge Arbitrage bot, 2-legs latency 1, 2, 3 Arbitrage bots.<\/p>\n<p>Es importante entender que la mayor parte del \u00e9xito de las operaciones de arbitraje depende no s\u00f3lo del algoritmo de una u otra estrategia de arbitraje, sino tambi\u00e9n del algoritmo de enmascaramiento de las operaciones de arbitraje, que permite al operador ser invisible para el distribuidor y eludir todo tipo de complementos, tales como <a href=\"https:\/\/hftarbitrageplatform.com\/es\/crupier-virtual-enchufado-al-juego-sucio-contra-ti\/\" target=\"_blank\" rel=\"noopener\">distribuidores virtuales<\/a>.<\/p>\n<p><strong>Aleatorizaci\u00f3n del origen y el tama\u00f1o del pedido<\/strong> est\u00e1 destinado a camuflar las operaciones de arbitraje y puede dividirse condicionalmente en dos partes, en dos m\u00f3dulos separados:<\/p>\n<ol>\n<li>Aleatorizaci\u00f3n de la fuente de la orden.<\/li>\n<li>Aleatorizaci\u00f3n del tama\u00f1o de la orden<\/li>\n<\/ol>\n<p><strong>Aleatorizaci\u00f3n del origen de la Orden<\/strong> permite la simulaci\u00f3n de las fuentes de \u00f3rdenes: negociaci\u00f3n manual, negociaci\u00f3n automatizada con robots Forex, negociaci\u00f3n desde el terminal de negociaci\u00f3n m\u00f3vil, negociaci\u00f3n desde el terminal web y la se\u00f1al del mercado. Y el operador puede determinar el porcentaje de \u00f3rdenes para cada fuente de se\u00f1al. Por ejemplo, si el corredor de divisas s\u00f3lo proporciona un terminal web, el operador puede distribuir el porcentaje de la siguiente manera:<\/p>\n<ul>\n<li>Manual de comercio -50%.<\/li>\n<li>Comercio automatizado -10%<\/li>\n<li>La se\u00f1al del Mercado -10%<\/li>\n<li>Terminal web -30%<\/li>\n<\/ul>\n<p><img data-recalc-dims=\"1\" loading=\"lazy\" decoding=\"async\" class=\"alignnone wp-image-1680 size-full\" src=\"https:\/\/i0.wp.com\/hftarbitrageplatform.com\/wp-content\/uploads\/2023\/02\/source-randomization.png?resize=486%2C561&#038;ssl=1\" alt=\"aleatorizaci\u00f3n de fuentes de \u00f3rdenes para operaciones de arbitraje\" width=\"486\" height=\"561\" srcset=\"https:\/\/i0.wp.com\/hftarbitrageplatform.com\/wp-content\/uploads\/2023\/02\/source-randomization.png?w=486&amp;ssl=1 486w, https:\/\/i0.wp.com\/hftarbitrageplatform.com\/wp-content\/uploads\/2023\/02\/source-randomization.png?resize=260%2C300&amp;ssl=1 260w, https:\/\/i0.wp.com\/hftarbitrageplatform.com\/wp-content\/uploads\/2023\/02\/source-randomization.png?resize=10%2C12&amp;ssl=1 10w\" sizes=\"auto, (max-width: 486px) 100vw, 486px\" \/><\/p>\n<p><strong>Aleatorizaci\u00f3n del tama\u00f1o de la orden<\/strong> le permite simular operaciones con un tama\u00f1o de lote aleatorio en lugar de un tama\u00f1o de lote fijo. Trader elige el tama\u00f1o de lote y tambi\u00e9n establece la desviaci\u00f3n permitida del tama\u00f1o de lote seleccionado.<\/p>\n<p><img data-recalc-dims=\"1\" loading=\"lazy\" decoding=\"async\" class=\"alignnone size-full wp-image-1681\" src=\"https:\/\/i0.wp.com\/hftarbitrageplatform.com\/wp-content\/uploads\/2023\/02\/lot-randomization.png?resize=180%2C128&#038;ssl=1\" alt=\"aleatorizaci\u00f3n de lotes para operaciones de arbitraje\" width=\"180\" height=\"128\" srcset=\"https:\/\/i0.wp.com\/hftarbitrageplatform.com\/wp-content\/uploads\/2023\/02\/lot-randomization.png?w=180&amp;ssl=1 180w, https:\/\/i0.wp.com\/hftarbitrageplatform.com\/wp-content\/uploads\/2023\/02\/lot-randomization.png?resize=18%2C12&amp;ssl=1 18w\" sizes=\"auto, (max-width: 180px) 100vw, 180px\" \/><\/p>\n<p>Los m\u00f3dulos Order's Source Randomization y Order's Source Randomization se complementan bien y permiten disimular las operaciones de arbitraje de forma fiable.<\/p>","protected":false},"excerpt":{"rendered":"<p><strong>Order&#8217;s Source &amp; Size Randomization<\/strong> module is intended for camouflaging arbitrage trading and can be conditionally divided into two parts, into two separate modules: Order&#8217;s Source Randomization and Order&#8217;s Size Randomization.<\/p>\n<p><strong>The Order&#8217;s Source Randomization<\/strong> allows the simulation of the order sources: manual trading, automated trading with Forex robots, trading from the mobile trading terminal, trading from the web terminal, and the signal from the marketplace.<\/p>\n<p><strong>Order&#8217;s Size Randomization<\/strong> allows you to simulate trading with a random lot size instead of a fixed lot size. [&#8230;]<\/p>\n<p><a class=\"btn btn-secondary conversions-read-more-link\" href=\"https:\/\/hftarbitrageplatform.com\/es\/product\/orders-source-size-randomization\/\">Read More&#8230;<\/a><\/p>\n","protected":false},"featured_media":1682,"comment_status":"open","ping_status":"closed","template":"","meta":{"_acf_changed":false},"product_brand":[],"product_cat":[130],"product_tag":[132,131],"class_list":{"0":"post-1648","1":"product","2":"type-product","3":"status-publish","4":"has-post-thumbnail","6":"product_cat-arbitrage-software-add-ons","7":"product_tag-arbitrage-add-on","8":"product_tag-arbitrage-software-add-on","10":"first","11":"instock","12":"virtual","13":"sold-individually","14":"purchasable","15":"product-type-simple"},"acf":[],"yoast_head":"<!-- This site is optimized with the Yoast SEO plugin v27.3 - https:\/\/yoast.com\/product\/yoast-seo-wordpress\/ -->\n<title>Order&#039;s Source &amp; Size randomization - HFT Arbitrage Platfrom -Arbitrage Software for Forex &amp; Cryptocurrencies Markets<\/title>\n<meta name=\"robots\" content=\"index, follow, max-snippet:-1, max-image-preview:large, max-video-preview:-1\" \/>\n<link rel=\"canonical\" href=\"https:\/\/hftarbitrageplatform.com\/es\/producto\/ordena-la-aleatorizacion-del-tamano-de-la-fuente\/\" \/>\n<meta property=\"og:locale\" content=\"es_ES\" \/>\n<meta property=\"og:type\" content=\"article\" \/>\n<meta property=\"og:title\" content=\"Order&#039;s Source &amp; Size randomization - HFT Arbitrage Platfrom -Arbitrage Software for Forex &amp; Cryptocurrencies Markets\" \/>\n<meta property=\"og:description\" content=\"Order&#039;s Source &amp; Size Randomization module is intended for camouflaging arbitrage trading and can be conditionally divided into two parts, into two separate modules: Order&#039;s Source Randomization and Order&#039;s Size Randomization.  The Order&#039;s Source Randomization allows the simulation of the order sources: manual trading, automated trading with Forex robots, trading from the mobile trading terminal, trading from the web terminal, and the signal from the marketplace.  Order&#039;s Size Randomization allows you to simulate trading with a random lot size instead of a fixed lot size. [...]Read More...\" \/>\n<meta property=\"og:url\" content=\"https:\/\/hftarbitrageplatform.com\/es\/producto\/ordena-la-aleatorizacion-del-tamano-de-la-fuente\/\" \/>\n<meta property=\"og:site_name\" content=\"HFT Arbitrage Platfrom -Arbitrage Software for Forex &amp; Cryptocurrencies Markets\" \/>\n<meta property=\"og:image\" content=\"https:\/\/i0.wp.com\/hftarbitrageplatform.com\/wp-content\/uploads\/2023\/02\/orders-randomization.png?fit=300%2C205&ssl=1\" \/>\n\t<meta property=\"og:image:width\" content=\"300\" \/>\n\t<meta property=\"og:image:height\" content=\"205\" \/>\n\t<meta property=\"og:image:type\" content=\"image\/png\" \/>\n<meta name=\"twitter:card\" content=\"summary_large_image\" \/>\n<meta name=\"twitter:label1\" content=\"Tiempo de lectura\" \/>\n\t<meta name=\"twitter:data1\" content=\"1 minuto\" \/>\n<script type=\"application\/ld+json\" class=\"yoast-schema-graph\">{\"@context\":\"https:\\\/\\\/schema.org\",\"@graph\":[{\"@type\":\"WebPage\",\"@id\":\"https:\\\/\\\/hftarbitrageplatform.com\\\/product\\\/orders-source-size-randomization\\\/\",\"url\":\"https:\\\/\\\/hftarbitrageplatform.com\\\/product\\\/orders-source-size-randomization\\\/\",\"name\":\"Order's Source & Size randomization - HFT Arbitrage Platfrom -Arbitrage Software for Forex &amp; Cryptocurrencies Markets\",\"isPartOf\":{\"@id\":\"https:\\\/\\\/hftarbitrageplatform.com\\\/#website\"},\"primaryImageOfPage\":{\"@id\":\"https:\\\/\\\/hftarbitrageplatform.com\\\/product\\\/orders-source-size-randomization\\\/#primaryimage\"},\"image\":{\"@id\":\"https:\\\/\\\/hftarbitrageplatform.com\\\/product\\\/orders-source-size-randomization\\\/#primaryimage\"},\"thumbnailUrl\":\"https:\\\/\\\/i0.wp.com\\\/hftarbitrageplatform.com\\\/wp-content\\\/uploads\\\/2023\\\/02\\\/orders-randomization.png?fit=300%2C205&ssl=1\",\"datePublished\":\"2025-12-27T17:31:41+00:00\",\"breadcrumb\":{\"@id\":\"https:\\\/\\\/hftarbitrageplatform.com\\\/product\\\/orders-source-size-randomization\\\/#breadcrumb\"},\"inLanguage\":\"es\",\"potentialAction\":[{\"@type\":\"ReadAction\",\"target\":[\"https:\\\/\\\/hftarbitrageplatform.com\\\/product\\\/orders-source-size-randomization\\\/\"]}]},{\"@type\":\"ImageObject\",\"inLanguage\":\"es\",\"@id\":\"https:\\\/\\\/hftarbitrageplatform.com\\\/product\\\/orders-source-size-randomization\\\/#primaryimage\",\"url\":\"https:\\\/\\\/i0.wp.com\\\/hftarbitrageplatform.com\\\/wp-content\\\/uploads\\\/2023\\\/02\\\/orders-randomization.png?fit=300%2C205&ssl=1\",\"contentUrl\":\"https:\\\/\\\/i0.wp.com\\\/hftarbitrageplatform.com\\\/wp-content\\\/uploads\\\/2023\\\/02\\\/orders-randomization.png?fit=300%2C205&ssl=1\",\"width\":300,\"height\":205,\"caption\":\"randomization\"},{\"@type\":\"BreadcrumbList\",\"@id\":\"https:\\\/\\\/hftarbitrageplatform.com\\\/product\\\/orders-source-size-randomization\\\/#breadcrumb\",\"itemListElement\":[{\"@type\":\"ListItem\",\"position\":1,\"name\":\"Home\",\"item\":\"https:\\\/\\\/hftarbitrageplatform.com\\\/\"},{\"@type\":\"ListItem\",\"position\":2,\"name\":\"Shop\",\"item\":\"https:\\\/\\\/hftarbitrageplatform.com\\\/en\\\/shop\\\/\"},{\"@type\":\"ListItem\",\"position\":3,\"name\":\"Order&#8217;s Source &#038; Size randomization\"}]},{\"@type\":\"WebSite\",\"@id\":\"https:\\\/\\\/hftarbitrageplatform.com\\\/#website\",\"url\":\"https:\\\/\\\/hftarbitrageplatform.com\\\/\",\"name\":\"HFT Arbitrage Platfrom -Arbitrage Software for Forex &amp; Cryptocurrencies Markets\",\"description\":\"Multi-platforms and Multi-Strategies HFT Arbitrage Bot\",\"publisher\":{\"@id\":\"https:\\\/\\\/hftarbitrageplatform.com\\\/#organization\"},\"potentialAction\":[{\"@type\":\"SearchAction\",\"target\":{\"@type\":\"EntryPoint\",\"urlTemplate\":\"https:\\\/\\\/hftarbitrageplatform.com\\\/?s={search_term_string}\"},\"query-input\":{\"@type\":\"PropertyValueSpecification\",\"valueRequired\":true,\"valueName\":\"search_term_string\"}}],\"inLanguage\":\"es\"},{\"@type\":\"Organization\",\"@id\":\"https:\\\/\\\/hftarbitrageplatform.com\\\/#organization\",\"name\":\"HFT Arbitrage Platfrom -Arbitrage Software for Forex &amp; Cryptocurrencies Markets\",\"url\":\"https:\\\/\\\/hftarbitrageplatform.com\\\/\",\"logo\":{\"@type\":\"ImageObject\",\"inLanguage\":\"es\",\"@id\":\"https:\\\/\\\/hftarbitrageplatform.com\\\/#\\\/schema\\\/logo\\\/image\\\/\",\"url\":\"https:\\\/\\\/i0.wp.com\\\/hftarbitrageplatform.com\\\/wp-content\\\/uploads\\\/2022\\\/06\\\/cropped-hft-arbitrage-platfromLogo.png?fit=500%2C93&ssl=1\",\"contentUrl\":\"https:\\\/\\\/i0.wp.com\\\/hftarbitrageplatform.com\\\/wp-content\\\/uploads\\\/2022\\\/06\\\/cropped-hft-arbitrage-platfromLogo.png?fit=500%2C93&ssl=1\",\"width\":500,\"height\":93,\"caption\":\"HFT Arbitrage Platfrom -Arbitrage Software for Forex &amp; Cryptocurrencies Markets\"},\"image\":{\"@id\":\"https:\\\/\\\/hftarbitrageplatform.com\\\/#\\\/schema\\\/logo\\\/image\\\/\"}}]}<\/script>\n<!-- \/ Yoast SEO plugin. -->","yoast_head_json":{"title":"Aleatorizaci\u00f3n del origen y tama\u00f1o de la orden - HFT Arbitrage Platfrom - Software de arbitraje para mercados de divisas y criptomonedas","robots":{"index":"index","follow":"follow","max-snippet":"max-snippet:-1","max-image-preview":"max-image-preview:large","max-video-preview":"max-video-preview:-1"},"canonical":"https:\/\/hftarbitrageplatform.com\/es\/producto\/ordena-la-aleatorizacion-del-tamano-de-la-fuente\/","og_locale":"es_ES","og_type":"article","og_title":"Order's Source & Size randomization - HFT Arbitrage Platfrom -Arbitrage Software for Forex &amp; Cryptocurrencies Markets","og_description":"Order's Source &amp; Size Randomization module is intended for camouflaging arbitrage trading and can be conditionally divided into two parts, into two separate modules: Order's Source Randomization and Order's Size Randomization.  The Order's Source Randomization allows the simulation of the order sources: manual trading, automated trading with Forex robots, trading from the mobile trading terminal, trading from the web terminal, and the signal from the marketplace.  Order's Size Randomization allows you to simulate trading with a random lot size instead of a fixed lot size. [...]Read More...","og_url":"https:\/\/hftarbitrageplatform.com\/es\/producto\/ordena-la-aleatorizacion-del-tamano-de-la-fuente\/","og_site_name":"HFT Arbitrage Platfrom -Arbitrage Software for Forex &amp; Cryptocurrencies Markets","og_image":[{"width":300,"height":205,"url":"https:\/\/i0.wp.com\/hftarbitrageplatform.com\/wp-content\/uploads\/2023\/02\/orders-randomization.png?fit=300%2C205&ssl=1","type":"image\/png"}],"twitter_card":"summary_large_image","twitter_misc":{"Tiempo de lectura":"1 minuto"},"schema":{"@context":"https:\/\/schema.org","@graph":[{"@type":"WebPage","@id":"https:\/\/hftarbitrageplatform.com\/product\/orders-source-size-randomization\/","url":"https:\/\/hftarbitrageplatform.com\/product\/orders-source-size-randomization\/","name":"Aleatorizaci\u00f3n del origen y tama\u00f1o de la orden - HFT Arbitrage Platfrom - Software de arbitraje para mercados de divisas y criptomonedas","isPartOf":{"@id":"https:\/\/hftarbitrageplatform.com\/#website"},"primaryImageOfPage":{"@id":"https:\/\/hftarbitrageplatform.com\/product\/orders-source-size-randomization\/#primaryimage"},"image":{"@id":"https:\/\/hftarbitrageplatform.com\/product\/orders-source-size-randomization\/#primaryimage"},"thumbnailUrl":"https:\/\/i0.wp.com\/hftarbitrageplatform.com\/wp-content\/uploads\/2023\/02\/orders-randomization.png?fit=300%2C205&ssl=1","datePublished":"2025-12-27T17:31:41+00:00","breadcrumb":{"@id":"https:\/\/hftarbitrageplatform.com\/product\/orders-source-size-randomization\/#breadcrumb"},"inLanguage":"es","potentialAction":[{"@type":"ReadAction","target":["https:\/\/hftarbitrageplatform.com\/product\/orders-source-size-randomization\/"]}]},{"@type":"ImageObject","inLanguage":"es","@id":"https:\/\/hftarbitrageplatform.com\/product\/orders-source-size-randomization\/#primaryimage","url":"https:\/\/i0.wp.com\/hftarbitrageplatform.com\/wp-content\/uploads\/2023\/02\/orders-randomization.png?fit=300%2C205&ssl=1","contentUrl":"https:\/\/i0.wp.com\/hftarbitrageplatform.com\/wp-content\/uploads\/2023\/02\/orders-randomization.png?fit=300%2C205&ssl=1","width":300,"height":205,"caption":"randomization"},{"@type":"BreadcrumbList","@id":"https:\/\/hftarbitrageplatform.com\/product\/orders-source-size-randomization\/#breadcrumb","itemListElement":[{"@type":"ListItem","position":1,"name":"Home","item":"https:\/\/hftarbitrageplatform.com\/"},{"@type":"ListItem","position":2,"name":"Shop","item":"https:\/\/hftarbitrageplatform.com\/en\/shop\/"},{"@type":"ListItem","position":3,"name":"Order&#8217;s Source &#038; Size randomization"}]},{"@type":"WebSite","@id":"https:\/\/hftarbitrageplatform.com\/#website","url":"https:\/\/hftarbitrageplatform.com\/","name":"HFT Arbitrage Platfrom - Software de arbitraje para los mercados de divisas y criptomonedas","description":"Bot de arbitraje HFT multiplataforma y multiestrategia","publisher":{"@id":"https:\/\/hftarbitrageplatform.com\/#organization"},"potentialAction":[{"@type":"SearchAction","target":{"@type":"EntryPoint","urlTemplate":"https:\/\/hftarbitrageplatform.com\/?s={search_term_string}"},"query-input":{"@type":"PropertyValueSpecification","valueRequired":true,"valueName":"search_term_string"}}],"inLanguage":"es"},{"@type":"Organization","@id":"https:\/\/hftarbitrageplatform.com\/#organization","name":"HFT Arbitrage Platfrom - Software de arbitraje para los mercados de divisas y criptomonedas","url":"https:\/\/hftarbitrageplatform.com\/","logo":{"@type":"ImageObject","inLanguage":"es","@id":"https:\/\/hftarbitrageplatform.com\/#\/schema\/logo\/image\/","url":"https:\/\/i0.wp.com\/hftarbitrageplatform.com\/wp-content\/uploads\/2022\/06\/cropped-hft-arbitrage-platfromLogo.png?fit=500%2C93&ssl=1","contentUrl":"https:\/\/i0.wp.com\/hftarbitrageplatform.com\/wp-content\/uploads\/2022\/06\/cropped-hft-arbitrage-platfromLogo.png?fit=500%2C93&ssl=1","width":500,"height":93,"caption":"HFT Arbitrage Platfrom -Arbitrage Software for Forex &amp; Cryptocurrencies Markets"},"image":{"@id":"https:\/\/hftarbitrageplatform.com\/#\/schema\/logo\/image\/"}}]}},"jetpack_sharing_enabled":true,"_links":{"self":[{"href":"https:\/\/hftarbitrageplatform.com\/es\/wp-json\/wp\/v2\/product\/1648","targetHints":{"allow":["GET"]}}],"collection":[{"href":"https:\/\/hftarbitrageplatform.com\/es\/wp-json\/wp\/v2\/product"}],"about":[{"href":"https:\/\/hftarbitrageplatform.com\/es\/wp-json\/wp\/v2\/types\/product"}],"replies":[{"embeddable":true,"href":"https:\/\/hftarbitrageplatform.com\/es\/wp-json\/wp\/v2\/comments?post=1648"}],"wp:featuredmedia":[{"embeddable":true,"href":"https:\/\/hftarbitrageplatform.com\/es\/wp-json\/wp\/v2\/media\/1682"}],"wp:attachment":[{"href":"https:\/\/hftarbitrageplatform.com\/es\/wp-json\/wp\/v2\/media?parent=1648"}],"wp:term":[{"taxonomy":"product_brand","embeddable":true,"href":"https:\/\/hftarbitrageplatform.com\/es\/wp-json\/wp\/v2\/product_brand?post=1648"},{"taxonomy":"product_cat","embeddable":true,"href":"https:\/\/hftarbitrageplatform.com\/es\/wp-json\/wp\/v2\/product_cat?post=1648"},{"taxonomy":"product_tag","embeddable":true,"href":"https:\/\/hftarbitrageplatform.com\/es\/wp-json\/wp\/v2\/product_tag?post=1648"}],"curies":[{"name":"wp","href":"https:\/\/api.w.org\/{rel}","templated":true}]}}