{"id":2795,"date":"2024-05-27T16:08:01","date_gmt":"2024-05-27T20:08:01","guid":{"rendered":"https:\/\/hftarbitrageplatform.com\/?post_type=product&#038;p=2795"},"modified":"2025-12-27T12:31:41","modified_gmt":"2025-12-27T17:31:41","slug":"conector-dxtrade","status":"publish","type":"product","link":"https:\/\/hftarbitrageplatform.com\/es\/product\/dxtrade-connector\/","title":{"rendered":"APIGateway - Conector DXTrade para plataforma de arbitraje HFT"},"content":{"rendered":"<p>APIGateway - El Conector DXTrade le permite utilizar todas las estrategias incorporadas de la Plataforma de Arbitraje HFT en la plataforma DXTrade, <strong>emulando totalmente la negociaci\u00f3n manual sin p\u00e9rdida de velocidad.<\/strong> Puede utilizar el conector con cualquier broker o empresa de prop trading que ofrezca la plataforma DXTrade.<\/p>\n<p><img data-recalc-dims=\"1\" loading=\"lazy\" decoding=\"async\" class=\"alignnone wp-image-2797 size-full\" src=\"https:\/\/i0.wp.com\/hftarbitrageplatform.com\/wp-content\/uploads\/2024\/05\/dxtrade-connector.png?resize=486%2C561&#038;ssl=1\" alt=\"conector dxtrade\" width=\"486\" height=\"561\" srcset=\"https:\/\/i0.wp.com\/hftarbitrageplatform.com\/wp-content\/uploads\/2024\/05\/dxtrade-connector.png?w=486&amp;ssl=1 486w, https:\/\/i0.wp.com\/hftarbitrageplatform.com\/wp-content\/uploads\/2024\/05\/dxtrade-connector.png?resize=260%2C300&amp;ssl=1 260w, https:\/\/i0.wp.com\/hftarbitrageplatform.com\/wp-content\/uploads\/2024\/05\/dxtrade-connector.png?resize=10%2C12&amp;ssl=1 10w\" sizes=\"auto, (max-width: 486px) 100vw, 486px\" \/><\/p>\n<p><strong>Esta es una lista de empresas de negociaci\u00f3n por cuenta propia que han integrado la plataforma DX.trade, proporcionando a sus operadores herramientas y funcionalidades avanzadas:<\/strong><\/p>\n<ul>\n<li>FTMO es una destacada empresa de prop trading conocida por su exhaustivo proceso de evaluaci\u00f3n y sus generosas ofertas de financiaci\u00f3n. Aunque no se han encontrado detalles espec\u00edficos sobre su uso de DX.trade, FTMO es conocida por integrar plataformas de negociaci\u00f3n avanzadas para garantizar una experiencia de negociaci\u00f3n fluida.<\/li>\n<li>AquaFunded ha anunciado recientemente el lanzamiento de DX.trade como su nueva plataforma de negociaci\u00f3n de vanguardia. La plataforma ofrece funciones innovadoras, como herramientas anal\u00edticas avanzadas, medidas de seguridad mejoradas y fiabilidad a trav\u00e9s de diversos dispositivos, lo que garantiza una experiencia de negociaci\u00f3n fluida.<\/li>\n<li>MyFundedFX es otra empresa de comercio de accesorios que aprovecha las modernas plataformas de comercio para proporcionar un excelente apoyo y herramientas para los comerciantes. La empresa se centra en ofrecer divisiones de beneficios y opciones de financiaci\u00f3n competitivas. Los detalles espec\u00edficos sobre su uso de DX.trade no se mencionaron directamente, pero mejoran continuamente sus ofertas de plataforma.<\/li>\n<li>EightCap, una conocida empresa de corretaje, ofrece a sus clientes una serie de plataformas de negociaci\u00f3n, incluida DX.trade. Son conocidos por proporcionar entornos de negociaci\u00f3n robustos con una ejecuci\u00f3n de alta calidad y soporte para m\u00faltiples clases de activos.<\/li>\n<li>InstantFunding ha integrado DX.trade en su plataforma, garantizando a los operadores el acceso a herramientas de negociaci\u00f3n avanzadas y una ejecuci\u00f3n eficaz. Hace hincapi\u00e9 en ofrecer una experiencia de negociaci\u00f3n fiable y f\u00e1cil de usar.<\/li>\n<\/ul>\n<p>Estas empresas utilizan las funciones avanzadas de la plataforma DX.trade para mejorar sus operaciones de negociaci\u00f3n, ofreciendo a los operadores acceso a herramientas sofisticadas, datos de mercado en tiempo real y una experiencia de negociaci\u00f3n fluida a trav\u00e9s de diversos dispositivos. Esta integraci\u00f3n refleja su compromiso de ofrecer entornos de negociaci\u00f3n y asistencia de primer nivel a sus operadores.<\/p>","protected":false},"excerpt":{"rendered":"<p>The DXTrade Connector enables you to leverage all the built-in strategies of the HFT Arbitrage Platform on the DXTrade platform. It fully emulates manual trading without compromising speed. This connector is compatible with any broker or proprietary trading firm that supports the DXTrade platform. [&#8230;]<\/p>\n<p><a class=\"btn btn-secondary conversions-read-more-link\" href=\"https:\/\/hftarbitrageplatform.com\/es\/product\/dxtrade-connector\/\">Read More&#8230;<\/a><\/p>\n","protected":false},"featured_media":2796,"comment_status":"open","ping_status":"closed","template":"","meta":{"_acf_changed":false},"product_brand":[],"product_cat":[130],"product_tag":[162,163],"class_list":{"0":"post-2795","1":"product","2":"type-product","3":"status-publish","4":"has-post-thumbnail","6":"product_cat-arbitrage-software-add-ons","7":"product_tag-dx-trade","8":"product_tag-ftmo","10":"first","11":"instock","12":"downloadable","13":"virtual","14":"sold-individually","15":"purchasable","16":"product-type-simple"},"acf":[],"yoast_head":"<!-- This site is optimized with the Yoast SEO plugin v27.4 - https:\/\/yoast.com\/product\/yoast-seo-wordpress\/ -->\n<title>APIGateway - DXTrade connector for HFT Arbitrage Platform - HFT Arbitrage Platfrom -Arbitrage Software for Forex &amp; Cryptocurrencies Markets<\/title>\n<meta name=\"robots\" content=\"index, follow, max-snippet:-1, max-image-preview:large, max-video-preview:-1\" \/>\n<link rel=\"canonical\" href=\"https:\/\/hftarbitrageplatform.com\/es\/producto\/conector-dxtrade\/\" \/>\n<meta property=\"og:locale\" content=\"es_ES\" \/>\n<meta property=\"og:type\" content=\"article\" \/>\n<meta property=\"og:title\" content=\"APIGateway - DXTrade connector for HFT Arbitrage Platform - HFT Arbitrage Platfrom -Arbitrage Software for Forex &amp; Cryptocurrencies Markets\" \/>\n<meta property=\"og:description\" content=\"The DXTrade Connector enables you to leverage all the built-in strategies of the HFT Arbitrage Platform on the DXTrade platform. It fully emulates manual trading without compromising speed. This connector is compatible with any broker or proprietary trading firm that supports the DXTrade platform. [...]Read More...\" \/>\n<meta property=\"og:url\" content=\"https:\/\/hftarbitrageplatform.com\/es\/producto\/conector-dxtrade\/\" \/>\n<meta property=\"og:site_name\" content=\"HFT Arbitrage Platfrom -Arbitrage Software for Forex &amp; Cryptocurrencies Markets\" \/>\n<meta property=\"article:modified_time\" content=\"2025-12-27T17:31:41+00:00\" \/>\n<meta property=\"og:image\" content=\"https:\/\/i0.wp.com\/hftarbitrageplatform.com\/wp-content\/uploads\/2024\/05\/dxtrade-box.png?fit=1024%2C1024&ssl=1\" \/>\n\t<meta property=\"og:image:width\" content=\"1024\" \/>\n\t<meta property=\"og:image:height\" content=\"1024\" \/>\n\t<meta property=\"og:image:type\" content=\"image\/png\" \/>\n<meta name=\"twitter:card\" content=\"summary_large_image\" \/>\n<meta name=\"twitter:label1\" content=\"Tiempo de lectura\" \/>\n\t<meta name=\"twitter:data1\" content=\"2 minutos\" \/>\n<script type=\"application\/ld+json\" class=\"yoast-schema-graph\">{\"@context\":\"https:\\\/\\\/schema.org\",\"@graph\":[{\"@type\":\"WebPage\",\"@id\":\"https:\\\/\\\/hftarbitrageplatform.com\\\/ar\\\/product\\\/%d9%85%d9%88%d8%b5%d9%84-dxtrade\\\/\",\"url\":\"https:\\\/\\\/hftarbitrageplatform.com\\\/ar\\\/product\\\/%d9%85%d9%88%d8%b5%d9%84-dxtrade\\\/\",\"name\":\"APIGateway - DXTrade connector for HFT Arbitrage Platform - HFT Arbitrage Platfrom -Arbitrage Software for Forex &amp; Cryptocurrencies Markets\",\"isPartOf\":{\"@id\":\"https:\\\/\\\/hftarbitrageplatform.com\\\/#website\"},\"primaryImageOfPage\":{\"@id\":\"https:\\\/\\\/hftarbitrageplatform.com\\\/ar\\\/product\\\/%d9%85%d9%88%d8%b5%d9%84-dxtrade\\\/#primaryimage\"},\"image\":{\"@id\":\"https:\\\/\\\/hftarbitrageplatform.com\\\/ar\\\/product\\\/%d9%85%d9%88%d8%b5%d9%84-dxtrade\\\/#primaryimage\"},\"thumbnailUrl\":\"https:\\\/\\\/i0.wp.com\\\/hftarbitrageplatform.com\\\/wp-content\\\/uploads\\\/2024\\\/05\\\/dxtrade-box.png?fit=1024%2C1024&ssl=1\",\"datePublished\":\"2024-05-27T20:08:01+00:00\",\"dateModified\":\"2025-12-27T17:31:41+00:00\",\"breadcrumb\":{\"@id\":\"https:\\\/\\\/hftarbitrageplatform.com\\\/ar\\\/product\\\/%d9%85%d9%88%d8%b5%d9%84-dxtrade\\\/#breadcrumb\"},\"inLanguage\":\"es\",\"potentialAction\":[{\"@type\":\"ReadAction\",\"target\":[\"https:\\\/\\\/hftarbitrageplatform.com\\\/ar\\\/product\\\/%d9%85%d9%88%d8%b5%d9%84-dxtrade\\\/\"]}]},{\"@type\":\"ImageObject\",\"inLanguage\":\"es\",\"@id\":\"https:\\\/\\\/hftarbitrageplatform.com\\\/ar\\\/product\\\/%d9%85%d9%88%d8%b5%d9%84-dxtrade\\\/#primaryimage\",\"url\":\"https:\\\/\\\/i0.wp.com\\\/hftarbitrageplatform.com\\\/wp-content\\\/uploads\\\/2024\\\/05\\\/dxtrade-box.png?fit=1024%2C1024&ssl=1\",\"contentUrl\":\"https:\\\/\\\/i0.wp.com\\\/hftarbitrageplatform.com\\\/wp-content\\\/uploads\\\/2024\\\/05\\\/dxtrade-box.png?fit=1024%2C1024&ssl=1\",\"width\":1024,\"height\":1024,\"caption\":\"dxtrade box\"},{\"@type\":\"BreadcrumbList\",\"@id\":\"https:\\\/\\\/hftarbitrageplatform.com\\\/ar\\\/product\\\/%d9%85%d9%88%d8%b5%d9%84-dxtrade\\\/#breadcrumb\",\"itemListElement\":[{\"@type\":\"ListItem\",\"position\":1,\"name\":\"Home\",\"item\":\"https:\\\/\\\/hftarbitrageplatform.com\\\/\"},{\"@type\":\"ListItem\",\"position\":2,\"name\":\"Shop\",\"item\":\"https:\\\/\\\/hftarbitrageplatform.com\\\/en\\\/shop\\\/\"},{\"@type\":\"ListItem\",\"position\":3,\"name\":\"APIGateway &#8211; DXTrade connector for HFT Arbitrage Platform\"}]},{\"@type\":\"WebSite\",\"@id\":\"https:\\\/\\\/hftarbitrageplatform.com\\\/#website\",\"url\":\"https:\\\/\\\/hftarbitrageplatform.com\\\/\",\"name\":\"HFT Arbitrage Platfrom -Arbitrage Software for Forex &amp; Cryptocurrencies Markets\",\"description\":\"Multi-platforms and Multi-Strategies HFT Arbitrage Bot\",\"publisher\":{\"@id\":\"https:\\\/\\\/hftarbitrageplatform.com\\\/#organization\"},\"potentialAction\":[{\"@type\":\"SearchAction\",\"target\":{\"@type\":\"EntryPoint\",\"urlTemplate\":\"https:\\\/\\\/hftarbitrageplatform.com\\\/?s={search_term_string}\"},\"query-input\":{\"@type\":\"PropertyValueSpecification\",\"valueRequired\":true,\"valueName\":\"search_term_string\"}}],\"inLanguage\":\"es\"},{\"@type\":\"Organization\",\"@id\":\"https:\\\/\\\/hftarbitrageplatform.com\\\/#organization\",\"name\":\"HFT Arbitrage Platfrom -Arbitrage Software for Forex &amp; Cryptocurrencies Markets\",\"url\":\"https:\\\/\\\/hftarbitrageplatform.com\\\/\",\"logo\":{\"@type\":\"ImageObject\",\"inLanguage\":\"es\",\"@id\":\"https:\\\/\\\/hftarbitrageplatform.com\\\/#\\\/schema\\\/logo\\\/image\\\/\",\"url\":\"https:\\\/\\\/i0.wp.com\\\/hftarbitrageplatform.com\\\/wp-content\\\/uploads\\\/2022\\\/06\\\/cropped-hft-arbitrage-platfromLogo.png?fit=500%2C93&ssl=1\",\"contentUrl\":\"https:\\\/\\\/i0.wp.com\\\/hftarbitrageplatform.com\\\/wp-content\\\/uploads\\\/2022\\\/06\\\/cropped-hft-arbitrage-platfromLogo.png?fit=500%2C93&ssl=1\",\"width\":500,\"height\":93,\"caption\":\"HFT Arbitrage Platfrom -Arbitrage Software for Forex &amp; Cryptocurrencies Markets\"},\"image\":{\"@id\":\"https:\\\/\\\/hftarbitrageplatform.com\\\/#\\\/schema\\\/logo\\\/image\\\/\"}}]}<\/script>\n<!-- \/ Yoast SEO plugin. -->","yoast_head_json":{"title":"APIGateway - Conector DXTrade para Plataforma de Arbitraje HFT - Plataforma de Arbitraje HFT - Software de Arbitraje para Mercados de Divisas y Criptodivisas","robots":{"index":"index","follow":"follow","max-snippet":"max-snippet:-1","max-image-preview":"max-image-preview:large","max-video-preview":"max-video-preview:-1"},"canonical":"https:\/\/hftarbitrageplatform.com\/es\/producto\/conector-dxtrade\/","og_locale":"es_ES","og_type":"article","og_title":"APIGateway - DXTrade connector for HFT Arbitrage Platform - HFT Arbitrage Platfrom -Arbitrage Software for Forex &amp; Cryptocurrencies Markets","og_description":"The DXTrade Connector enables you to leverage all the built-in strategies of the HFT Arbitrage Platform on the DXTrade platform. It fully emulates manual trading without compromising speed. This connector is compatible with any broker or proprietary trading firm that supports the DXTrade platform. [...]Read More...","og_url":"https:\/\/hftarbitrageplatform.com\/es\/producto\/conector-dxtrade\/","og_site_name":"HFT Arbitrage Platfrom -Arbitrage Software for Forex &amp; Cryptocurrencies Markets","article_modified_time":"2025-12-27T17:31:41+00:00","og_image":[{"width":1024,"height":1024,"url":"https:\/\/i0.wp.com\/hftarbitrageplatform.com\/wp-content\/uploads\/2024\/05\/dxtrade-box.png?fit=1024%2C1024&ssl=1","type":"image\/png"}],"twitter_card":"summary_large_image","twitter_misc":{"Tiempo de lectura":"2 minutos"},"schema":{"@context":"https:\/\/schema.org","@graph":[{"@type":"WebPage","@id":"https:\/\/hftarbitrageplatform.com\/ar\/product\/%d9%85%d9%88%d8%b5%d9%84-dxtrade\/","url":"https:\/\/hftarbitrageplatform.com\/ar\/product\/%d9%85%d9%88%d8%b5%d9%84-dxtrade\/","name":"APIGateway - Conector DXTrade para Plataforma de Arbitraje HFT - Plataforma de Arbitraje HFT - Software de Arbitraje para Mercados de Divisas y Criptodivisas","isPartOf":{"@id":"https:\/\/hftarbitrageplatform.com\/#website"},"primaryImageOfPage":{"@id":"https:\/\/hftarbitrageplatform.com\/ar\/product\/%d9%85%d9%88%d8%b5%d9%84-dxtrade\/#primaryimage"},"image":{"@id":"https:\/\/hftarbitrageplatform.com\/ar\/product\/%d9%85%d9%88%d8%b5%d9%84-dxtrade\/#primaryimage"},"thumbnailUrl":"https:\/\/i0.wp.com\/hftarbitrageplatform.com\/wp-content\/uploads\/2024\/05\/dxtrade-box.png?fit=1024%2C1024&ssl=1","datePublished":"2024-05-27T20:08:01+00:00","dateModified":"2025-12-27T17:31:41+00:00","breadcrumb":{"@id":"https:\/\/hftarbitrageplatform.com\/ar\/product\/%d9%85%d9%88%d8%b5%d9%84-dxtrade\/#breadcrumb"},"inLanguage":"es","potentialAction":[{"@type":"ReadAction","target":["https:\/\/hftarbitrageplatform.com\/ar\/product\/%d9%85%d9%88%d8%b5%d9%84-dxtrade\/"]}]},{"@type":"ImageObject","inLanguage":"es","@id":"https:\/\/hftarbitrageplatform.com\/ar\/product\/%d9%85%d9%88%d8%b5%d9%84-dxtrade\/#primaryimage","url":"https:\/\/i0.wp.com\/hftarbitrageplatform.com\/wp-content\/uploads\/2024\/05\/dxtrade-box.png?fit=1024%2C1024&ssl=1","contentUrl":"https:\/\/i0.wp.com\/hftarbitrageplatform.com\/wp-content\/uploads\/2024\/05\/dxtrade-box.png?fit=1024%2C1024&ssl=1","width":1024,"height":1024,"caption":"dxtrade box"},{"@type":"BreadcrumbList","@id":"https:\/\/hftarbitrageplatform.com\/ar\/product\/%d9%85%d9%88%d8%b5%d9%84-dxtrade\/#breadcrumb","itemListElement":[{"@type":"ListItem","position":1,"name":"Home","item":"https:\/\/hftarbitrageplatform.com\/"},{"@type":"ListItem","position":2,"name":"Shop","item":"https:\/\/hftarbitrageplatform.com\/en\/shop\/"},{"@type":"ListItem","position":3,"name":"APIGateway &#8211; DXTrade connector for HFT Arbitrage Platform"}]},{"@type":"WebSite","@id":"https:\/\/hftarbitrageplatform.com\/#website","url":"https:\/\/hftarbitrageplatform.com\/","name":"HFT Arbitrage Platfrom - Software de arbitraje para los mercados de divisas y criptomonedas","description":"Bot de arbitraje HFT multiplataforma y multiestrategia","publisher":{"@id":"https:\/\/hftarbitrageplatform.com\/#organization"},"potentialAction":[{"@type":"SearchAction","target":{"@type":"EntryPoint","urlTemplate":"https:\/\/hftarbitrageplatform.com\/?s={search_term_string}"},"query-input":{"@type":"PropertyValueSpecification","valueRequired":true,"valueName":"search_term_string"}}],"inLanguage":"es"},{"@type":"Organization","@id":"https:\/\/hftarbitrageplatform.com\/#organization","name":"HFT Arbitrage Platfrom - Software de arbitraje para los mercados de divisas y criptomonedas","url":"https:\/\/hftarbitrageplatform.com\/","logo":{"@type":"ImageObject","inLanguage":"es","@id":"https:\/\/hftarbitrageplatform.com\/#\/schema\/logo\/image\/","url":"https:\/\/i0.wp.com\/hftarbitrageplatform.com\/wp-content\/uploads\/2022\/06\/cropped-hft-arbitrage-platfromLogo.png?fit=500%2C93&ssl=1","contentUrl":"https:\/\/i0.wp.com\/hftarbitrageplatform.com\/wp-content\/uploads\/2022\/06\/cropped-hft-arbitrage-platfromLogo.png?fit=500%2C93&ssl=1","width":500,"height":93,"caption":"HFT Arbitrage Platfrom -Arbitrage Software for Forex &amp; Cryptocurrencies Markets"},"image":{"@id":"https:\/\/hftarbitrageplatform.com\/#\/schema\/logo\/image\/"}}]}},"jetpack_sharing_enabled":true,"_links":{"self":[{"href":"https:\/\/hftarbitrageplatform.com\/es\/wp-json\/wp\/v2\/product\/2795","targetHints":{"allow":["GET"]}}],"collection":[{"href":"https:\/\/hftarbitrageplatform.com\/es\/wp-json\/wp\/v2\/product"}],"about":[{"href":"https:\/\/hftarbitrageplatform.com\/es\/wp-json\/wp\/v2\/types\/product"}],"replies":[{"embeddable":true,"href":"https:\/\/hftarbitrageplatform.com\/es\/wp-json\/wp\/v2\/comments?post=2795"}],"wp:featuredmedia":[{"embeddable":true,"href":"https:\/\/hftarbitrageplatform.com\/es\/wp-json\/wp\/v2\/media\/2796"}],"wp:attachment":[{"href":"https:\/\/hftarbitrageplatform.com\/es\/wp-json\/wp\/v2\/media?parent=2795"}],"wp:term":[{"taxonomy":"product_brand","embeddable":true,"href":"https:\/\/hftarbitrageplatform.com\/es\/wp-json\/wp\/v2\/product_brand?post=2795"},{"taxonomy":"product_cat","embeddable":true,"href":"https:\/\/hftarbitrageplatform.com\/es\/wp-json\/wp\/v2\/product_cat?post=2795"},{"taxonomy":"product_tag","embeddable":true,"href":"https:\/\/hftarbitrageplatform.com\/es\/wp-json\/wp\/v2\/product_tag?post=2795"}],"curies":[{"name":"wp","href":"https:\/\/api.w.org\/{rel}","templated":true}]}}