{"id":708,"date":"2025-12-27T12:31:41","date_gmt":"2025-12-27T17:31:41","guid":{"rendered":"https:\/\/hftarbitrageplatform.com\/?post_type=product&#038;p=708"},"modified":"2026-02-28T14:09:59","modified_gmt":"2026-02-28T19:09:59","slug":"plataforma-de-arbitraje-hft-gratuita","status":"publish","type":"product","link":"https:\/\/hftarbitrageplatform.com\/es\/product\/hft-arbitrage-platform-free\/","title":{"rendered":"Plataforma de arbitraje HFT gratuita (shareware)"},"content":{"rendered":"<h2>Software Shareware de Arbitraje de Divisas y Criptodivisas.<\/h2>\n<p>Por regla general, las empresas que producen software de arbitraje para los mercados de divisas y criptomonedas, como WesternPips arbitraje o BJF arbitraje, no ofrecen versiones demo o shareware. Los altos gastos causan para crear productos profesionales para el comercio de arbitraje, y el alto costo de la alimentaci\u00f3n r\u00e1pida cualitativa.<br \/>\nNuestra empresa decidi\u00f3 cambiar las reglas del mercado de arbitraje. Nos complace ofrecer a nuestros clientes descargar una versi\u00f3n shareware de la Plataforma de Arbitraje HFT que incluye un bot de arbitraje de latencia gratuito y un software de arbitraje de cobertura gratuito - que se puede utilizar para el comercio de arbitraje en divisas y criptomonedas y tres bot de arbitraje de latencia de dos patas gratuito para el comercio de divisas. Este enfoque permite a cada usuario descargar el software de arbitraje de forma gratuita y probarlo sin ning\u00fan tipo de limitaciones de tiempo, lo cual es favorable no s\u00f3lo para el usuario, sino tambi\u00e9n para nuestra empresa, que tiene como objetivo popularizar el software de muchas maneras superiores a los productos de comercio de arbitraje producidos por BJF Trading Group y WesternPips.<\/p>\n<p><strong>HFT Arbitrage Platform Shareware tiene las siguientes limitaciones:<\/strong><\/p>\n<ul>\n<li>Instrumento de negociaci\u00f3n: EURUSD solamente.<\/li>\n<li>Tama\u00f1o del lote de negociaci\u00f3n: 0,01.<\/li>\n<li>Alimentaci\u00f3n r\u00e1pida: Nueva York y Londres con un retraso de 10 ms. <strong>Tokyo feed no est\u00e1 disponible para la versi\u00f3n shareware.<\/strong><\/li>\n<li>Nos reservamos el derecho de desactivar cualquier licencia shareware de HFT Arbitrage despu\u00e9s de 30 d\u00edas sin previo aviso.<\/li>\n<\/ul>\n<p>Adem\u00e1s, lamentablemente, no podemos recomendar corredores de arbitraje de divisas adecuados a los clientes que descargaron el shareware de arbitraje de divisas y brindarles soporte completo. Sin embargo, para los clientes que compraron la versi\u00f3n completa de la Plataforma de Arbitraje HFT con una o m\u00e1s estrategias de arbitraje de divisas, vamos a proporcionar apoyo gratuito de por vida, incluyendo la instalaci\u00f3n, personalizaci\u00f3n y recomendaci\u00f3n de corredores de arbitraje.<\/p>","protected":false},"excerpt":{"rendered":"<p>HFT Arbitrage Platform shareware version. [&#8230;]<\/p>\n<p><a class=\"btn btn-secondary conversions-read-more-link\" href=\"https:\/\/hftarbitrageplatform.com\/es\/product\/hft-arbitrage-platform-free\/\">Read More&#8230;<\/a><\/p>\n","protected":false},"featured_media":188,"comment_status":"open","ping_status":"closed","template":"","meta":{"_acf_changed":false},"product_brand":[],"product_cat":[67],"product_tag":[110,111,112],"class_list":{"0":"post-708","1":"product","2":"type-product","3":"status-publish","4":"has-post-thumbnail","6":"product_cat-arbitrage-software","7":"product_tag-arbitrage-software-free","8":"product_tag-free-arbitrage-bot","9":"product_tag-free-latency-arbitrage","11":"first","12":"instock","13":"downloadable","14":"virtual","15":"sold-individually","16":"purchasable","17":"product-type-simple"},"acf":[],"yoast_head":"<!-- This site is optimized with the Yoast SEO plugin v27.4 - https:\/\/yoast.com\/product\/yoast-seo-wordpress\/ -->\n<title>HFT Arbitrage Platform Free (shareware) - HFT Arbitrage Platfrom -Arbitrage Software for Forex &amp; Cryptocurrencies Markets<\/title>\n<meta name=\"description\" content=\"Download for free professional Arbitrage Platform and try for free for 30 days latency, hedge, 2-legs arbitrage on Forex or Crypto markets.\" \/>\n<meta name=\"robots\" content=\"index, follow, max-snippet:-1, max-image-preview:large, max-video-preview:-1\" \/>\n<link rel=\"canonical\" href=\"https:\/\/hftarbitrageplatform.com\/es\/producto\/plataforma-de-arbitraje-hft-gratuita\/\" \/>\n<meta property=\"og:locale\" content=\"es_ES\" \/>\n<meta property=\"og:type\" content=\"article\" \/>\n<meta property=\"og:title\" content=\"HFT Arbitrage Platform Free (shareware) - HFT Arbitrage Platfrom -Arbitrage Software for Forex &amp; Cryptocurrencies Markets\" \/>\n<meta property=\"og:description\" content=\"Download for free professional Arbitrage Platform and try for free for 30 days latency, hedge, 2-legs arbitrage on Forex or Crypto markets.\" \/>\n<meta property=\"og:url\" content=\"https:\/\/hftarbitrageplatform.com\/es\/producto\/plataforma-de-arbitraje-hft-gratuita\/\" \/>\n<meta property=\"og:site_name\" content=\"HFT Arbitrage Platfrom -Arbitrage Software for Forex &amp; Cryptocurrencies Markets\" \/>\n<meta property=\"article:modified_time\" content=\"2026-02-28T19:09:59+00:00\" \/>\n<meta property=\"og:image\" content=\"https:\/\/hftarbitrageplatform.com\/wp-content\/uploads\/2022\/06\/hft-arbitrage-platform-box-1.png\" \/>\n\t<meta property=\"og:image:width\" content=\"221\" \/>\n\t<meta property=\"og:image:height\" content=\"311\" \/>\n\t<meta property=\"og:image:type\" content=\"image\/png\" \/>\n<meta name=\"twitter:card\" content=\"summary_large_image\" \/>\n<meta name=\"twitter:label1\" content=\"Tiempo de lectura\" \/>\n\t<meta name=\"twitter:data1\" content=\"2 minutos\" \/>\n<script type=\"application\/ld+json\" class=\"yoast-schema-graph\">{\"@context\":\"https:\\\/\\\/schema.org\",\"@graph\":[{\"@type\":\"WebPage\",\"@id\":\"https:\\\/\\\/hftarbitrageplatform.com\\\/product\\\/hft-arbitrage-platform-free\\\/\",\"url\":\"https:\\\/\\\/hftarbitrageplatform.com\\\/product\\\/hft-arbitrage-platform-free\\\/\",\"name\":\"HFT Arbitrage Platform Free (shareware) - HFT Arbitrage Platfrom -Arbitrage Software for Forex &amp; Cryptocurrencies Markets\",\"isPartOf\":{\"@id\":\"https:\\\/\\\/hftarbitrageplatform.com\\\/#website\"},\"primaryImageOfPage\":{\"@id\":\"https:\\\/\\\/hftarbitrageplatform.com\\\/product\\\/hft-arbitrage-platform-free\\\/#primaryimage\"},\"image\":{\"@id\":\"https:\\\/\\\/hftarbitrageplatform.com\\\/product\\\/hft-arbitrage-platform-free\\\/#primaryimage\"},\"thumbnailUrl\":\"https:\\\/\\\/i0.wp.com\\\/hftarbitrageplatform.com\\\/wp-content\\\/uploads\\\/2022\\\/06\\\/hft-arbitrage-platform-box-1.png?fit=221%2C311&ssl=1\",\"datePublished\":\"2025-12-27T17:31:41+00:00\",\"dateModified\":\"2026-02-28T19:09:59+00:00\",\"description\":\"Download for free professional Arbitrage Platform and try for free for 30 days latency, hedge, 2-legs arbitrage on Forex or Crypto markets.\",\"breadcrumb\":{\"@id\":\"https:\\\/\\\/hftarbitrageplatform.com\\\/product\\\/hft-arbitrage-platform-free\\\/#breadcrumb\"},\"inLanguage\":\"es\",\"potentialAction\":[{\"@type\":\"ReadAction\",\"target\":[\"https:\\\/\\\/hftarbitrageplatform.com\\\/product\\\/hft-arbitrage-platform-free\\\/\"]}]},{\"@type\":\"ImageObject\",\"inLanguage\":\"es\",\"@id\":\"https:\\\/\\\/hftarbitrageplatform.com\\\/product\\\/hft-arbitrage-platform-free\\\/#primaryimage\",\"url\":\"https:\\\/\\\/i0.wp.com\\\/hftarbitrageplatform.com\\\/wp-content\\\/uploads\\\/2022\\\/06\\\/hft-arbitrage-platform-box-1.png?fit=221%2C311&ssl=1\",\"contentUrl\":\"https:\\\/\\\/i0.wp.com\\\/hftarbitrageplatform.com\\\/wp-content\\\/uploads\\\/2022\\\/06\\\/hft-arbitrage-platform-box-1.png?fit=221%2C311&ssl=1\",\"width\":221,\"height\":311,\"caption\":\"HFT Arbitrage Platfrom Box\"},{\"@type\":\"BreadcrumbList\",\"@id\":\"https:\\\/\\\/hftarbitrageplatform.com\\\/product\\\/hft-arbitrage-platform-free\\\/#breadcrumb\",\"itemListElement\":[{\"@type\":\"ListItem\",\"position\":1,\"name\":\"Home\",\"item\":\"https:\\\/\\\/hftarbitrageplatform.com\\\/\"},{\"@type\":\"ListItem\",\"position\":2,\"name\":\"Shop\",\"item\":\"https:\\\/\\\/hftarbitrageplatform.com\\\/en\\\/shop\\\/\"},{\"@type\":\"ListItem\",\"position\":3,\"name\":\"HFT Arbitrage Platform Free (shareware)\"}]},{\"@type\":\"WebSite\",\"@id\":\"https:\\\/\\\/hftarbitrageplatform.com\\\/#website\",\"url\":\"https:\\\/\\\/hftarbitrageplatform.com\\\/\",\"name\":\"HFT Arbitrage Platfrom -Arbitrage Software for Forex &amp; Cryptocurrencies Markets\",\"description\":\"Multi-platforms and Multi-Strategies HFT Arbitrage Bot\",\"publisher\":{\"@id\":\"https:\\\/\\\/hftarbitrageplatform.com\\\/#organization\"},\"potentialAction\":[{\"@type\":\"SearchAction\",\"target\":{\"@type\":\"EntryPoint\",\"urlTemplate\":\"https:\\\/\\\/hftarbitrageplatform.com\\\/?s={search_term_string}\"},\"query-input\":{\"@type\":\"PropertyValueSpecification\",\"valueRequired\":true,\"valueName\":\"search_term_string\"}}],\"inLanguage\":\"es\"},{\"@type\":\"Organization\",\"@id\":\"https:\\\/\\\/hftarbitrageplatform.com\\\/#organization\",\"name\":\"HFT Arbitrage Platfrom -Arbitrage Software for Forex &amp; Cryptocurrencies Markets\",\"url\":\"https:\\\/\\\/hftarbitrageplatform.com\\\/\",\"logo\":{\"@type\":\"ImageObject\",\"inLanguage\":\"es\",\"@id\":\"https:\\\/\\\/hftarbitrageplatform.com\\\/#\\\/schema\\\/logo\\\/image\\\/\",\"url\":\"https:\\\/\\\/i0.wp.com\\\/hftarbitrageplatform.com\\\/wp-content\\\/uploads\\\/2022\\\/06\\\/cropped-hft-arbitrage-platfromLogo.png?fit=500%2C93&ssl=1\",\"contentUrl\":\"https:\\\/\\\/i0.wp.com\\\/hftarbitrageplatform.com\\\/wp-content\\\/uploads\\\/2022\\\/06\\\/cropped-hft-arbitrage-platfromLogo.png?fit=500%2C93&ssl=1\",\"width\":500,\"height\":93,\"caption\":\"HFT Arbitrage Platfrom -Arbitrage Software for Forex &amp; Cryptocurrencies Markets\"},\"image\":{\"@id\":\"https:\\\/\\\/hftarbitrageplatform.com\\\/#\\\/schema\\\/logo\\\/image\\\/\"}}]}<\/script>\n<!-- \/ Yoast SEO plugin. -->","yoast_head_json":{"title":"HFT Arbitrage Platform Free (shareware) - HFT Arbitrage Platfrom - Software de arbitraje para mercados de divisas y criptodivisas","description":"Descargue gratuitamente la Plataforma de Arbitraje profesional y pruebe gratis durante 30 d\u00edas el arbitraje de latencia, cobertura y 2 piernas en los mercados Forex o Crypto.","robots":{"index":"index","follow":"follow","max-snippet":"max-snippet:-1","max-image-preview":"max-image-preview:large","max-video-preview":"max-video-preview:-1"},"canonical":"https:\/\/hftarbitrageplatform.com\/es\/producto\/plataforma-de-arbitraje-hft-gratuita\/","og_locale":"es_ES","og_type":"article","og_title":"HFT Arbitrage Platform Free (shareware) - HFT Arbitrage Platfrom -Arbitrage Software for Forex &amp; Cryptocurrencies Markets","og_description":"Download for free professional Arbitrage Platform and try for free for 30 days latency, hedge, 2-legs arbitrage on Forex or Crypto markets.","og_url":"https:\/\/hftarbitrageplatform.com\/es\/producto\/plataforma-de-arbitraje-hft-gratuita\/","og_site_name":"HFT Arbitrage Platfrom -Arbitrage Software for Forex &amp; Cryptocurrencies Markets","article_modified_time":"2026-02-28T19:09:59+00:00","og_image":[{"width":221,"height":311,"url":"https:\/\/hftarbitrageplatform.com\/wp-content\/uploads\/2022\/06\/hft-arbitrage-platform-box-1.png","type":"image\/png"}],"twitter_card":"summary_large_image","twitter_misc":{"Tiempo de lectura":"2 minutos"},"schema":{"@context":"https:\/\/schema.org","@graph":[{"@type":"WebPage","@id":"https:\/\/hftarbitrageplatform.com\/product\/hft-arbitrage-platform-free\/","url":"https:\/\/hftarbitrageplatform.com\/product\/hft-arbitrage-platform-free\/","name":"HFT Arbitrage Platform Free (shareware) - HFT Arbitrage Platfrom - Software de arbitraje para mercados de divisas y criptodivisas","isPartOf":{"@id":"https:\/\/hftarbitrageplatform.com\/#website"},"primaryImageOfPage":{"@id":"https:\/\/hftarbitrageplatform.com\/product\/hft-arbitrage-platform-free\/#primaryimage"},"image":{"@id":"https:\/\/hftarbitrageplatform.com\/product\/hft-arbitrage-platform-free\/#primaryimage"},"thumbnailUrl":"https:\/\/i0.wp.com\/hftarbitrageplatform.com\/wp-content\/uploads\/2022\/06\/hft-arbitrage-platform-box-1.png?fit=221%2C311&ssl=1","datePublished":"2025-12-27T17:31:41+00:00","dateModified":"2026-02-28T19:09:59+00:00","description":"Descargue gratuitamente la Plataforma de Arbitraje profesional y pruebe gratis durante 30 d\u00edas el arbitraje de latencia, cobertura y 2 piernas en los mercados Forex o Crypto.","breadcrumb":{"@id":"https:\/\/hftarbitrageplatform.com\/product\/hft-arbitrage-platform-free\/#breadcrumb"},"inLanguage":"es","potentialAction":[{"@type":"ReadAction","target":["https:\/\/hftarbitrageplatform.com\/product\/hft-arbitrage-platform-free\/"]}]},{"@type":"ImageObject","inLanguage":"es","@id":"https:\/\/hftarbitrageplatform.com\/product\/hft-arbitrage-platform-free\/#primaryimage","url":"https:\/\/i0.wp.com\/hftarbitrageplatform.com\/wp-content\/uploads\/2022\/06\/hft-arbitrage-platform-box-1.png?fit=221%2C311&ssl=1","contentUrl":"https:\/\/i0.wp.com\/hftarbitrageplatform.com\/wp-content\/uploads\/2022\/06\/hft-arbitrage-platform-box-1.png?fit=221%2C311&ssl=1","width":221,"height":311,"caption":"HFT Arbitrage Platfrom Box"},{"@type":"BreadcrumbList","@id":"https:\/\/hftarbitrageplatform.com\/product\/hft-arbitrage-platform-free\/#breadcrumb","itemListElement":[{"@type":"ListItem","position":1,"name":"Home","item":"https:\/\/hftarbitrageplatform.com\/"},{"@type":"ListItem","position":2,"name":"Shop","item":"https:\/\/hftarbitrageplatform.com\/en\/shop\/"},{"@type":"ListItem","position":3,"name":"HFT Arbitrage Platform Free (shareware)"}]},{"@type":"WebSite","@id":"https:\/\/hftarbitrageplatform.com\/#website","url":"https:\/\/hftarbitrageplatform.com\/","name":"HFT Arbitrage Platfrom - Software de arbitraje para los mercados de divisas y criptomonedas","description":"Bot de arbitraje HFT multiplataforma y multiestrategia","publisher":{"@id":"https:\/\/hftarbitrageplatform.com\/#organization"},"potentialAction":[{"@type":"SearchAction","target":{"@type":"EntryPoint","urlTemplate":"https:\/\/hftarbitrageplatform.com\/?s={search_term_string}"},"query-input":{"@type":"PropertyValueSpecification","valueRequired":true,"valueName":"search_term_string"}}],"inLanguage":"es"},{"@type":"Organization","@id":"https:\/\/hftarbitrageplatform.com\/#organization","name":"HFT Arbitrage Platfrom - Software de arbitraje para los mercados de divisas y criptomonedas","url":"https:\/\/hftarbitrageplatform.com\/","logo":{"@type":"ImageObject","inLanguage":"es","@id":"https:\/\/hftarbitrageplatform.com\/#\/schema\/logo\/image\/","url":"https:\/\/i0.wp.com\/hftarbitrageplatform.com\/wp-content\/uploads\/2022\/06\/cropped-hft-arbitrage-platfromLogo.png?fit=500%2C93&ssl=1","contentUrl":"https:\/\/i0.wp.com\/hftarbitrageplatform.com\/wp-content\/uploads\/2022\/06\/cropped-hft-arbitrage-platfromLogo.png?fit=500%2C93&ssl=1","width":500,"height":93,"caption":"HFT Arbitrage Platfrom -Arbitrage Software for Forex &amp; Cryptocurrencies Markets"},"image":{"@id":"https:\/\/hftarbitrageplatform.com\/#\/schema\/logo\/image\/"}}]}},"jetpack_sharing_enabled":true,"_links":{"self":[{"href":"https:\/\/hftarbitrageplatform.com\/es\/wp-json\/wp\/v2\/product\/708","targetHints":{"allow":["GET"]}}],"collection":[{"href":"https:\/\/hftarbitrageplatform.com\/es\/wp-json\/wp\/v2\/product"}],"about":[{"href":"https:\/\/hftarbitrageplatform.com\/es\/wp-json\/wp\/v2\/types\/product"}],"replies":[{"embeddable":true,"href":"https:\/\/hftarbitrageplatform.com\/es\/wp-json\/wp\/v2\/comments?post=708"}],"wp:featuredmedia":[{"embeddable":true,"href":"https:\/\/hftarbitrageplatform.com\/es\/wp-json\/wp\/v2\/media\/188"}],"wp:attachment":[{"href":"https:\/\/hftarbitrageplatform.com\/es\/wp-json\/wp\/v2\/media?parent=708"}],"wp:term":[{"taxonomy":"product_brand","embeddable":true,"href":"https:\/\/hftarbitrageplatform.com\/es\/wp-json\/wp\/v2\/product_brand?post=708"},{"taxonomy":"product_cat","embeddable":true,"href":"https:\/\/hftarbitrageplatform.com\/es\/wp-json\/wp\/v2\/product_cat?post=708"},{"taxonomy":"product_tag","embeddable":true,"href":"https:\/\/hftarbitrageplatform.com\/es\/wp-json\/wp\/v2\/product_tag?post=708"}],"curies":[{"name":"wp","href":"https:\/\/api.w.org\/{rel}","templated":true}]}}