{"id":147,"date":"2022-06-13T12:50:25","date_gmt":"2022-06-13T12:50:25","guid":{"rendered":"https:\/\/hftarbitrageplatform.com\/?page_id=147"},"modified":"2022-06-13T12:50:26","modified_gmt":"2022-06-13T12:50:26","slug":"refund_returns","status":"publish","type":"page","link":"https:\/\/hftarbitrageplatform.com\/pt\/refund_returns\/","title":{"rendered":"Pol\u00edtica de reembolso e devolu\u00e7\u00f5es"},"content":{"rendered":"<p><\/p>\n\n\n\n<p><h3>Vis\u00e3o geral<\/h3>Todos os produtos de software da HFTArbitragePlatfrom.com foram projetados e desenvolvidos por engenheiros, matem\u00e1ticos e desenvolvedores de software habilidosos, capazes de criar solu\u00e7\u00f5es criativas e algoritmos para ganhar dinheiro nos mercados financeiros usando muitos instrumentos, incluindo forex, CFDs, \u00edndices e criptografia. Estamos desenvolvendo produtos desde 2005 e temos amplo conhecimento de nossos clientes e do software que criamos. Nossos produtos permitem que os traders tenham uma experi\u00eancia tranquila e lucrativa e s\u00e3o capazes de garantir a satisfa\u00e7\u00e3o do cliente, pois nossa equipe de suporte e a equipe de design de produtos s\u00e3o muito bem informadas.<\/p>\n\n\n\n<h2 class=\"wp-block-heading\"><strong>Teste gratuito<\/strong><\/h2>\n\n\n\n<p>A fim de garantir a melhor experi\u00eancia para nossos clientes, temos per\u00edodos de teste para cada produto que voc\u00ea v\u00ea no site. Isso n\u00e3o s\u00f3 permite que os traders testem nossos produtos para garantir a satisfa\u00e7\u00e3o, mas tamb\u00e9m nos permite entender se h\u00e1 algum problema com nossos programas e como podemos oferecer a melhor experi\u00eancia para nossos clientes. Para usar esse recurso, voc\u00ea precisa <a href=\"https:\/\/hftarbitrageplatform.com\/pt\/contato\/\" data-type=\"URL\" data-id=\"https:\/\/hftarbitrageplatform.com\/contact\/\">Entre em contato conosco<\/a> e solicite uma avalia\u00e7\u00e3o gratuita, baixe o software e use-o em uma conta de demonstra\u00e7\u00e3o ou real. Se n\u00e3o estiver 100% satisfeito com nosso software, voc\u00ea poder\u00e1 decidir n\u00e3o compr\u00e1-lo ao final da avalia\u00e7\u00e3o.\u00a0<\/p>\n\n\n\n<h2 class=\"wp-block-heading\"><strong>Garantia de devolu\u00e7\u00e3o do dinheiro<\/strong><\/h2>\n\n\n\n<p>Se voc\u00ea acredita que n\u00e3o ser\u00e1 comprado ap\u00f3s o t\u00e9rmino do per\u00edodo de avalia\u00e7\u00e3o, informe-nos, pois faremos o poss\u00edvel para ajud\u00e1-lo, embora acreditemos que voc\u00ea adorar\u00e1 nossos programas e que suas fun\u00e7\u00f5es ser\u00e3o satisfat\u00f3rias para suas metas de liberdade financeira.<\/p>\n\n\n\n<p>Devido ao fato de termos um programa t\u00e3o vasto para a avalia\u00e7\u00e3o e o teste do nosso programa, n\u00e3o podemos oferecer uma garantia de devolu\u00e7\u00e3o do dinheiro caso voc\u00ea n\u00e3o goste do nosso software. Isso ocorre porque o software depende do algoritmo projetado por voc\u00ea, e nossos esfor\u00e7os j\u00e1 foram utilizados no momento do cancelamento. Entretanto, quaisquer erros\/discrep\u00e2ncias que voc\u00ea possa encontrar no software ser\u00e3o corrigidos por nossa equipe de profissionais.<\/p>\n\n\n\n<h2 class=\"wp-block-heading\"><strong>Per\u00edodo de resfriamento<\/strong><\/h2>\n\n\n\n<p>Se voc\u00ea mudar de ideia sobre a compra do software ou adquirir acidentalmente nosso produto, poder\u00e1 cancelar a compra em at\u00e9 1 hora, o que garante um per\u00edodo de reflex\u00e3o significativo e permite o reembolso total de todos os custos.<\/p>\n\n\n\n<p>Temos total confian\u00e7a em nossos produtos e servi\u00e7os e acreditamos que voc\u00ea ficar\u00e1 satisfeito com nossos esfor\u00e7os e continuar\u00e1 a fazer neg\u00f3cios conosco. Se n\u00e3o estiver totalmente satisfeito com nossos programas, informe-nos. Faremos tudo o que estiver ao nosso alcance para garantir que seu problema seja resolvido.\u00a0<\/p>\n\n\n\n<p>Gostar\u00edamos de reiterar que temos muita confian\u00e7a nos produtos e servi\u00e7os que oferecemos. Ao mesmo tempo, sua satisfa\u00e7\u00e3o \u00e9 nossa prioridade m\u00e1xima. Se n\u00e3o estiver totalmente satisfeito com sua compra, informe-nos.<\/p>\n\n\n\n<p><h2>Precisa de ajuda?<\/h2><a href=\"https:\/\/hftarbitrageplatform.com\/pt\/contato\/\" data-type=\"URL\" data-id=\"https:\/\/hftarbitrageplatform.com\/contact\/\">Contate-Nos<\/a> para quest\u00f5es relacionadas a reembolsos e devolu\u00e7\u00f5es.<\/p>","protected":false},"excerpt":{"rendered":"<p>Overview All HFTArbitragePlatfrom.com software products have been designed and developed by skillful engineers, mathematicians, and software developers who are able to create creative solutions and algorithms to make money on financial markets using many instruments including forex, CFDs, indices, and crypto. We have been developing products since 2005, and have extensive knowledge of our clients [&#8230;]<\/p>\n<p><a class=\"btn btn-secondary conversions-read-more-link\" href=\"https:\/\/hftarbitrageplatform.com\/pt\/refund_returns\/\">Read More&#8230;<\/a><\/p>\n","protected":false},"author":1,"featured_media":0,"parent":0,"menu_order":0,"comment_status":"closed","ping_status":"closed","template":"","meta":{"_acf_changed":false,"footnotes":""},"class_list":["post-147","page","type-page","status-publish","hentry"],"acf":[],"yoast_head":"<!-- This site is optimized with the Yoast SEO plugin v27.4 - https:\/\/yoast.com\/product\/yoast-seo-wordpress\/ -->\n<title>Refund and Returns Policy - HFT Arbitrage Platfrom -Arbitrage Software for Forex &amp; Cryptocurrencies Markets<\/title>\n<meta name=\"robots\" content=\"index, follow, max-snippet:-1, max-image-preview:large, max-video-preview:-1\" \/>\n<link rel=\"canonical\" href=\"https:\/\/hftarbitrageplatform.com\/pt\/refund_returns\/\" \/>\n<meta property=\"og:locale\" content=\"pt_BR\" \/>\n<meta property=\"og:type\" content=\"article\" \/>\n<meta property=\"og:title\" content=\"Refund and Returns Policy - HFT Arbitrage Platfrom -Arbitrage Software for Forex &amp; Cryptocurrencies Markets\" \/>\n<meta property=\"og:description\" content=\"Overview All HFTArbitragePlatfrom.com software products have been designed and developed by skillful engineers, mathematicians, and software developers who are able to create creative solutions and algorithms to make money on financial markets using many instruments including forex, CFDs, indices, and crypto. We have been developing products since 2005, and have extensive knowledge of our clients [...]Read More...\" \/>\n<meta property=\"og:url\" content=\"https:\/\/hftarbitrageplatform.com\/pt\/refund_returns\/\" \/>\n<meta property=\"og:site_name\" content=\"HFT Arbitrage Platfrom -Arbitrage Software for Forex &amp; Cryptocurrencies Markets\" \/>\n<meta property=\"article:modified_time\" content=\"2022-06-13T12:50:26+00:00\" \/>\n<meta name=\"twitter:card\" content=\"summary_large_image\" \/>\n<meta name=\"twitter:label1\" content=\"Est. tempo de leitura\" \/>\n\t<meta name=\"twitter:data1\" content=\"2 minutos\" \/>\n<script type=\"application\/ld+json\" class=\"yoast-schema-graph\">{\"@context\":\"https:\\\/\\\/schema.org\",\"@graph\":[{\"@type\":\"WebPage\",\"@id\":\"https:\\\/\\\/hftarbitrageplatform.com\\\/zh\\\/refund_returns\\\/\",\"url\":\"https:\\\/\\\/hftarbitrageplatform.com\\\/zh\\\/refund_returns\\\/\",\"name\":\"Refund and Returns Policy - HFT Arbitrage Platfrom -Arbitrage Software for Forex &amp; Cryptocurrencies Markets\",\"isPartOf\":{\"@id\":\"https:\\\/\\\/hftarbitrageplatform.com\\\/#website\"},\"datePublished\":\"2022-06-13T12:50:25+00:00\",\"dateModified\":\"2022-06-13T12:50:26+00:00\",\"breadcrumb\":{\"@id\":\"https:\\\/\\\/hftarbitrageplatform.com\\\/zh\\\/refund_returns\\\/#breadcrumb\"},\"inLanguage\":\"pt-BR\",\"potentialAction\":[{\"@type\":\"ReadAction\",\"target\":[\"https:\\\/\\\/hftarbitrageplatform.com\\\/zh\\\/refund_returns\\\/\"]}]},{\"@type\":\"BreadcrumbList\",\"@id\":\"https:\\\/\\\/hftarbitrageplatform.com\\\/zh\\\/refund_returns\\\/#breadcrumb\",\"itemListElement\":[{\"@type\":\"ListItem\",\"position\":1,\"name\":\"Home\",\"item\":\"https:\\\/\\\/hftarbitrageplatform.com\\\/\"},{\"@type\":\"ListItem\",\"position\":2,\"name\":\"Refund and Returns Policy\"}]},{\"@type\":\"WebSite\",\"@id\":\"https:\\\/\\\/hftarbitrageplatform.com\\\/#website\",\"url\":\"https:\\\/\\\/hftarbitrageplatform.com\\\/\",\"name\":\"HFT Arbitrage Platfrom -Arbitrage Software for Forex &amp; Cryptocurrencies Markets\",\"description\":\"Multi-platforms and Multi-Strategies HFT Arbitrage Bot\",\"publisher\":{\"@id\":\"https:\\\/\\\/hftarbitrageplatform.com\\\/#organization\"},\"potentialAction\":[{\"@type\":\"SearchAction\",\"target\":{\"@type\":\"EntryPoint\",\"urlTemplate\":\"https:\\\/\\\/hftarbitrageplatform.com\\\/?s={search_term_string}\"},\"query-input\":{\"@type\":\"PropertyValueSpecification\",\"valueRequired\":true,\"valueName\":\"search_term_string\"}}],\"inLanguage\":\"pt-BR\"},{\"@type\":\"Organization\",\"@id\":\"https:\\\/\\\/hftarbitrageplatform.com\\\/#organization\",\"name\":\"HFT Arbitrage Platfrom -Arbitrage Software for Forex &amp; Cryptocurrencies Markets\",\"url\":\"https:\\\/\\\/hftarbitrageplatform.com\\\/\",\"logo\":{\"@type\":\"ImageObject\",\"inLanguage\":\"pt-BR\",\"@id\":\"https:\\\/\\\/hftarbitrageplatform.com\\\/#\\\/schema\\\/logo\\\/image\\\/\",\"url\":\"https:\\\/\\\/i0.wp.com\\\/hftarbitrageplatform.com\\\/wp-content\\\/uploads\\\/2022\\\/06\\\/cropped-hft-arbitrage-platfromLogo.png?fit=500%2C93&ssl=1\",\"contentUrl\":\"https:\\\/\\\/i0.wp.com\\\/hftarbitrageplatform.com\\\/wp-content\\\/uploads\\\/2022\\\/06\\\/cropped-hft-arbitrage-platfromLogo.png?fit=500%2C93&ssl=1\",\"width\":500,\"height\":93,\"caption\":\"HFT Arbitrage Platfrom -Arbitrage Software for Forex &amp; Cryptocurrencies Markets\"},\"image\":{\"@id\":\"https:\\\/\\\/hftarbitrageplatform.com\\\/#\\\/schema\\\/logo\\\/image\\\/\"}}]}<\/script>\n<!-- \/ Yoast SEO plugin. -->","yoast_head_json":{"title":"Pol\u00edtica de reembolso e devolu\u00e7\u00f5es - HFT Arbitrage Platfrom - Software de arbitragem para os mercados de Forex e criptomoedas","robots":{"index":"index","follow":"follow","max-snippet":"max-snippet:-1","max-image-preview":"max-image-preview:large","max-video-preview":"max-video-preview:-1"},"canonical":"https:\/\/hftarbitrageplatform.com\/pt\/refund_returns\/","og_locale":"pt_BR","og_type":"article","og_title":"Refund and Returns Policy - HFT Arbitrage Platfrom -Arbitrage Software for Forex &amp; Cryptocurrencies Markets","og_description":"Overview All HFTArbitragePlatfrom.com software products have been designed and developed by skillful engineers, mathematicians, and software developers who are able to create creative solutions and algorithms to make money on financial markets using many instruments including forex, CFDs, indices, and crypto. We have been developing products since 2005, and have extensive knowledge of our clients [...]Read More...","og_url":"https:\/\/hftarbitrageplatform.com\/pt\/refund_returns\/","og_site_name":"HFT Arbitrage Platfrom -Arbitrage Software for Forex &amp; Cryptocurrencies Markets","article_modified_time":"2022-06-13T12:50:26+00:00","twitter_card":"summary_large_image","twitter_misc":{"Est. tempo de leitura":"2 minutos"},"schema":{"@context":"https:\/\/schema.org","@graph":[{"@type":"WebPage","@id":"https:\/\/hftarbitrageplatform.com\/zh\/refund_returns\/","url":"https:\/\/hftarbitrageplatform.com\/zh\/refund_returns\/","name":"Pol\u00edtica de reembolso e devolu\u00e7\u00f5es - HFT Arbitrage Platfrom - Software de arbitragem para os mercados de Forex e criptomoedas","isPartOf":{"@id":"https:\/\/hftarbitrageplatform.com\/#website"},"datePublished":"2022-06-13T12:50:25+00:00","dateModified":"2022-06-13T12:50:26+00:00","breadcrumb":{"@id":"https:\/\/hftarbitrageplatform.com\/zh\/refund_returns\/#breadcrumb"},"inLanguage":"pt-BR","potentialAction":[{"@type":"ReadAction","target":["https:\/\/hftarbitrageplatform.com\/zh\/refund_returns\/"]}]},{"@type":"BreadcrumbList","@id":"https:\/\/hftarbitrageplatform.com\/zh\/refund_returns\/#breadcrumb","itemListElement":[{"@type":"ListItem","position":1,"name":"Home","item":"https:\/\/hftarbitrageplatform.com\/"},{"@type":"ListItem","position":2,"name":"Refund and Returns Policy"}]},{"@type":"WebSite","@id":"https:\/\/hftarbitrageplatform.com\/#website","url":"https:\/\/hftarbitrageplatform.com\/","name":"HFT Arbitrage Platfrom - Software de arbitragem para mercados de Forex e criptomoedas","description":"Bot de arbitragem HFT multiplataformas e multiestrat\u00e9gias","publisher":{"@id":"https:\/\/hftarbitrageplatform.com\/#organization"},"potentialAction":[{"@type":"SearchAction","target":{"@type":"EntryPoint","urlTemplate":"https:\/\/hftarbitrageplatform.com\/?s={search_term_string}"},"query-input":{"@type":"PropertyValueSpecification","valueRequired":true,"valueName":"search_term_string"}}],"inLanguage":"pt-BR"},{"@type":"Organization","@id":"https:\/\/hftarbitrageplatform.com\/#organization","name":"HFT Arbitrage Platfrom - Software de arbitragem para mercados de Forex e criptomoedas","url":"https:\/\/hftarbitrageplatform.com\/","logo":{"@type":"ImageObject","inLanguage":"pt-BR","@id":"https:\/\/hftarbitrageplatform.com\/#\/schema\/logo\/image\/","url":"https:\/\/i0.wp.com\/hftarbitrageplatform.com\/wp-content\/uploads\/2022\/06\/cropped-hft-arbitrage-platfromLogo.png?fit=500%2C93&ssl=1","contentUrl":"https:\/\/i0.wp.com\/hftarbitrageplatform.com\/wp-content\/uploads\/2022\/06\/cropped-hft-arbitrage-platfromLogo.png?fit=500%2C93&ssl=1","width":500,"height":93,"caption":"HFT Arbitrage Platfrom -Arbitrage Software for Forex &amp; Cryptocurrencies Markets"},"image":{"@id":"https:\/\/hftarbitrageplatform.com\/#\/schema\/logo\/image\/"}}]}},"jetpack_sharing_enabled":true,"_links":{"self":[{"href":"https:\/\/hftarbitrageplatform.com\/pt\/wp-json\/wp\/v2\/pages\/147","targetHints":{"allow":["GET"]}}],"collection":[{"href":"https:\/\/hftarbitrageplatform.com\/pt\/wp-json\/wp\/v2\/pages"}],"about":[{"href":"https:\/\/hftarbitrageplatform.com\/pt\/wp-json\/wp\/v2\/types\/page"}],"author":[{"embeddable":true,"href":"https:\/\/hftarbitrageplatform.com\/pt\/wp-json\/wp\/v2\/users\/1"}],"replies":[{"embeddable":true,"href":"https:\/\/hftarbitrageplatform.com\/pt\/wp-json\/wp\/v2\/comments?post=147"}],"version-history":[{"count":1,"href":"https:\/\/hftarbitrageplatform.com\/pt\/wp-json\/wp\/v2\/pages\/147\/revisions"}],"predecessor-version":[{"id":289,"href":"https:\/\/hftarbitrageplatform.com\/pt\/wp-json\/wp\/v2\/pages\/147\/revisions\/289"}],"wp:attachment":[{"href":"https:\/\/hftarbitrageplatform.com\/pt\/wp-json\/wp\/v2\/media?parent=147"}],"curies":[{"name":"wp","href":"https:\/\/api.w.org\/{rel}","templated":true}]}}