{"id":3,"date":"2022-06-03T14:33:15","date_gmt":"2022-06-03T14:33:15","guid":{"rendered":"https:\/\/hftarbitrageplatform.com\/?page_id=3"},"modified":"2024-03-19T08:51:16","modified_gmt":"2024-03-19T12:51:16","slug":"politica-de-privacidade","status":"publish","type":"page","link":"https:\/\/hftarbitrageplatform.com\/pt\/privacy-policy\/","title":{"rendered":"Termos e condi\u00e7\u00f5es"},"content":{"rendered":"<p><\/p>\n\n\n\n<p>Voc\u00ea concorda que a HFTArbitragePlatfrom n\u00e3o ser\u00e1 respons\u00e1vel por quaisquer perdas ou danos que voc\u00ea possa incorrer ou sofrer em rela\u00e7\u00e3o ao nosso site HFTArbitragePlatfrom.com<\/p>\n\n\n\n<p>Este Contrato s\u00f3 entrar\u00e1 em vigor na data de aprova\u00e7\u00e3o de sua compra.<\/p>\n\n\n\n<p>HFTArbitragePlatfrom.com<strong> <\/strong>tem o direito de informar aos consumidores e \u00e0s ag\u00eancias de relat\u00f3rios de cr\u00e9dito sobre qualquer saldo devedor ou informa\u00e7\u00f5es negativas de cr\u00e9dito relacionadas \u00e0 compra de nossos produtos.&nbsp;<\/p>\n\n\n\n<p>HFTArbitragePlatfrom.com<\/p>\n\n\n\n<p>Tem o direito de rejeitar a compra de qualquer produto da HFTArbitragePlatfrom.com, por qualquer motivo considerado apropriado por nossa equipe.<\/p>\n\n\n\n<p>A HFTArbitragePlatfrom.com poder\u00e1 rescindir qualquer um ou v\u00e1rios servi\u00e7os e reivindica\u00e7\u00f5es nos termos deste Contrato, por qualquer motivo e a qualquer momento<\/p>\n\n\n\n<p>Voc\u00ea concorda que a HFTArbitragePlatfrom.com n\u00e3o ser\u00e1 respons\u00e1vel perante voc\u00ea ou qualquer outra parte por perdas incorridas por causas que estejam razoavelmente fora de nosso controle, que podem incluir, entre outras, restri\u00e7\u00f5es governamentais, condi\u00e7\u00f5es severas, greves, guerras, ataques terroristas, regras de c\u00e2mbio ou de mercado, desastres naturais, interrup\u00e7\u00f5es de comunica\u00e7\u00f5es, interrup\u00e7\u00f5es de negocia\u00e7\u00e3o em qualquer mercado ou c\u00e2mbio, acesso n\u00e3o autorizado ou interrompido e erros do operador.&nbsp;<\/p>\n\n\n\n<p>Voc\u00ea concorda que o HFTArbitragePlatfrom.com n\u00e3o ser\u00e1 respons\u00e1vel por quaisquer danos ou perdas incorridos por voc\u00ea ou por terceiros por qualquer motivo, inclusive lucros cessantes, danos semelhantes ou perdas comerciais.&nbsp;&nbsp;<\/p>\n\n\n\n<p>Se voc\u00ea comprar produtos da HFTArbitragePlatfrom e concordar com as disposi\u00e7\u00f5es estabelecidas, voc\u00ea tamb\u00e9m concorda em receber toda e qualquer comunica\u00e7\u00e3o da HFTArbitragePlatfrom.com via Internet e\/ou e-mail. Isso pode, mas n\u00e3o necessariamente, implicar confirma\u00e7\u00f5es de transa\u00e7\u00f5es, extratos financeiros, avisos de modifica\u00e7\u00f5es neste Contrato, extratos de compra e outras comunica\u00e7\u00f5es b\u00e1sicas.<\/p>\n\n\n\n<p>Se voc\u00ea for comprar algum produto da HFTArbitragePlat a partir de<strong>, <\/strong>todas as comunica\u00e7\u00f5es recebidas pela internet ou por e-mail devem ser recebidas e lidas prontamente. Todas as comunica\u00e7\u00f5es enviadas pelo INSERIR NOME DO WEBSITE AQUI ser\u00e3o consideradas como recebidas e lidas por voc\u00ea. Caso mude seu endere\u00e7o de comunica\u00e7\u00e3o, voc\u00ea concorda em nos informar imediatamente e assume a responsabilidade por comunica\u00e7\u00f5es perdidas em caso de perda de e-mail.<br>Ao assinar este Contrato, voc\u00ea concorda em reconhecer que dever\u00e1 enviar uma mensagem ao HFTArbitragePlatfrom.com caso encontre algum problema ou omiss\u00e3o nas transa\u00e7\u00f5es ou em qualquer outra comunica\u00e7\u00e3o com<strong> <\/strong>HFTArbitragePlatfrom. Caso o usu\u00e1rio n\u00e3o forne\u00e7a qualquer aviso ou confirma\u00e7\u00e3o de erros de qualquer forma, a HFTArbitragePlatfrom determinar\u00e1 que todas as informa\u00e7\u00f5es distribu\u00eddas ao usu\u00e1rio e todas as transa\u00e7\u00f5es foram feitas e tratadas com precis\u00e3o.<\/p>\n\n\n\n<h3 class=\"wp-block-heading\"><strong>Permiss\u00e3o de marketing<\/strong><\/h3>\n\n\n\n<p>Se voc\u00ea est\u00e1 recebendo e-mails do HFTArbitragePlatfrom, voc\u00ea est\u00e1 inscrito no boletim informativo do HFTArbitragePlatfrom.  Voc\u00ea d\u00e1 seu consentimento para entrar em contato com voc\u00ea por e-mail usando as informa\u00e7\u00f5es fornecidas neste formul\u00e1rio para fins de not\u00edcias, atualiza\u00e7\u00f5es e marketing.<\/p>\n\n\n\n<p><strong>O que esperar<\/strong>: Se desejar retirar seu consentimento e parar de receber not\u00edcias nossas, basta clicar no link de cancelamento de assinatura na parte inferior de todos os e-mails que enviamos ou entrar em contato conosco em support@hftarbitrageplatfrom.com e\/ou support@hftforexcopier.com . Valorizamos e respeitamos seus dados pessoais e sua privacidade.  Ao enviar este formul\u00e1rio, voc\u00ea concorda que podemos processar suas informa\u00e7\u00f5es de acordo com estes termos.<\/p>\n\n\n\n<h4 class=\"wp-block-heading\">1. Frequ\u00eancia<\/h4>\n\n\n\n<p>A frequ\u00eancia das edi\u00e7\u00f5es do boletim informativo ser\u00e1 de no m\u00e1ximo uma por semana.&nbsp;<\/p>\n\n\n\n<h4 class=\"wp-block-heading\">2. Responsabilidade limitada<\/h4>\n\n\n\n<p>Reservamo-nos o direito exclusivo de modificar ou descontinuar o boletim informativo a qualquer momento, com ou sem aviso pr\u00e9vio ao usu\u00e1rio. N\u00e3o seremos respons\u00e1veis perante voc\u00ea ou qualquer terceiro caso exer\u00e7amos esse direito. Quaisquer novos recursos que aumentem ou aprimorem os servi\u00e7os atuais deste site tamb\u00e9m estar\u00e3o sujeitos a estes Termos de Uso.<\/p>\n\n\n\n<p>Reservamo-nos o direito exclusivo de cancelar a inscri\u00e7\u00e3o de usu\u00e1rios\/visitantes do nosso servi\u00e7o de newsletter, sem aviso pr\u00e9vio. Faremos isso com qualquer assinante que considerarmos registrado com dados falsos.&nbsp;<\/p>\n\n\n\n<h4 class=\"wp-block-heading\">3. Pol\u00edtica de privacidade<\/h4>\n\n\n\n<p>N\u00e3o comunicaremos, divulgaremos, publicaremos ou divulgaremos seu endere\u00e7o. Voc\u00ea poder\u00e1 alterar suas configura\u00e7\u00f5es de assinatura ou exclu\u00ed-la completamente a qualquer momento.<\/p>\n\n\n\n<p>4. Isen\u00e7\u00e3o de responsabilidade<\/p>\n\n\n\n<p>A HFTArbitragePlatform n\u00e3o pode aceitar clientes do Afeganist\u00e3o, Congo, Ir\u00e3, Iraque, Mianmar, Coreia do Norte, Palestina, R\u00fassia, Som\u00e1lia, Sud\u00e3o, S\u00edria, I\u00eamen, Estados Unidos ou seus territ\u00f3rios. As informa\u00e7\u00f5es contidas neste site n\u00e3o se destinam a ser um incentivo, oferta ou solicita\u00e7\u00e3o a qualquer pessoa em qualquer pa\u00eds ou jurisdi\u00e7\u00e3o onde tal distribui\u00e7\u00e3o ou uso seja contr\u00e1rio \u00e0s leis ou regulamentos locais.<\/p>\n\n\n\n<h2 class=\"wp-block-heading\">Precisa de ajuda?<\/h2>\n\n\n\n<p><a href=\"https:\/\/hftarbitrageplatform.com\/pt\/contato\/\">Contate-Nos<\/a>&nbsp;para perguntas relacionadas aos termos e condi\u00e7\u00f5es.<\/p>","protected":false},"excerpt":{"rendered":"<p>You agree that HFTArbitragePlatfrom shall not be liable for any losses or damages that you might incur or suffer in relation to our website HFTArbitragePlatfrom.com This Agreement will only be effective only at the date of approval of your purchase. HFTArbitragePlatfrom.com has the right to report to consumers and credit reporting agencies of any debit [&#8230;]<\/p>\n<p><a class=\"btn btn-secondary conversions-read-more-link\" href=\"https:\/\/hftarbitrageplatform.com\/pt\/privacy-policy\/\">Read More&#8230;<\/a><\/p>\n","protected":false},"author":1,"featured_media":0,"parent":0,"menu_order":0,"comment_status":"closed","ping_status":"open","template":"","meta":{"_acf_changed":false,"footnotes":""},"class_list":["post-3","page","type-page","status-publish","hentry"],"acf":[],"yoast_head":"<!-- This site is optimized with the Yoast SEO plugin v27.3 - https:\/\/yoast.com\/product\/yoast-seo-wordpress\/ -->\n<title>Terms and conditions - HFT Arbitrage Platfrom -Arbitrage Software for Forex &amp; Cryptocurrencies Markets<\/title>\n<meta name=\"robots\" content=\"index, follow, max-snippet:-1, max-image-preview:large, max-video-preview:-1\" \/>\n<link rel=\"canonical\" href=\"https:\/\/hftarbitrageplatform.com\/pt\/politica-de-privacidade\/\" \/>\n<meta property=\"og:locale\" content=\"pt_BR\" \/>\n<meta property=\"og:type\" content=\"article\" \/>\n<meta property=\"og:title\" content=\"Terms and conditions - HFT Arbitrage Platfrom -Arbitrage Software for Forex &amp; Cryptocurrencies Markets\" \/>\n<meta property=\"og:description\" content=\"You agree that HFTArbitragePlatfrom shall not be liable for any losses or damages that you might incur or suffer in relation to our website HFTArbitragePlatfrom.com This Agreement will only be effective only at the date of approval of your purchase. HFTArbitragePlatfrom.com has the right to report to consumers and credit reporting agencies of any debit [...]Read More...\" \/>\n<meta property=\"og:url\" content=\"https:\/\/hftarbitrageplatform.com\/pt\/politica-de-privacidade\/\" \/>\n<meta property=\"og:site_name\" content=\"HFT Arbitrage Platfrom -Arbitrage Software for Forex &amp; Cryptocurrencies Markets\" \/>\n<meta property=\"article:modified_time\" content=\"2024-03-19T12:51:16+00:00\" \/>\n<meta name=\"twitter:card\" content=\"summary_large_image\" \/>\n<meta name=\"twitter:label1\" content=\"Est. tempo de leitura\" \/>\n\t<meta name=\"twitter:data1\" content=\"4 minutos\" \/>\n<script type=\"application\/ld+json\" class=\"yoast-schema-graph\">{\"@context\":\"https:\\\/\\\/schema.org\",\"@graph\":[{\"@type\":\"WebPage\",\"@id\":\"https:\\\/\\\/hftarbitrageplatform.com\\\/privacy-policy\\\/\",\"url\":\"https:\\\/\\\/hftarbitrageplatform.com\\\/privacy-policy\\\/\",\"name\":\"Terms and conditions - HFT Arbitrage Platfrom -Arbitrage Software for Forex &amp; Cryptocurrencies Markets\",\"isPartOf\":{\"@id\":\"https:\\\/\\\/hftarbitrageplatform.com\\\/#website\"},\"datePublished\":\"2022-06-03T14:33:15+00:00\",\"dateModified\":\"2024-03-19T12:51:16+00:00\",\"breadcrumb\":{\"@id\":\"https:\\\/\\\/hftarbitrageplatform.com\\\/privacy-policy\\\/#breadcrumb\"},\"inLanguage\":\"pt-BR\",\"potentialAction\":[{\"@type\":\"ReadAction\",\"target\":[\"https:\\\/\\\/hftarbitrageplatform.com\\\/privacy-policy\\\/\"]}]},{\"@type\":\"BreadcrumbList\",\"@id\":\"https:\\\/\\\/hftarbitrageplatform.com\\\/privacy-policy\\\/#breadcrumb\",\"itemListElement\":[{\"@type\":\"ListItem\",\"position\":1,\"name\":\"Home\",\"item\":\"https:\\\/\\\/hftarbitrageplatform.com\\\/\"},{\"@type\":\"ListItem\",\"position\":2,\"name\":\"Terms and conditions\"}]},{\"@type\":\"WebSite\",\"@id\":\"https:\\\/\\\/hftarbitrageplatform.com\\\/#website\",\"url\":\"https:\\\/\\\/hftarbitrageplatform.com\\\/\",\"name\":\"HFT Arbitrage Platfrom -Arbitrage Software for Forex &amp; Cryptocurrencies Markets\",\"description\":\"Multi-platforms and Multi-Strategies HFT Arbitrage Bot\",\"publisher\":{\"@id\":\"https:\\\/\\\/hftarbitrageplatform.com\\\/#organization\"},\"potentialAction\":[{\"@type\":\"SearchAction\",\"target\":{\"@type\":\"EntryPoint\",\"urlTemplate\":\"https:\\\/\\\/hftarbitrageplatform.com\\\/?s={search_term_string}\"},\"query-input\":{\"@type\":\"PropertyValueSpecification\",\"valueRequired\":true,\"valueName\":\"search_term_string\"}}],\"inLanguage\":\"pt-BR\"},{\"@type\":\"Organization\",\"@id\":\"https:\\\/\\\/hftarbitrageplatform.com\\\/#organization\",\"name\":\"HFT Arbitrage Platfrom -Arbitrage Software for Forex &amp; Cryptocurrencies Markets\",\"url\":\"https:\\\/\\\/hftarbitrageplatform.com\\\/\",\"logo\":{\"@type\":\"ImageObject\",\"inLanguage\":\"pt-BR\",\"@id\":\"https:\\\/\\\/hftarbitrageplatform.com\\\/#\\\/schema\\\/logo\\\/image\\\/\",\"url\":\"https:\\\/\\\/i0.wp.com\\\/hftarbitrageplatform.com\\\/wp-content\\\/uploads\\\/2022\\\/06\\\/cropped-hft-arbitrage-platfromLogo.png?fit=500%2C93&ssl=1\",\"contentUrl\":\"https:\\\/\\\/i0.wp.com\\\/hftarbitrageplatform.com\\\/wp-content\\\/uploads\\\/2022\\\/06\\\/cropped-hft-arbitrage-platfromLogo.png?fit=500%2C93&ssl=1\",\"width\":500,\"height\":93,\"caption\":\"HFT Arbitrage Platfrom -Arbitrage Software for Forex &amp; Cryptocurrencies Markets\"},\"image\":{\"@id\":\"https:\\\/\\\/hftarbitrageplatform.com\\\/#\\\/schema\\\/logo\\\/image\\\/\"}}]}<\/script>\n<!-- \/ Yoast SEO plugin. -->","yoast_head_json":{"title":"Termos e condi\u00e7\u00f5es - HFT Arbitrage Platfrom - Software de arbitragem para os mercados de Forex e criptomoedas","robots":{"index":"index","follow":"follow","max-snippet":"max-snippet:-1","max-image-preview":"max-image-preview:large","max-video-preview":"max-video-preview:-1"},"canonical":"https:\/\/hftarbitrageplatform.com\/pt\/politica-de-privacidade\/","og_locale":"pt_BR","og_type":"article","og_title":"Terms and conditions - HFT Arbitrage Platfrom -Arbitrage Software for Forex &amp; Cryptocurrencies Markets","og_description":"You agree that HFTArbitragePlatfrom shall not be liable for any losses or damages that you might incur or suffer in relation to our website HFTArbitragePlatfrom.com This Agreement will only be effective only at the date of approval of your purchase. HFTArbitragePlatfrom.com has the right to report to consumers and credit reporting agencies of any debit [...]Read More...","og_url":"https:\/\/hftarbitrageplatform.com\/pt\/politica-de-privacidade\/","og_site_name":"HFT Arbitrage Platfrom -Arbitrage Software for Forex &amp; Cryptocurrencies Markets","article_modified_time":"2024-03-19T12:51:16+00:00","twitter_card":"summary_large_image","twitter_misc":{"Est. tempo de leitura":"4 minutos"},"schema":{"@context":"https:\/\/schema.org","@graph":[{"@type":"WebPage","@id":"https:\/\/hftarbitrageplatform.com\/privacy-policy\/","url":"https:\/\/hftarbitrageplatform.com\/privacy-policy\/","name":"Termos e condi\u00e7\u00f5es - HFT Arbitrage Platfrom - Software de arbitragem para os mercados de Forex e criptomoedas","isPartOf":{"@id":"https:\/\/hftarbitrageplatform.com\/#website"},"datePublished":"2022-06-03T14:33:15+00:00","dateModified":"2024-03-19T12:51:16+00:00","breadcrumb":{"@id":"https:\/\/hftarbitrageplatform.com\/privacy-policy\/#breadcrumb"},"inLanguage":"pt-BR","potentialAction":[{"@type":"ReadAction","target":["https:\/\/hftarbitrageplatform.com\/privacy-policy\/"]}]},{"@type":"BreadcrumbList","@id":"https:\/\/hftarbitrageplatform.com\/privacy-policy\/#breadcrumb","itemListElement":[{"@type":"ListItem","position":1,"name":"Home","item":"https:\/\/hftarbitrageplatform.com\/"},{"@type":"ListItem","position":2,"name":"Terms and conditions"}]},{"@type":"WebSite","@id":"https:\/\/hftarbitrageplatform.com\/#website","url":"https:\/\/hftarbitrageplatform.com\/","name":"HFT Arbitrage Platfrom - Software de arbitragem para mercados de Forex e criptomoedas","description":"Bot de arbitragem HFT multiplataformas e multiestrat\u00e9gias","publisher":{"@id":"https:\/\/hftarbitrageplatform.com\/#organization"},"potentialAction":[{"@type":"SearchAction","target":{"@type":"EntryPoint","urlTemplate":"https:\/\/hftarbitrageplatform.com\/?s={search_term_string}"},"query-input":{"@type":"PropertyValueSpecification","valueRequired":true,"valueName":"search_term_string"}}],"inLanguage":"pt-BR"},{"@type":"Organization","@id":"https:\/\/hftarbitrageplatform.com\/#organization","name":"HFT Arbitrage Platfrom - Software de arbitragem para mercados de Forex e criptomoedas","url":"https:\/\/hftarbitrageplatform.com\/","logo":{"@type":"ImageObject","inLanguage":"pt-BR","@id":"https:\/\/hftarbitrageplatform.com\/#\/schema\/logo\/image\/","url":"https:\/\/i0.wp.com\/hftarbitrageplatform.com\/wp-content\/uploads\/2022\/06\/cropped-hft-arbitrage-platfromLogo.png?fit=500%2C93&ssl=1","contentUrl":"https:\/\/i0.wp.com\/hftarbitrageplatform.com\/wp-content\/uploads\/2022\/06\/cropped-hft-arbitrage-platfromLogo.png?fit=500%2C93&ssl=1","width":500,"height":93,"caption":"HFT Arbitrage Platfrom -Arbitrage Software for Forex &amp; Cryptocurrencies Markets"},"image":{"@id":"https:\/\/hftarbitrageplatform.com\/#\/schema\/logo\/image\/"}}]}},"jetpack_sharing_enabled":true,"_links":{"self":[{"href":"https:\/\/hftarbitrageplatform.com\/pt\/wp-json\/wp\/v2\/pages\/3","targetHints":{"allow":["GET"]}}],"collection":[{"href":"https:\/\/hftarbitrageplatform.com\/pt\/wp-json\/wp\/v2\/pages"}],"about":[{"href":"https:\/\/hftarbitrageplatform.com\/pt\/wp-json\/wp\/v2\/types\/page"}],"author":[{"embeddable":true,"href":"https:\/\/hftarbitrageplatform.com\/pt\/wp-json\/wp\/v2\/users\/1"}],"replies":[{"embeddable":true,"href":"https:\/\/hftarbitrageplatform.com\/pt\/wp-json\/wp\/v2\/comments?post=3"}],"version-history":[{"count":9,"href":"https:\/\/hftarbitrageplatform.com\/pt\/wp-json\/wp\/v2\/pages\/3\/revisions"}],"predecessor-version":[{"id":2720,"href":"https:\/\/hftarbitrageplatform.com\/pt\/wp-json\/wp\/v2\/pages\/3\/revisions\/2720"}],"wp:attachment":[{"href":"https:\/\/hftarbitrageplatform.com\/pt\/wp-json\/wp\/v2\/media?parent=3"}],"curies":[{"name":"wp","href":"https:\/\/api.w.org\/{rel}","templated":true}]}}