{"id":1648,"date":"2025-12-27T12:31:41","date_gmt":"2025-12-27T17:31:41","guid":{"rendered":"https:\/\/hftarbitrageplatform.com\/?post_type=product&#038;p=1648"},"modified":"2025-12-27T12:31:41","modified_gmt":"2025-12-27T17:31:41","slug":"ordena-a-randomizacao-do-tamanho-da-fonte","status":"publish","type":"product","link":"https:\/\/hftarbitrageplatform.com\/pt\/product\/orders-source-size-randomization\/","title":{"rendered":"Randomiza\u00e7\u00e3o de origem e tamanho do pedido"},"content":{"rendered":"<p>Esse m\u00f3dulo \u00e9 um acr\u00e9scimo \u00e0 plataforma de arbitragem HFT e pode ser usado com todos os bots integrados dispon\u00edveis: Bot de arbitragem de lat\u00eancia, bot de arbitragem de hedge, bots de arbitragem de lat\u00eancia 1, 2 e 3 de 2 pernas.<\/p>\n<p>\u00c9 importante entender que a maior parte do sucesso da negocia\u00e7\u00e3o de arbitragem depende n\u00e3o apenas do algoritmo de uma ou outra estrat\u00e9gia de arbitragem, mas tamb\u00e9m do algoritmo de mascaramento da negocia\u00e7\u00e3o de arbitragem, que permite que o negociador fique invis\u00edvel para o dealer e ignore todos os tipos de plug-ins, como <a href=\"https:\/\/hftarbitrageplatform.com\/pt\/o-dealer-virtual-faz-um-jogo-sujo-contra-voce\/\" target=\"_blank\" rel=\"noopener\">dealers virtuais<\/a>.<\/p>\n<p><strong>Randomiza\u00e7\u00e3o de origem e tamanho do pedido<\/strong> O m\u00f3dulo \u00e9 destinado a camuflar a negocia\u00e7\u00e3o de arbitragem e pode ser condicionalmente dividido em duas partes, em dois m\u00f3dulos separados:<\/p>\n<ol>\n<li>Randomiza\u00e7\u00e3o da origem do pedido.<\/li>\n<li>Randomiza\u00e7\u00e3o do tamanho da ordem<\/li>\n<\/ol>\n<p><strong>Randomiza\u00e7\u00e3o da origem da ordem<\/strong> permite a simula\u00e7\u00e3o das fontes de ordens: negocia\u00e7\u00e3o manual, negocia\u00e7\u00e3o automatizada com rob\u00f4s Forex, negocia\u00e7\u00e3o a partir do terminal de negocia\u00e7\u00e3o m\u00f3vel, negocia\u00e7\u00e3o a partir do terminal da Web e o sinal do mercado. E o operador pode determinar a porcentagem de ordens para cada fonte de sinal. Por exemplo, se o corretor forex fornecer apenas um terminal da Web, o trader poder\u00e1 distribuir a porcentagem da seguinte forma:<\/p>\n<ul>\n<li>Com\u00e9rcio manual -50%.<\/li>\n<li>Negocia\u00e7\u00e3o automatizada -10%<\/li>\n<li>O sinal do Marketplace -10%<\/li>\n<li>Terminal da Web -30%<\/li>\n<\/ul>\n<p><img data-recalc-dims=\"1\" loading=\"lazy\" decoding=\"async\" class=\"alignnone wp-image-1680 size-full\" src=\"https:\/\/i0.wp.com\/hftarbitrageplatform.com\/wp-content\/uploads\/2023\/02\/source-randomization.png?resize=486%2C561&#038;ssl=1\" alt=\"randomiza\u00e7\u00e3o da fonte de ordens para negocia\u00e7\u00e3o de arbitragem\" width=\"486\" height=\"561\" srcset=\"https:\/\/i0.wp.com\/hftarbitrageplatform.com\/wp-content\/uploads\/2023\/02\/source-randomization.png?w=486&amp;ssl=1 486w, https:\/\/i0.wp.com\/hftarbitrageplatform.com\/wp-content\/uploads\/2023\/02\/source-randomization.png?resize=260%2C300&amp;ssl=1 260w, https:\/\/i0.wp.com\/hftarbitrageplatform.com\/wp-content\/uploads\/2023\/02\/source-randomization.png?resize=10%2C12&amp;ssl=1 10w\" sizes=\"auto, (max-width: 486px) 100vw, 486px\" \/><\/p>\n<p><strong>Randomiza\u00e7\u00e3o do tamanho da ordem<\/strong> permite simular a negocia\u00e7\u00e3o com um tamanho de lote aleat\u00f3rio em vez de um tamanho de lote fixo. O trader escolhe o tamanho do lote e tamb\u00e9m define o desvio permitido do tamanho do lote selecionado.<\/p>\n<p><img data-recalc-dims=\"1\" loading=\"lazy\" decoding=\"async\" class=\"alignnone size-full wp-image-1681\" src=\"https:\/\/i0.wp.com\/hftarbitrageplatform.com\/wp-content\/uploads\/2023\/02\/lot-randomization.png?resize=180%2C128&#038;ssl=1\" alt=\"randomiza\u00e7\u00e3o de lotes para negocia\u00e7\u00e3o de arbitragem\" width=\"180\" height=\"128\" srcset=\"https:\/\/i0.wp.com\/hftarbitrageplatform.com\/wp-content\/uploads\/2023\/02\/lot-randomization.png?w=180&amp;ssl=1 180w, https:\/\/i0.wp.com\/hftarbitrageplatform.com\/wp-content\/uploads\/2023\/02\/lot-randomization.png?resize=18%2C12&amp;ssl=1 18w\" sizes=\"auto, (max-width: 180px) 100vw, 180px\" \/><\/p>\n<p>Os m\u00f3dulos Order's Source Randomization e Order's Source Randomization se complementam bem e permitem disfar\u00e7ar a negocia\u00e7\u00e3o de arbitragem de forma confi\u00e1vel.<\/p>","protected":false},"excerpt":{"rendered":"<p><strong>Order&#8217;s Source &amp; Size Randomization<\/strong> module is intended for camouflaging arbitrage trading and can be conditionally divided into two parts, into two separate modules: Order&#8217;s Source Randomization and Order&#8217;s Size Randomization.<\/p>\n<p><strong>The Order&#8217;s Source Randomization<\/strong> allows the simulation of the order sources: manual trading, automated trading with Forex robots, trading from the mobile trading terminal, trading from the web terminal, and the signal from the marketplace.<\/p>\n<p><strong>Order&#8217;s Size Randomization<\/strong> allows you to simulate trading with a random lot size instead of a fixed lot size. [&#8230;]<\/p>\n<p><a class=\"btn btn-secondary conversions-read-more-link\" href=\"https:\/\/hftarbitrageplatform.com\/pt\/product\/orders-source-size-randomization\/\">Read More&#8230;<\/a><\/p>\n","protected":false},"featured_media":1682,"comment_status":"open","ping_status":"closed","template":"","meta":{"_acf_changed":false},"product_brand":[],"product_cat":[130],"product_tag":[132,131],"class_list":{"0":"post-1648","1":"product","2":"type-product","3":"status-publish","4":"has-post-thumbnail","6":"product_cat-arbitrage-software-add-ons","7":"product_tag-arbitrage-add-on","8":"product_tag-arbitrage-software-add-on","10":"first","11":"instock","12":"virtual","13":"sold-individually","14":"purchasable","15":"product-type-simple"},"acf":[],"yoast_head":"<!-- This site is optimized with the Yoast SEO plugin v27.3 - https:\/\/yoast.com\/product\/yoast-seo-wordpress\/ -->\n<title>Order&#039;s Source &amp; Size randomization - HFT Arbitrage Platfrom -Arbitrage Software for Forex &amp; Cryptocurrencies Markets<\/title>\n<meta name=\"robots\" content=\"index, follow, max-snippet:-1, max-image-preview:large, max-video-preview:-1\" \/>\n<link rel=\"canonical\" href=\"https:\/\/hftarbitrageplatform.com\/pt\/produto\/ordena-a-randomizacao-do-tamanho-da-fonte\/\" \/>\n<meta property=\"og:locale\" content=\"pt_BR\" \/>\n<meta property=\"og:type\" content=\"article\" \/>\n<meta property=\"og:title\" content=\"Order&#039;s Source &amp; Size randomization - HFT Arbitrage Platfrom -Arbitrage Software for Forex &amp; Cryptocurrencies Markets\" \/>\n<meta property=\"og:description\" content=\"Order&#039;s Source &amp; Size Randomization module is intended for camouflaging arbitrage trading and can be conditionally divided into two parts, into two separate modules: Order&#039;s Source Randomization and Order&#039;s Size Randomization.  The Order&#039;s Source Randomization allows the simulation of the order sources: manual trading, automated trading with Forex robots, trading from the mobile trading terminal, trading from the web terminal, and the signal from the marketplace.  Order&#039;s Size Randomization allows you to simulate trading with a random lot size instead of a fixed lot size. [...]Read More...\" \/>\n<meta property=\"og:url\" content=\"https:\/\/hftarbitrageplatform.com\/pt\/produto\/ordena-a-randomizacao-do-tamanho-da-fonte\/\" \/>\n<meta property=\"og:site_name\" content=\"HFT Arbitrage Platfrom -Arbitrage Software for Forex &amp; Cryptocurrencies Markets\" \/>\n<meta property=\"og:image\" content=\"https:\/\/i0.wp.com\/hftarbitrageplatform.com\/wp-content\/uploads\/2023\/02\/orders-randomization.png?fit=300%2C205&ssl=1\" \/>\n\t<meta property=\"og:image:width\" content=\"300\" \/>\n\t<meta property=\"og:image:height\" content=\"205\" \/>\n\t<meta property=\"og:image:type\" content=\"image\/png\" \/>\n<meta name=\"twitter:card\" content=\"summary_large_image\" \/>\n<meta name=\"twitter:label1\" content=\"Est. tempo de leitura\" \/>\n\t<meta name=\"twitter:data1\" content=\"1 minuto\" \/>\n<script type=\"application\/ld+json\" class=\"yoast-schema-graph\">{\"@context\":\"https:\\\/\\\/schema.org\",\"@graph\":[{\"@type\":\"WebPage\",\"@id\":\"https:\\\/\\\/hftarbitrageplatform.com\\\/product\\\/orders-source-size-randomization\\\/\",\"url\":\"https:\\\/\\\/hftarbitrageplatform.com\\\/product\\\/orders-source-size-randomization\\\/\",\"name\":\"Order's Source & Size randomization - HFT Arbitrage Platfrom -Arbitrage Software for Forex &amp; Cryptocurrencies Markets\",\"isPartOf\":{\"@id\":\"https:\\\/\\\/hftarbitrageplatform.com\\\/#website\"},\"primaryImageOfPage\":{\"@id\":\"https:\\\/\\\/hftarbitrageplatform.com\\\/product\\\/orders-source-size-randomization\\\/#primaryimage\"},\"image\":{\"@id\":\"https:\\\/\\\/hftarbitrageplatform.com\\\/product\\\/orders-source-size-randomization\\\/#primaryimage\"},\"thumbnailUrl\":\"https:\\\/\\\/i0.wp.com\\\/hftarbitrageplatform.com\\\/wp-content\\\/uploads\\\/2023\\\/02\\\/orders-randomization.png?fit=300%2C205&ssl=1\",\"datePublished\":\"2025-12-27T17:31:41+00:00\",\"breadcrumb\":{\"@id\":\"https:\\\/\\\/hftarbitrageplatform.com\\\/product\\\/orders-source-size-randomization\\\/#breadcrumb\"},\"inLanguage\":\"pt-BR\",\"potentialAction\":[{\"@type\":\"ReadAction\",\"target\":[\"https:\\\/\\\/hftarbitrageplatform.com\\\/product\\\/orders-source-size-randomization\\\/\"]}]},{\"@type\":\"ImageObject\",\"inLanguage\":\"pt-BR\",\"@id\":\"https:\\\/\\\/hftarbitrageplatform.com\\\/product\\\/orders-source-size-randomization\\\/#primaryimage\",\"url\":\"https:\\\/\\\/i0.wp.com\\\/hftarbitrageplatform.com\\\/wp-content\\\/uploads\\\/2023\\\/02\\\/orders-randomization.png?fit=300%2C205&ssl=1\",\"contentUrl\":\"https:\\\/\\\/i0.wp.com\\\/hftarbitrageplatform.com\\\/wp-content\\\/uploads\\\/2023\\\/02\\\/orders-randomization.png?fit=300%2C205&ssl=1\",\"width\":300,\"height\":205,\"caption\":\"randomization\"},{\"@type\":\"BreadcrumbList\",\"@id\":\"https:\\\/\\\/hftarbitrageplatform.com\\\/product\\\/orders-source-size-randomization\\\/#breadcrumb\",\"itemListElement\":[{\"@type\":\"ListItem\",\"position\":1,\"name\":\"Home\",\"item\":\"https:\\\/\\\/hftarbitrageplatform.com\\\/\"},{\"@type\":\"ListItem\",\"position\":2,\"name\":\"Shop\",\"item\":\"https:\\\/\\\/hftarbitrageplatform.com\\\/en\\\/shop\\\/\"},{\"@type\":\"ListItem\",\"position\":3,\"name\":\"Order&#8217;s Source &#038; Size randomization\"}]},{\"@type\":\"WebSite\",\"@id\":\"https:\\\/\\\/hftarbitrageplatform.com\\\/#website\",\"url\":\"https:\\\/\\\/hftarbitrageplatform.com\\\/\",\"name\":\"HFT Arbitrage Platfrom -Arbitrage Software for Forex &amp; Cryptocurrencies Markets\",\"description\":\"Multi-platforms and Multi-Strategies HFT Arbitrage Bot\",\"publisher\":{\"@id\":\"https:\\\/\\\/hftarbitrageplatform.com\\\/#organization\"},\"potentialAction\":[{\"@type\":\"SearchAction\",\"target\":{\"@type\":\"EntryPoint\",\"urlTemplate\":\"https:\\\/\\\/hftarbitrageplatform.com\\\/?s={search_term_string}\"},\"query-input\":{\"@type\":\"PropertyValueSpecification\",\"valueRequired\":true,\"valueName\":\"search_term_string\"}}],\"inLanguage\":\"pt-BR\"},{\"@type\":\"Organization\",\"@id\":\"https:\\\/\\\/hftarbitrageplatform.com\\\/#organization\",\"name\":\"HFT Arbitrage Platfrom -Arbitrage Software for Forex &amp; Cryptocurrencies Markets\",\"url\":\"https:\\\/\\\/hftarbitrageplatform.com\\\/\",\"logo\":{\"@type\":\"ImageObject\",\"inLanguage\":\"pt-BR\",\"@id\":\"https:\\\/\\\/hftarbitrageplatform.com\\\/#\\\/schema\\\/logo\\\/image\\\/\",\"url\":\"https:\\\/\\\/i0.wp.com\\\/hftarbitrageplatform.com\\\/wp-content\\\/uploads\\\/2022\\\/06\\\/cropped-hft-arbitrage-platfromLogo.png?fit=500%2C93&ssl=1\",\"contentUrl\":\"https:\\\/\\\/i0.wp.com\\\/hftarbitrageplatform.com\\\/wp-content\\\/uploads\\\/2022\\\/06\\\/cropped-hft-arbitrage-platfromLogo.png?fit=500%2C93&ssl=1\",\"width\":500,\"height\":93,\"caption\":\"HFT Arbitrage Platfrom -Arbitrage Software for Forex &amp; Cryptocurrencies Markets\"},\"image\":{\"@id\":\"https:\\\/\\\/hftarbitrageplatform.com\\\/#\\\/schema\\\/logo\\\/image\\\/\"}}]}<\/script>\n<!-- \/ Yoast SEO plugin. -->","yoast_head_json":{"title":"Randomiza\u00e7\u00e3o da origem e do tamanho da ordem - HFT Arbitrage Platform - Software de arbitragem para os mercados de Forex e criptomoedas","robots":{"index":"index","follow":"follow","max-snippet":"max-snippet:-1","max-image-preview":"max-image-preview:large","max-video-preview":"max-video-preview:-1"},"canonical":"https:\/\/hftarbitrageplatform.com\/pt\/produto\/ordena-a-randomizacao-do-tamanho-da-fonte\/","og_locale":"pt_BR","og_type":"article","og_title":"Order's Source & Size randomization - HFT Arbitrage Platfrom -Arbitrage Software for Forex &amp; Cryptocurrencies Markets","og_description":"Order's Source &amp; Size Randomization module is intended for camouflaging arbitrage trading and can be conditionally divided into two parts, into two separate modules: Order's Source Randomization and Order's Size Randomization.  The Order's Source Randomization allows the simulation of the order sources: manual trading, automated trading with Forex robots, trading from the mobile trading terminal, trading from the web terminal, and the signal from the marketplace.  Order's Size Randomization allows you to simulate trading with a random lot size instead of a fixed lot size. [...]Read More...","og_url":"https:\/\/hftarbitrageplatform.com\/pt\/produto\/ordena-a-randomizacao-do-tamanho-da-fonte\/","og_site_name":"HFT Arbitrage Platfrom -Arbitrage Software for Forex &amp; Cryptocurrencies Markets","og_image":[{"width":300,"height":205,"url":"https:\/\/i0.wp.com\/hftarbitrageplatform.com\/wp-content\/uploads\/2023\/02\/orders-randomization.png?fit=300%2C205&ssl=1","type":"image\/png"}],"twitter_card":"summary_large_image","twitter_misc":{"Est. tempo de leitura":"1 minuto"},"schema":{"@context":"https:\/\/schema.org","@graph":[{"@type":"WebPage","@id":"https:\/\/hftarbitrageplatform.com\/product\/orders-source-size-randomization\/","url":"https:\/\/hftarbitrageplatform.com\/product\/orders-source-size-randomization\/","name":"Randomiza\u00e7\u00e3o da origem e do tamanho da ordem - HFT Arbitrage Platform - Software de arbitragem para os mercados de Forex e criptomoedas","isPartOf":{"@id":"https:\/\/hftarbitrageplatform.com\/#website"},"primaryImageOfPage":{"@id":"https:\/\/hftarbitrageplatform.com\/product\/orders-source-size-randomization\/#primaryimage"},"image":{"@id":"https:\/\/hftarbitrageplatform.com\/product\/orders-source-size-randomization\/#primaryimage"},"thumbnailUrl":"https:\/\/i0.wp.com\/hftarbitrageplatform.com\/wp-content\/uploads\/2023\/02\/orders-randomization.png?fit=300%2C205&ssl=1","datePublished":"2025-12-27T17:31:41+00:00","breadcrumb":{"@id":"https:\/\/hftarbitrageplatform.com\/product\/orders-source-size-randomization\/#breadcrumb"},"inLanguage":"pt-BR","potentialAction":[{"@type":"ReadAction","target":["https:\/\/hftarbitrageplatform.com\/product\/orders-source-size-randomization\/"]}]},{"@type":"ImageObject","inLanguage":"pt-BR","@id":"https:\/\/hftarbitrageplatform.com\/product\/orders-source-size-randomization\/#primaryimage","url":"https:\/\/i0.wp.com\/hftarbitrageplatform.com\/wp-content\/uploads\/2023\/02\/orders-randomization.png?fit=300%2C205&ssl=1","contentUrl":"https:\/\/i0.wp.com\/hftarbitrageplatform.com\/wp-content\/uploads\/2023\/02\/orders-randomization.png?fit=300%2C205&ssl=1","width":300,"height":205,"caption":"randomization"},{"@type":"BreadcrumbList","@id":"https:\/\/hftarbitrageplatform.com\/product\/orders-source-size-randomization\/#breadcrumb","itemListElement":[{"@type":"ListItem","position":1,"name":"Home","item":"https:\/\/hftarbitrageplatform.com\/"},{"@type":"ListItem","position":2,"name":"Shop","item":"https:\/\/hftarbitrageplatform.com\/en\/shop\/"},{"@type":"ListItem","position":3,"name":"Order&#8217;s Source &#038; Size randomization"}]},{"@type":"WebSite","@id":"https:\/\/hftarbitrageplatform.com\/#website","url":"https:\/\/hftarbitrageplatform.com\/","name":"HFT Arbitrage Platfrom - Software de arbitragem para mercados de Forex e criptomoedas","description":"Bot de arbitragem HFT multiplataformas e multiestrat\u00e9gias","publisher":{"@id":"https:\/\/hftarbitrageplatform.com\/#organization"},"potentialAction":[{"@type":"SearchAction","target":{"@type":"EntryPoint","urlTemplate":"https:\/\/hftarbitrageplatform.com\/?s={search_term_string}"},"query-input":{"@type":"PropertyValueSpecification","valueRequired":true,"valueName":"search_term_string"}}],"inLanguage":"pt-BR"},{"@type":"Organization","@id":"https:\/\/hftarbitrageplatform.com\/#organization","name":"HFT Arbitrage Platfrom - Software de arbitragem para mercados de Forex e criptomoedas","url":"https:\/\/hftarbitrageplatform.com\/","logo":{"@type":"ImageObject","inLanguage":"pt-BR","@id":"https:\/\/hftarbitrageplatform.com\/#\/schema\/logo\/image\/","url":"https:\/\/i0.wp.com\/hftarbitrageplatform.com\/wp-content\/uploads\/2022\/06\/cropped-hft-arbitrage-platfromLogo.png?fit=500%2C93&ssl=1","contentUrl":"https:\/\/i0.wp.com\/hftarbitrageplatform.com\/wp-content\/uploads\/2022\/06\/cropped-hft-arbitrage-platfromLogo.png?fit=500%2C93&ssl=1","width":500,"height":93,"caption":"HFT Arbitrage Platfrom -Arbitrage Software for Forex &amp; Cryptocurrencies Markets"},"image":{"@id":"https:\/\/hftarbitrageplatform.com\/#\/schema\/logo\/image\/"}}]}},"jetpack_sharing_enabled":true,"_links":{"self":[{"href":"https:\/\/hftarbitrageplatform.com\/pt\/wp-json\/wp\/v2\/product\/1648","targetHints":{"allow":["GET"]}}],"collection":[{"href":"https:\/\/hftarbitrageplatform.com\/pt\/wp-json\/wp\/v2\/product"}],"about":[{"href":"https:\/\/hftarbitrageplatform.com\/pt\/wp-json\/wp\/v2\/types\/product"}],"replies":[{"embeddable":true,"href":"https:\/\/hftarbitrageplatform.com\/pt\/wp-json\/wp\/v2\/comments?post=1648"}],"wp:featuredmedia":[{"embeddable":true,"href":"https:\/\/hftarbitrageplatform.com\/pt\/wp-json\/wp\/v2\/media\/1682"}],"wp:attachment":[{"href":"https:\/\/hftarbitrageplatform.com\/pt\/wp-json\/wp\/v2\/media?parent=1648"}],"wp:term":[{"taxonomy":"product_brand","embeddable":true,"href":"https:\/\/hftarbitrageplatform.com\/pt\/wp-json\/wp\/v2\/product_brand?post=1648"},{"taxonomy":"product_cat","embeddable":true,"href":"https:\/\/hftarbitrageplatform.com\/pt\/wp-json\/wp\/v2\/product_cat?post=1648"},{"taxonomy":"product_tag","embeddable":true,"href":"https:\/\/hftarbitrageplatform.com\/pt\/wp-json\/wp\/v2\/product_tag?post=1648"}],"curies":[{"name":"wp","href":"https:\/\/api.w.org\/{rel}","templated":true}]}}