{"id":2795,"date":"2024-05-27T16:08:01","date_gmt":"2024-05-27T20:08:01","guid":{"rendered":"https:\/\/hftarbitrageplatform.com\/?post_type=product&#038;p=2795"},"modified":"2025-12-27T12:31:41","modified_gmt":"2025-12-27T17:31:41","slug":"conector-dxtrade","status":"publish","type":"product","link":"https:\/\/hftarbitrageplatform.com\/pt\/product\/dxtrade-connector\/","title":{"rendered":"APIGateway - Conector da DXTrade para a plataforma de arbitragem HFT"},"content":{"rendered":"<p>APIGateway - O Conector DXTrade permite que voc\u00ea utilize todas as estrat\u00e9gias integradas da Plataforma de Arbitragem HFT na plataforma DXTrade, <strong>emulando totalmente a negocia\u00e7\u00e3o manual sem nenhuma perda de velocidade.<\/strong> Voc\u00ea pode usar o conector com qualquer corretora ou empresa de prop trading que ofere\u00e7a a plataforma DXTrade.<\/p>\n<p><img data-recalc-dims=\"1\" loading=\"lazy\" decoding=\"async\" class=\"alignnone wp-image-2797 size-full\" src=\"https:\/\/i0.wp.com\/hftarbitrageplatform.com\/wp-content\/uploads\/2024\/05\/dxtrade-connector.png?resize=486%2C561&#038;ssl=1\" alt=\"Conector dxtrade\" width=\"486\" height=\"561\" srcset=\"https:\/\/i0.wp.com\/hftarbitrageplatform.com\/wp-content\/uploads\/2024\/05\/dxtrade-connector.png?w=486&amp;ssl=1 486w, https:\/\/i0.wp.com\/hftarbitrageplatform.com\/wp-content\/uploads\/2024\/05\/dxtrade-connector.png?resize=260%2C300&amp;ssl=1 260w, https:\/\/i0.wp.com\/hftarbitrageplatform.com\/wp-content\/uploads\/2024\/05\/dxtrade-connector.png?resize=10%2C12&amp;ssl=1 10w\" sizes=\"auto, (max-width: 486px) 100vw, 486px\" \/><\/p>\n<p><strong>Aqui est\u00e1 uma lista de empresas de negocia\u00e7\u00e3o propriet\u00e1rias que integraram a plataforma DX.trade, fornecendo a seus operadores ferramentas e funcionalidades avan\u00e7adas:<\/strong><\/p>\n<ul>\n<li>A FTMO \u00e9 uma proeminente empresa de prop trading conhecida por seu abrangente processo de avalia\u00e7\u00e3o e generosas ofertas de financiamento. Embora n\u00e3o tenham sido encontrados detalhes espec\u00edficos sobre seu uso da DX.trade, a FTMO \u00e9 conhecida por integrar plataformas de negocia\u00e7\u00e3o avan\u00e7adas para garantir experi\u00eancias de negocia\u00e7\u00e3o perfeitas.<\/li>\n<li>A AquaFunded anunciou recentemente o lan\u00e7amento da DX.trade como sua nova plataforma de negocia\u00e7\u00e3o de ponta. A plataforma oferece recursos inovadores, incluindo ferramentas anal\u00edticas avan\u00e7adas, medidas de seguran\u00e7a aprimoradas e confiabilidade em v\u00e1rios dispositivos, garantindo uma experi\u00eancia de negocia\u00e7\u00e3o perfeita.<\/li>\n<li>A MyFundedFX \u00e9 outra empresa de prop trading que utiliza plataformas de trading modernas para oferecer excelente suporte e ferramentas para os traders. A empresa se concentra em oferecer divis\u00f5es de lucros competitivas e op\u00e7\u00f5es de financiamento. Detalhes espec\u00edficos sobre o uso do DX.trade n\u00e3o foram mencionados diretamente, mas eles aprimoram continuamente suas ofertas de plataforma.<\/li>\n<li>A EightCap, uma conhecida corretora, oferece uma s\u00e9rie de plataformas de negocia\u00e7\u00e3o, incluindo a DX.trade, para seus clientes. Eles s\u00e3o conhecidos por fornecer ambientes de negocia\u00e7\u00e3o robustos com execu\u00e7\u00e3o de alta qualidade e suporte para v\u00e1rias classes de ativos.<\/li>\n<li>O InstantFunding integrou o DX.trade em sua plataforma, garantindo que os traders possam acessar ferramentas de negocia\u00e7\u00e3o avan\u00e7adas e execu\u00e7\u00e3o eficiente. Ele enfatiza o fornecimento de uma experi\u00eancia de negocia\u00e7\u00e3o confi\u00e1vel e f\u00e1cil de usar.<\/li>\n<\/ul>\n<p>Essas empresas utilizam os recursos avan\u00e7ados da plataforma DX.trade para aprimorar suas opera\u00e7\u00f5es de negocia\u00e7\u00e3o, oferecendo aos operadores acesso a ferramentas sofisticadas, dados de mercado em tempo real e uma experi\u00eancia de negocia\u00e7\u00e3o perfeita em v\u00e1rios dispositivos. Essa integra\u00e7\u00e3o reflete seu compromisso em fornecer ambientes de negocia\u00e7\u00e3o de alto n\u00edvel e suporte para seus operadores.<\/p>","protected":false},"excerpt":{"rendered":"<p>The DXTrade Connector enables you to leverage all the built-in strategies of the HFT Arbitrage Platform on the DXTrade platform. It fully emulates manual trading without compromising speed. This connector is compatible with any broker or proprietary trading firm that supports the DXTrade platform. [&#8230;]<\/p>\n<p><a class=\"btn btn-secondary conversions-read-more-link\" href=\"https:\/\/hftarbitrageplatform.com\/pt\/product\/dxtrade-connector\/\">Read More&#8230;<\/a><\/p>\n","protected":false},"featured_media":2796,"comment_status":"open","ping_status":"closed","template":"","meta":{"_acf_changed":false},"product_brand":[],"product_cat":[130],"product_tag":[162,163],"class_list":{"0":"post-2795","1":"product","2":"type-product","3":"status-publish","4":"has-post-thumbnail","6":"product_cat-arbitrage-software-add-ons","7":"product_tag-dx-trade","8":"product_tag-ftmo","10":"first","11":"instock","12":"downloadable","13":"virtual","14":"sold-individually","15":"purchasable","16":"product-type-simple"},"acf":[],"yoast_head":"<!-- This site is optimized with the Yoast SEO plugin v27.4 - https:\/\/yoast.com\/product\/yoast-seo-wordpress\/ -->\n<title>APIGateway - DXTrade connector for HFT Arbitrage Platform - HFT Arbitrage Platfrom -Arbitrage Software for Forex &amp; Cryptocurrencies Markets<\/title>\n<meta name=\"robots\" content=\"index, follow, max-snippet:-1, max-image-preview:large, max-video-preview:-1\" \/>\n<link rel=\"canonical\" href=\"https:\/\/hftarbitrageplatform.com\/pt\/produto\/conector-dxtrade\/\" \/>\n<meta property=\"og:locale\" content=\"pt_BR\" \/>\n<meta property=\"og:type\" content=\"article\" \/>\n<meta property=\"og:title\" content=\"APIGateway - DXTrade connector for HFT Arbitrage Platform - HFT Arbitrage Platfrom -Arbitrage Software for Forex &amp; Cryptocurrencies Markets\" \/>\n<meta property=\"og:description\" content=\"The DXTrade Connector enables you to leverage all the built-in strategies of the HFT Arbitrage Platform on the DXTrade platform. It fully emulates manual trading without compromising speed. This connector is compatible with any broker or proprietary trading firm that supports the DXTrade platform. [...]Read More...\" \/>\n<meta property=\"og:url\" content=\"https:\/\/hftarbitrageplatform.com\/pt\/produto\/conector-dxtrade\/\" \/>\n<meta property=\"og:site_name\" content=\"HFT Arbitrage Platfrom -Arbitrage Software for Forex &amp; Cryptocurrencies Markets\" \/>\n<meta property=\"article:modified_time\" content=\"2025-12-27T17:31:41+00:00\" \/>\n<meta property=\"og:image\" content=\"https:\/\/i0.wp.com\/hftarbitrageplatform.com\/wp-content\/uploads\/2024\/05\/dxtrade-box.png?fit=1024%2C1024&ssl=1\" \/>\n\t<meta property=\"og:image:width\" content=\"1024\" \/>\n\t<meta property=\"og:image:height\" content=\"1024\" \/>\n\t<meta property=\"og:image:type\" content=\"image\/png\" \/>\n<meta name=\"twitter:card\" content=\"summary_large_image\" \/>\n<meta name=\"twitter:label1\" content=\"Est. tempo de leitura\" \/>\n\t<meta name=\"twitter:data1\" content=\"2 minutos\" \/>\n<script type=\"application\/ld+json\" class=\"yoast-schema-graph\">{\"@context\":\"https:\\\/\\\/schema.org\",\"@graph\":[{\"@type\":\"WebPage\",\"@id\":\"https:\\\/\\\/hftarbitrageplatform.com\\\/ar\\\/product\\\/%d9%85%d9%88%d8%b5%d9%84-dxtrade\\\/\",\"url\":\"https:\\\/\\\/hftarbitrageplatform.com\\\/ar\\\/product\\\/%d9%85%d9%88%d8%b5%d9%84-dxtrade\\\/\",\"name\":\"APIGateway - DXTrade connector for HFT Arbitrage Platform - HFT Arbitrage Platfrom -Arbitrage Software for Forex &amp; Cryptocurrencies Markets\",\"isPartOf\":{\"@id\":\"https:\\\/\\\/hftarbitrageplatform.com\\\/#website\"},\"primaryImageOfPage\":{\"@id\":\"https:\\\/\\\/hftarbitrageplatform.com\\\/ar\\\/product\\\/%d9%85%d9%88%d8%b5%d9%84-dxtrade\\\/#primaryimage\"},\"image\":{\"@id\":\"https:\\\/\\\/hftarbitrageplatform.com\\\/ar\\\/product\\\/%d9%85%d9%88%d8%b5%d9%84-dxtrade\\\/#primaryimage\"},\"thumbnailUrl\":\"https:\\\/\\\/i0.wp.com\\\/hftarbitrageplatform.com\\\/wp-content\\\/uploads\\\/2024\\\/05\\\/dxtrade-box.png?fit=1024%2C1024&ssl=1\",\"datePublished\":\"2024-05-27T20:08:01+00:00\",\"dateModified\":\"2025-12-27T17:31:41+00:00\",\"breadcrumb\":{\"@id\":\"https:\\\/\\\/hftarbitrageplatform.com\\\/ar\\\/product\\\/%d9%85%d9%88%d8%b5%d9%84-dxtrade\\\/#breadcrumb\"},\"inLanguage\":\"pt-BR\",\"potentialAction\":[{\"@type\":\"ReadAction\",\"target\":[\"https:\\\/\\\/hftarbitrageplatform.com\\\/ar\\\/product\\\/%d9%85%d9%88%d8%b5%d9%84-dxtrade\\\/\"]}]},{\"@type\":\"ImageObject\",\"inLanguage\":\"pt-BR\",\"@id\":\"https:\\\/\\\/hftarbitrageplatform.com\\\/ar\\\/product\\\/%d9%85%d9%88%d8%b5%d9%84-dxtrade\\\/#primaryimage\",\"url\":\"https:\\\/\\\/i0.wp.com\\\/hftarbitrageplatform.com\\\/wp-content\\\/uploads\\\/2024\\\/05\\\/dxtrade-box.png?fit=1024%2C1024&ssl=1\",\"contentUrl\":\"https:\\\/\\\/i0.wp.com\\\/hftarbitrageplatform.com\\\/wp-content\\\/uploads\\\/2024\\\/05\\\/dxtrade-box.png?fit=1024%2C1024&ssl=1\",\"width\":1024,\"height\":1024,\"caption\":\"dxtrade box\"},{\"@type\":\"BreadcrumbList\",\"@id\":\"https:\\\/\\\/hftarbitrageplatform.com\\\/ar\\\/product\\\/%d9%85%d9%88%d8%b5%d9%84-dxtrade\\\/#breadcrumb\",\"itemListElement\":[{\"@type\":\"ListItem\",\"position\":1,\"name\":\"Home\",\"item\":\"https:\\\/\\\/hftarbitrageplatform.com\\\/\"},{\"@type\":\"ListItem\",\"position\":2,\"name\":\"Shop\",\"item\":\"https:\\\/\\\/hftarbitrageplatform.com\\\/en\\\/shop\\\/\"},{\"@type\":\"ListItem\",\"position\":3,\"name\":\"APIGateway &#8211; DXTrade connector for HFT Arbitrage Platform\"}]},{\"@type\":\"WebSite\",\"@id\":\"https:\\\/\\\/hftarbitrageplatform.com\\\/#website\",\"url\":\"https:\\\/\\\/hftarbitrageplatform.com\\\/\",\"name\":\"HFT Arbitrage Platfrom -Arbitrage Software for Forex &amp; Cryptocurrencies Markets\",\"description\":\"Multi-platforms and Multi-Strategies HFT Arbitrage Bot\",\"publisher\":{\"@id\":\"https:\\\/\\\/hftarbitrageplatform.com\\\/#organization\"},\"potentialAction\":[{\"@type\":\"SearchAction\",\"target\":{\"@type\":\"EntryPoint\",\"urlTemplate\":\"https:\\\/\\\/hftarbitrageplatform.com\\\/?s={search_term_string}\"},\"query-input\":{\"@type\":\"PropertyValueSpecification\",\"valueRequired\":true,\"valueName\":\"search_term_string\"}}],\"inLanguage\":\"pt-BR\"},{\"@type\":\"Organization\",\"@id\":\"https:\\\/\\\/hftarbitrageplatform.com\\\/#organization\",\"name\":\"HFT Arbitrage Platfrom -Arbitrage Software for Forex &amp; Cryptocurrencies Markets\",\"url\":\"https:\\\/\\\/hftarbitrageplatform.com\\\/\",\"logo\":{\"@type\":\"ImageObject\",\"inLanguage\":\"pt-BR\",\"@id\":\"https:\\\/\\\/hftarbitrageplatform.com\\\/#\\\/schema\\\/logo\\\/image\\\/\",\"url\":\"https:\\\/\\\/i0.wp.com\\\/hftarbitrageplatform.com\\\/wp-content\\\/uploads\\\/2022\\\/06\\\/cropped-hft-arbitrage-platfromLogo.png?fit=500%2C93&ssl=1\",\"contentUrl\":\"https:\\\/\\\/i0.wp.com\\\/hftarbitrageplatform.com\\\/wp-content\\\/uploads\\\/2022\\\/06\\\/cropped-hft-arbitrage-platfromLogo.png?fit=500%2C93&ssl=1\",\"width\":500,\"height\":93,\"caption\":\"HFT Arbitrage Platfrom -Arbitrage Software for Forex &amp; Cryptocurrencies Markets\"},\"image\":{\"@id\":\"https:\\\/\\\/hftarbitrageplatform.com\\\/#\\\/schema\\\/logo\\\/image\\\/\"}}]}<\/script>\n<!-- \/ Yoast SEO plugin. -->","yoast_head_json":{"title":"APIGateway - Conector DXTrade para a plataforma de arbitragem HFT - Plataforma de arbitragem HFT - Software de arbitragem para os mercados de Forex e criptomoedas","robots":{"index":"index","follow":"follow","max-snippet":"max-snippet:-1","max-image-preview":"max-image-preview:large","max-video-preview":"max-video-preview:-1"},"canonical":"https:\/\/hftarbitrageplatform.com\/pt\/produto\/conector-dxtrade\/","og_locale":"pt_BR","og_type":"article","og_title":"APIGateway - DXTrade connector for HFT Arbitrage Platform - HFT Arbitrage Platfrom -Arbitrage Software for Forex &amp; Cryptocurrencies Markets","og_description":"The DXTrade Connector enables you to leverage all the built-in strategies of the HFT Arbitrage Platform on the DXTrade platform. It fully emulates manual trading without compromising speed. This connector is compatible with any broker or proprietary trading firm that supports the DXTrade platform. [...]Read More...","og_url":"https:\/\/hftarbitrageplatform.com\/pt\/produto\/conector-dxtrade\/","og_site_name":"HFT Arbitrage Platfrom -Arbitrage Software for Forex &amp; Cryptocurrencies Markets","article_modified_time":"2025-12-27T17:31:41+00:00","og_image":[{"width":1024,"height":1024,"url":"https:\/\/i0.wp.com\/hftarbitrageplatform.com\/wp-content\/uploads\/2024\/05\/dxtrade-box.png?fit=1024%2C1024&ssl=1","type":"image\/png"}],"twitter_card":"summary_large_image","twitter_misc":{"Est. tempo de leitura":"2 minutos"},"schema":{"@context":"https:\/\/schema.org","@graph":[{"@type":"WebPage","@id":"https:\/\/hftarbitrageplatform.com\/ar\/product\/%d9%85%d9%88%d8%b5%d9%84-dxtrade\/","url":"https:\/\/hftarbitrageplatform.com\/ar\/product\/%d9%85%d9%88%d8%b5%d9%84-dxtrade\/","name":"APIGateway - Conector DXTrade para a plataforma de arbitragem HFT - Plataforma de arbitragem HFT - Software de arbitragem para os mercados de Forex e criptomoedas","isPartOf":{"@id":"https:\/\/hftarbitrageplatform.com\/#website"},"primaryImageOfPage":{"@id":"https:\/\/hftarbitrageplatform.com\/ar\/product\/%d9%85%d9%88%d8%b5%d9%84-dxtrade\/#primaryimage"},"image":{"@id":"https:\/\/hftarbitrageplatform.com\/ar\/product\/%d9%85%d9%88%d8%b5%d9%84-dxtrade\/#primaryimage"},"thumbnailUrl":"https:\/\/i0.wp.com\/hftarbitrageplatform.com\/wp-content\/uploads\/2024\/05\/dxtrade-box.png?fit=1024%2C1024&ssl=1","datePublished":"2024-05-27T20:08:01+00:00","dateModified":"2025-12-27T17:31:41+00:00","breadcrumb":{"@id":"https:\/\/hftarbitrageplatform.com\/ar\/product\/%d9%85%d9%88%d8%b5%d9%84-dxtrade\/#breadcrumb"},"inLanguage":"pt-BR","potentialAction":[{"@type":"ReadAction","target":["https:\/\/hftarbitrageplatform.com\/ar\/product\/%d9%85%d9%88%d8%b5%d9%84-dxtrade\/"]}]},{"@type":"ImageObject","inLanguage":"pt-BR","@id":"https:\/\/hftarbitrageplatform.com\/ar\/product\/%d9%85%d9%88%d8%b5%d9%84-dxtrade\/#primaryimage","url":"https:\/\/i0.wp.com\/hftarbitrageplatform.com\/wp-content\/uploads\/2024\/05\/dxtrade-box.png?fit=1024%2C1024&ssl=1","contentUrl":"https:\/\/i0.wp.com\/hftarbitrageplatform.com\/wp-content\/uploads\/2024\/05\/dxtrade-box.png?fit=1024%2C1024&ssl=1","width":1024,"height":1024,"caption":"dxtrade box"},{"@type":"BreadcrumbList","@id":"https:\/\/hftarbitrageplatform.com\/ar\/product\/%d9%85%d9%88%d8%b5%d9%84-dxtrade\/#breadcrumb","itemListElement":[{"@type":"ListItem","position":1,"name":"Home","item":"https:\/\/hftarbitrageplatform.com\/"},{"@type":"ListItem","position":2,"name":"Shop","item":"https:\/\/hftarbitrageplatform.com\/en\/shop\/"},{"@type":"ListItem","position":3,"name":"APIGateway &#8211; DXTrade connector for HFT Arbitrage Platform"}]},{"@type":"WebSite","@id":"https:\/\/hftarbitrageplatform.com\/#website","url":"https:\/\/hftarbitrageplatform.com\/","name":"HFT Arbitrage Platfrom - Software de arbitragem para mercados de Forex e criptomoedas","description":"Bot de arbitragem HFT multiplataformas e multiestrat\u00e9gias","publisher":{"@id":"https:\/\/hftarbitrageplatform.com\/#organization"},"potentialAction":[{"@type":"SearchAction","target":{"@type":"EntryPoint","urlTemplate":"https:\/\/hftarbitrageplatform.com\/?s={search_term_string}"},"query-input":{"@type":"PropertyValueSpecification","valueRequired":true,"valueName":"search_term_string"}}],"inLanguage":"pt-BR"},{"@type":"Organization","@id":"https:\/\/hftarbitrageplatform.com\/#organization","name":"HFT Arbitrage Platfrom - Software de arbitragem para mercados de Forex e criptomoedas","url":"https:\/\/hftarbitrageplatform.com\/","logo":{"@type":"ImageObject","inLanguage":"pt-BR","@id":"https:\/\/hftarbitrageplatform.com\/#\/schema\/logo\/image\/","url":"https:\/\/i0.wp.com\/hftarbitrageplatform.com\/wp-content\/uploads\/2022\/06\/cropped-hft-arbitrage-platfromLogo.png?fit=500%2C93&ssl=1","contentUrl":"https:\/\/i0.wp.com\/hftarbitrageplatform.com\/wp-content\/uploads\/2022\/06\/cropped-hft-arbitrage-platfromLogo.png?fit=500%2C93&ssl=1","width":500,"height":93,"caption":"HFT Arbitrage Platfrom -Arbitrage Software for Forex &amp; Cryptocurrencies Markets"},"image":{"@id":"https:\/\/hftarbitrageplatform.com\/#\/schema\/logo\/image\/"}}]}},"jetpack_sharing_enabled":true,"_links":{"self":[{"href":"https:\/\/hftarbitrageplatform.com\/pt\/wp-json\/wp\/v2\/product\/2795","targetHints":{"allow":["GET"]}}],"collection":[{"href":"https:\/\/hftarbitrageplatform.com\/pt\/wp-json\/wp\/v2\/product"}],"about":[{"href":"https:\/\/hftarbitrageplatform.com\/pt\/wp-json\/wp\/v2\/types\/product"}],"replies":[{"embeddable":true,"href":"https:\/\/hftarbitrageplatform.com\/pt\/wp-json\/wp\/v2\/comments?post=2795"}],"wp:featuredmedia":[{"embeddable":true,"href":"https:\/\/hftarbitrageplatform.com\/pt\/wp-json\/wp\/v2\/media\/2796"}],"wp:attachment":[{"href":"https:\/\/hftarbitrageplatform.com\/pt\/wp-json\/wp\/v2\/media?parent=2795"}],"wp:term":[{"taxonomy":"product_brand","embeddable":true,"href":"https:\/\/hftarbitrageplatform.com\/pt\/wp-json\/wp\/v2\/product_brand?post=2795"},{"taxonomy":"product_cat","embeddable":true,"href":"https:\/\/hftarbitrageplatform.com\/pt\/wp-json\/wp\/v2\/product_cat?post=2795"},{"taxonomy":"product_tag","embeddable":true,"href":"https:\/\/hftarbitrageplatform.com\/pt\/wp-json\/wp\/v2\/product_tag?post=2795"}],"curies":[{"name":"wp","href":"https:\/\/api.w.org\/{rel}","templated":true}]}}